{"id":23187,"date":"2013-10-01T13:09:17","date_gmt":"2013-10-01T11:09:17","guid":{"rendered":"http:\/\/www.libraria-occitana.org\/all-products\/parli-occitan-manual-diniciacion-edicion-lengadociana-libre-cd?lang=en"},"modified":"2026-04-25T23:06:16","modified_gmt":"2026-04-25T21:06:16","slug":"parli-occitan-manual-diniciacion-edicion-lengadociana","status":"publish","type":"product","link":"https:\/\/www.libraria-occitana.org\/en\/product\/parli-occitan-manual-diniciacion-edicion-lengadociana\/","title":{"rendered":"Parli occitan, Edicion lengadociana : Manual d&#8217;iniciacion"},"content":{"rendered":"<p>Cette petite m\u00e9thode d&#8217;occitan est certainement moins ambitieuse que d&#8217;autres, qui existent actuellement. Mais dans sa modestie, elle r\u00e9pond cependant \u00e0 une demande pr\u00e9cise, souvent manifest\u00e9e lors des stages : celle d&#8217;un outil simple, classique et progressif d&#8217;apprentissage de notre langue. On nous pardonnera donc ce qu&#8217;elle peut avoir de traditionnel, dans sa forme comme dans son contenu. Elle est en effet destin\u00e9e surtout aux \u00e9coles primaires, secteur trop n\u00e9glig\u00e9 jusqu&#8217;ici de l&#8217;enseignement de l&#8217;occitan, et pourtant essentiel !<\/p>\n<p>Elle est destin\u00e9e aussi aux isol\u00e9s, aux \u00ab faidits \u00bb qui ont souvent tout \u00e0 r\u00e9apprendre ; nous esp\u00e9rons que leur enthousiasme leur permettra de faire de rapides progr\u00e8s dans ce languedocien de base : il est comme la clef des dialectes authentiques, dont il doit permettre la reconqu\u00eate, et aussi un &#8220;marchepied&#8221; facile pour passer d&#8217;un dialecte \u00e0 l&#8217;autre.<br \/>\n[&#8230;]<\/p>\n<p style=\"text-align: right;\">Joan Rigosta<\/p>\n<p>Pour accompagner la m\u00e9thode de Jean Rigouste, l\u2019IEO Cantal a enregistr\u00e9 un <a href=\"https:\/\/www.libraria-occitana.org\/produit\/parli-occitan-edicion-lengadociana-cd\/\">CD des le\u00e7ons et lectures du livre<\/a> (nord-languedocien).<\/p>\n","protected":false},"excerpt":{"rendered":"<p>Cette petite m\u00e9thode d&#8217;occitan est certainement moins ambitieuse que d&#8217;autres, qui existent actuellement. Mais dans sa modestie, elle r\u00e9pond cependant \u00e0 une demande pr\u00e9cise, souvent manifest\u00e9e lors des stages : celle d&#8217;un outil simple, classique et progressif d&#8217;apprentissage de notre langue. On nous pardonnera donc ce qu&#8217;elle peut avoir de traditionnel, dans sa forme comme [&hellip;]<\/p>\n","protected":false},"featured_media":23188,"template":"","meta":{"_acf_changed":false,"_genesis_hide_title":false,"_genesis_hide_breadcrumbs":false,"_genesis_hide_singular_image":false,"_genesis_hide_footer_widgets":false,"_genesis_custom_body_class":"","_genesis_custom_post_class":"","_genesis_layout":""},"product_brand":[],"product_cat":[7132,7142,7136],"product_tag":[],"class_list":{"0":"post-23187","1":"product","2":"type-product","3":"status-publish","4":"has-post-thumbnail","6":"product_cat-books","7":"product_cat-course-books-en","8":"product_cat-dictionaries-language-educational-en","9":"pa_auteur-rigosta-joan-en","10":"pa_editeur-ieo-fr-en","11":"pa_illustrateur-challand-ives-en","12":"pa_langue-occitan-lengadocian-en","13":"pa_langue-occitan-francais-en","14":"entry","16":"first","17":"instock","18":"shipping-taxable","19":"purchasable","20":"product-type-simple"},"acf":[],"_links":{"self":[{"href":"https:\/\/www.libraria-occitana.org\/en\/wp-json\/wp\/v2\/product\/23187","targetHints":{"allow":["GET"]}}],"collection":[{"href":"https:\/\/www.libraria-occitana.org\/en\/wp-json\/wp\/v2\/product"}],"about":[{"href":"https:\/\/www.libraria-occitana.org\/en\/wp-json\/wp\/v2\/types\/product"}],"wp:featuredmedia":[{"embeddable":true,"href":"https:\/\/www.libraria-occitana.org\/en\/wp-json\/wp\/v2\/media\/23188"}],"wp:attachment":[{"href":"https:\/\/www.libraria-occitana.org\/en\/wp-json\/wp\/v2\/media?parent=23187"}],"wp:term":[{"taxonomy":"product_brand","embeddable":true,"href":"https:\/\/www.libraria-occitana.org\/en\/wp-json\/wp\/v2\/product_brand?post=23187"},{"taxonomy":"product_cat","embeddable":true,"href":"https:\/\/www.libraria-occitana.org\/en\/wp-json\/wp\/v2\/product_cat?post=23187"},{"taxonomy":"product_tag","embeddable":true,"href":"https:\/\/www.libraria-occitana.org\/en\/wp-json\/wp\/v2\/product_tag?post=23187"}],"curies":[{"name":"wp","href":"https:\/\/api.w.org\/{rel}","templated":true}]}}