{"id":23191,"date":"2013-10-01T11:22:13","date_gmt":"2013-10-01T10:22:13","guid":{"rendered":"http:\/\/www.libraria-occitana.org\/all-products\/les-eveques-de-tulle-de-1317-a-aujourdhui-lemouzi-n206-bis?lang=en"},"modified":"2026-04-25T06:51:50","modified_gmt":"2026-04-25T04:51:50","slug":"les-eveques-de-tulle-de-1317-a-aujourdhui-lemouzi-n206-bis","status":"publish","type":"product","link":"https:\/\/www.libraria-occitana.org\/en\/product\/les-eveques-de-tulle-de-1317-a-aujourdhui-lemouzi-n206-bis\/","title":{"rendered":"Les \u00e9v\u00eaques de Tulle : De 1317 \u00e0 aujourd&#8217;hui \/ Lemouzi N\u00b0206 bis"},"content":{"rendered":"<p>Sp\u00e9cialiste d&#8217;histoire religieuse, Jean-Paul Duquesnoy nous propose ici un panorama \u00e0 la fois pr\u00e9cis et \u00e9rudit de la personnalit\u00e9 et de l&#8217;\u0153uvre de nos \u00e9v\u00eaques.<\/p>\n<p>En effet, de c\u00e9l\u00e8bres pr\u00e9d\u00e9cesseurs avaient trait\u00e9 de l&#8217;histoire du dioc\u00e8se de Tulle depuis son origine en 1317 jusqu&#8217;au d\u00e9but du XXe si\u00e8cle sans envisager cette perspective de recherche novatrice, d\u00e9couvreuse d&#8217;in\u00e9dits et correctrice d&#8217;erreurs !<br \/>\nLe pr\u00e9sent ouvrage comble donc nombre de lacunes : des origines \u00e0 aujourd&#8217;hui, en 2013, il \u00e9tablit la biographie des 55 \u00e9v\u00eaques, avec, dans chaque notice, les sources archivistiques et la bibliographie essentielle, le blason du pr\u00e9lat, sa signature, son portrait et ses actes.<br \/>\nL&#8217;expos\u00e9 est, d&#8217;ailleurs, compl\u00e9t\u00e9 par des \u00e9tudes traitant des relations des \u00e9v\u00eaques avec leur clerg\u00e9 et leurs dioc\u00e9sains.<\/p>\n<p>Un fort volume de 272 pages, avec un avant-propos de Mgr Bernard Charrier, \u00e9v\u00eaque de Tulle, une postface de M. le majoral Robert Joudoux sur Jean-No\u00ebl Coste (1751-1796), cur\u00e9 de Hautefage, administrateur en exil du dioc\u00e8se pendant la R\u00e9volution, de nombreuses illustrations en couleurs&#8230;<\/p>\n","protected":false},"excerpt":{"rendered":"<p>Sp\u00e9cialiste d&#8217;histoire religieuse, Jean-Paul Duquesnoy nous propose ici un panorama \u00e0 la fois pr\u00e9cis et \u00e9rudit de la personnalit\u00e9 et de l&#8217;\u0153uvre de nos \u00e9v\u00eaques. En effet, de c\u00e9l\u00e8bres pr\u00e9d\u00e9cesseurs avaient trait\u00e9 de l&#8217;histoire du dioc\u00e8se de Tulle depuis son origine en 1317 jusqu&#8217;au d\u00e9but du XXe si\u00e8cle sans envisager cette perspective de recherche novatrice, [&hellip;]<\/p>\n","protected":false},"featured_media":23192,"template":"","meta":{"_acf_changed":false,"_genesis_hide_title":false,"_genesis_hide_breadcrumbs":false,"_genesis_hide_singular_image":false,"_genesis_hide_footer_widgets":false,"_genesis_custom_body_class":"","_genesis_custom_post_class":"","_genesis_layout":""},"product_brand":[],"product_cat":[7132,7148,7158],"product_tag":[],"class_list":{"0":"post-23191","1":"product","2":"type-product","3":"status-publish","4":"has-post-thumbnail","6":"product_cat-books","7":"product_cat-history-geography-en","8":"product_cat-modern-and-contemporary-history-en","9":"pa_auteur-duquesnoy-jean-paul-en","10":"pa_editeur-lemouzi-en","11":"pa_langue-francais-en","12":"entry","14":"first","15":"instock","16":"shipping-taxable","17":"purchasable","18":"product-type-simple"},"acf":[],"_links":{"self":[{"href":"https:\/\/www.libraria-occitana.org\/en\/wp-json\/wp\/v2\/product\/23191","targetHints":{"allow":["GET"]}}],"collection":[{"href":"https:\/\/www.libraria-occitana.org\/en\/wp-json\/wp\/v2\/product"}],"about":[{"href":"https:\/\/www.libraria-occitana.org\/en\/wp-json\/wp\/v2\/types\/product"}],"wp:featuredmedia":[{"embeddable":true,"href":"https:\/\/www.libraria-occitana.org\/en\/wp-json\/wp\/v2\/media\/23192"}],"wp:attachment":[{"href":"https:\/\/www.libraria-occitana.org\/en\/wp-json\/wp\/v2\/media?parent=23191"}],"wp:term":[{"taxonomy":"product_brand","embeddable":true,"href":"https:\/\/www.libraria-occitana.org\/en\/wp-json\/wp\/v2\/product_brand?post=23191"},{"taxonomy":"product_cat","embeddable":true,"href":"https:\/\/www.libraria-occitana.org\/en\/wp-json\/wp\/v2\/product_cat?post=23191"},{"taxonomy":"product_tag","embeddable":true,"href":"https:\/\/www.libraria-occitana.org\/en\/wp-json\/wp\/v2\/product_tag?post=23191"}],"curies":[{"name":"wp","href":"https:\/\/api.w.org\/{rel}","templated":true}]}}