{"id":23201,"date":"2013-08-01T09:09:21","date_gmt":"2013-08-01T08:09:21","guid":{"rendered":"http:\/\/www.libraria-occitana.org\/all-products\/vocabulari-occitan-2?lang=en"},"modified":"2026-04-29T00:46:17","modified_gmt":"2026-04-28T22:46:17","slug":"vocabulari-occitan-2","status":"publish","type":"product","link":"https:\/\/www.libraria-occitana.org\/en\/product\/vocabulari-occitan-2\/","title":{"rendered":"Vocabulari occitan"},"content":{"rendered":"<p>Enfin une nouvelle \u00e9dition du <em>Vocabulari occitan<\/em> !<\/p>\n<p>Tel le vin de garde qui se bonifie en vieillissant, le <em>Vocabulari occitan<\/em> d&#8217;Andr\u00e9 Lagarde repara\u00eet aujourd&#8217;hui dans une version renouvel\u00e9e et enrichie tout en demeurant fid\u00e8le \u00e0 ses origines.<\/p>\n<p>Depuis plus de quarante ans, c&#8217;est un outil simple et efficace qui a rendu et rendra encore de grands services \u00e0 tous ceux qui d\u00e9sirent apprendre l&#8217;occitan. Mais il sera \u00e9galement utile \u00e0 ceux qui, pratiquant d\u00e9j\u00e0 la langue, recherchent le sens d&#8217;un mot ou d&#8217;une expression m\u00e9connue.<\/p>\n","protected":false},"excerpt":{"rendered":"<p>Enfin une nouvelle \u00e9dition du Vocabulari occitan ! Tel le vin de garde qui se bonifie en vieillissant, le Vocabulari occitan d&#8217;Andr\u00e9 Lagarde repara\u00eet aujourd&#8217;hui dans une version renouvel\u00e9e et enrichie tout en demeurant fid\u00e8le \u00e0 ses origines. Depuis plus de quarante ans, c&#8217;est un outil simple et efficace qui a rendu et rendra encore [&hellip;]<\/p>\n","protected":false},"featured_media":23202,"template":"","meta":{"_acf_changed":false,"_genesis_hide_title":false,"_genesis_hide_breadcrumbs":false,"_genesis_hide_singular_image":false,"_genesis_hide_footer_widgets":false,"_genesis_custom_body_class":"","_genesis_custom_post_class":"","_genesis_layout":""},"product_brand":[],"product_cat":[7132,7136,7146],"product_tag":[],"class_list":{"0":"post-23201","1":"product","2":"type-product","3":"status-publish","4":"has-post-thumbnail","6":"product_cat-books","7":"product_cat-dictionaries-language-educational-en","8":"product_cat-vocabulary-idioms-en","9":"pa_auteur-lagarda-andrieu-en","10":"pa_editeur-letras-doc-en","11":"pa_langue-occitan-lengadocian-en","12":"pa_langue-occitan-francais-en","13":"entry","15":"first","16":"instock","17":"shipping-taxable","18":"purchasable","19":"product-type-simple"},"acf":[],"_links":{"self":[{"href":"https:\/\/www.libraria-occitana.org\/en\/wp-json\/wp\/v2\/product\/23201","targetHints":{"allow":["GET"]}}],"collection":[{"href":"https:\/\/www.libraria-occitana.org\/en\/wp-json\/wp\/v2\/product"}],"about":[{"href":"https:\/\/www.libraria-occitana.org\/en\/wp-json\/wp\/v2\/types\/product"}],"wp:featuredmedia":[{"embeddable":true,"href":"https:\/\/www.libraria-occitana.org\/en\/wp-json\/wp\/v2\/media\/23202"}],"wp:attachment":[{"href":"https:\/\/www.libraria-occitana.org\/en\/wp-json\/wp\/v2\/media?parent=23201"}],"wp:term":[{"taxonomy":"product_brand","embeddable":true,"href":"https:\/\/www.libraria-occitana.org\/en\/wp-json\/wp\/v2\/product_brand?post=23201"},{"taxonomy":"product_cat","embeddable":true,"href":"https:\/\/www.libraria-occitana.org\/en\/wp-json\/wp\/v2\/product_cat?post=23201"},{"taxonomy":"product_tag","embeddable":true,"href":"https:\/\/www.libraria-occitana.org\/en\/wp-json\/wp\/v2\/product_tag?post=23201"}],"curies":[{"name":"wp","href":"https:\/\/api.w.org\/{rel}","templated":true}]}}