{"id":23205,"date":"2013-07-01T19:12:51","date_gmt":"2013-07-01T17:12:51","guid":{"rendered":"http:\/\/www.libraria-occitana.org\/all-products\/3651-devinettes?lang=en"},"modified":"2024-07-05T00:02:09","modified_gmt":"2024-07-04T22:02:09","slug":"3651-devinettes","status":"publish","type":"product","link":"https:\/\/www.libraria-occitana.org\/en\/product\/3651-devinettes\/","title":{"rendered":"365+1 Devinettes"},"content":{"rendered":"<p>Ce recueil bilingue est tout d&#8217;abord con\u00e7u pour le plaisir de jouer. Le classement m\u00ealant plusieurs formes de devinettes, privil\u00e9gie l&#8217;aspect ludique de chaque page. Surprendre, amuser, interroger, inciter \u00e0 la curiosit\u00e9, donner envie de transmettre, \u00e0 tout \u00e2ge et dans n&#8217;importe quelle situation, voil\u00e0 l&#8217;objectif de ces devinettes. Jouer comme on le faisait aux veill\u00e9es, \u00e0 la surench\u00e8re, ou par associations d&#8217;id\u00e9es, semblait plus dr\u00f4le. Cette disposition est plus proche de la pratique de ce patrimoine oral. Les sp\u00e9cialistes se d\u00e9brouillaient pour poser \u00e0 toute la famille, enfants ou adultes, des devinettes, au quotidien, \u00e0 propos des objets courants, mais aussi dans les situations les plus inattendues, et sur des sujets les plus saugrenus. Elle en a gard\u00e9 des souvenirs de grande connivence, de joyeuses d\u00e9couvertes, et le go\u00fbt des jeux de langue. Elle a tenu \u00e0 continuer cette tradition.<\/p>\n","protected":false},"excerpt":{"rendered":"<p>Ce recueil bilingue est tout d&#8217;abord con\u00e7u pour le plaisir de jouer. Le classement m\u00ealant plusieurs formes de devinettes, privil\u00e9gie l&#8217;aspect ludique de chaque page. Surprendre, amuser, interroger, inciter \u00e0 la curiosit\u00e9, donner envie de transmettre, \u00e0 tout \u00e2ge et dans n&#8217;importe quelle situation, voil\u00e0 l&#8217;objectif de ces devinettes. Jouer comme on le faisait aux [&hellip;]<\/p>\n","protected":false},"featured_media":36269,"template":"","meta":{"_acf_changed":false,"_genesis_hide_title":false,"_genesis_hide_breadcrumbs":false,"_genesis_hide_singular_image":false,"_genesis_hide_footer_widgets":false,"_genesis_custom_body_class":"","_genesis_custom_post_class":"","_genesis_layout":""},"product_brand":[],"product_cat":[7132,7164,7166],"product_tag":[],"class_list":{"0":"post-23205","1":"product","2":"type-product","3":"status-publish","4":"has-post-thumbnail","6":"product_cat-books","7":"product_cat-juvenile-and-teen-comics-humour-en","8":"product_cat-teen-en","9":"pa_auteur-barillot-maryvonne-en","10":"pa_editeur-geste-en","11":"entry","13":"first","14":"outofstock","15":"shipping-taxable","16":"purchasable","17":"product-type-simple"},"acf":[],"_links":{"self":[{"href":"https:\/\/www.libraria-occitana.org\/en\/wp-json\/wp\/v2\/product\/23205","targetHints":{"allow":["GET"]}}],"collection":[{"href":"https:\/\/www.libraria-occitana.org\/en\/wp-json\/wp\/v2\/product"}],"about":[{"href":"https:\/\/www.libraria-occitana.org\/en\/wp-json\/wp\/v2\/types\/product"}],"wp:featuredmedia":[{"embeddable":true,"href":"https:\/\/www.libraria-occitana.org\/en\/wp-json\/wp\/v2\/media\/36269"}],"wp:attachment":[{"href":"https:\/\/www.libraria-occitana.org\/en\/wp-json\/wp\/v2\/media?parent=23205"}],"wp:term":[{"taxonomy":"product_brand","embeddable":true,"href":"https:\/\/www.libraria-occitana.org\/en\/wp-json\/wp\/v2\/product_brand?post=23205"},{"taxonomy":"product_cat","embeddable":true,"href":"https:\/\/www.libraria-occitana.org\/en\/wp-json\/wp\/v2\/product_cat?post=23205"},{"taxonomy":"product_tag","embeddable":true,"href":"https:\/\/www.libraria-occitana.org\/en\/wp-json\/wp\/v2\/product_tag?post=23205"}],"curies":[{"name":"wp","href":"https:\/\/api.w.org\/{rel}","templated":true}]}}