{"id":23225,"date":"2013-06-01T14:15:52","date_gmt":"2013-06-01T12:15:52","guid":{"rendered":"http:\/\/www.libraria-occitana.org\/all-products\/au-pais-de-la-gata-blanca-contes-populars?lang=en"},"modified":"2026-04-26T01:01:48","modified_gmt":"2026-04-25T23:01:48","slug":"au-pais-de-la-gata-blanca-contes-populars","status":"publish","type":"product","link":"https:\/\/www.libraria-occitana.org\/en\/product\/au-pais-de-la-gata-blanca-contes-populars\/","title":{"rendered":"Au pa\u00eds de la gata blanca : Contes populars"},"content":{"rendered":"<p><strong>[oc]<\/strong><br \/>\nDe cap a las annadas 1900, Antonin Perb\u00f2sc, regent a Combarog\u00e8r en Lomanha, que cuelh\u00f3 dab los mainats de l\u2019esc\u00f2la prim\u00e0ria deu vilatge establits en societat escolara ua garba de contes populars en occitan gascon.<\/p>\n<p>Aquera cuelhuda de contes, de las mes b\u00e8ras e completas qui sian estadas h\u00e8itas en pa\u00eds d\u2019\u00f2c, n\u2019\u00e8ra pas jam\u00e9s estada publicada dens la soa lenga d\u2019origina e n\u2019\u00e8ra pas tanp\u00f2c jam\u00e9s estada publicada dens la soa integralitat, de l\u2019a dinc a l\u2019iz\u00e8da.<\/p>\n<p>La nosta edicion que v\u00f2u donc hicar en plea lutz lo tribalh etnografic m\u00e0ger de Perb\u00f2sc. Tau plaser deus legedors, solide, mes tanben t\u00e0 que los contaires e posquian putzar a la hont t\u00e0 tornar balhar vita, uei lo dia, aus contes amassats peus mainats lomanh\u00f2us jos la direccion de Perb\u00f2sc.<br \/>\nUa garba de 115 contes meravilh\u00f3s, contes de b\u00e8stias, peguessas, contes tad arr\u00edder, j\u00f2cs de lenga, istu\u00e8ras e benalejas\u2026<\/p>\n<p>Edicion establida per Josiana Bru e Joan Eygun.<\/p>\n<p><strong>[fr]<\/strong><br \/>\nAu d\u00e9but des ann\u00e9es 1900, Antonin Perbosc, instituteur \u00e0 Comberouger en Tarn-et-Garonne, collecte avec l&#8217;aide de ses \u00e9l\u00e8ves de l&#8217;\u00e9cole primaire du village rassembl\u00e9s dans une soci\u00e9t\u00e9 scolaire, une vaste moisson de contes populaires dans la langue du pays, l&#8217;occitan gascon.<\/p>\n<p>Cette collecte de contes, parmi les plus importantes de celles r\u00e9alis\u00e9es en pays d&#8217;oc, n&#8217;avait jamais \u00e9t\u00e9 publi\u00e9e dans sa langue d&#8217;origine ni dans son int\u00e9gralit\u00e9.<\/p>\n<p>L&#8217;\u00e9dition procur\u00e9e par Josiane Bru et Jean Eygun met donc en pleine lumi\u00e8re ce magifique travail ethnografique jusqu&#8217;ici en grande partie in\u00e9dit. Pour le plus grand plaisir des lecteurs, tout d&#8217;abord, mais aussi dans l&#8217;espoir que les conteurs viennent s&#8217;abreuver \u00e0 cette source pour redonner vie \u00e0 l&#8217;avenir \u00e0 ces contes rassembl\u00e9s par les enfants de Lomagne sous la direction de Perbosc.<\/p>\n","protected":false},"excerpt":{"rendered":"<p>[oc] De cap a las annadas 1900, Antonin Perb\u00f2sc, regent a Combarog\u00e8r en Lomanha, que cuelh\u00f3 dab los mainats de l\u2019esc\u00f2la prim\u00e0ria deu vilatge establits en societat escolara ua garba de contes populars en occitan gascon. Aquera cuelhuda de contes, de las mes b\u00e8ras e completas qui sian estadas h\u00e8itas en pa\u00eds d\u2019\u00f2c, n\u2019\u00e8ra pas [&hellip;]<\/p>\n","protected":false},"featured_media":21482,"template":"","meta":{"_acf_changed":false,"_genesis_hide_title":false,"_genesis_hide_breadcrumbs":false,"_genesis_hide_singular_image":false,"_genesis_hide_footer_widgets":false,"_genesis_custom_body_class":"","_genesis_custom_post_class":"","_genesis_layout":""},"product_brand":[],"product_cat":[7132,7174,7176],"product_tag":[],"class_list":{"0":"post-23225","1":"product","2":"type-product","3":"status-publish","4":"has-post-thumbnail","6":"product_cat-books","7":"product_cat-literature-en","8":"product_cat-tales-fables-en","9":"pa_auteur-perbosc-antonin-en","10":"pa_editeur-letras-doc-en","11":"pa_illustrateur-bru-josiana-bru-josiane-en","12":"pa_illustrateur-eygun-joan-eygun-jean-en","13":"pa_langue-occitan-en","14":"pa_langue-occitan-gascon-en","15":"entry","17":"first","18":"instock","19":"shipping-taxable","20":"purchasable","21":"product-type-simple"},"acf":[],"_links":{"self":[{"href":"https:\/\/www.libraria-occitana.org\/en\/wp-json\/wp\/v2\/product\/23225","targetHints":{"allow":["GET"]}}],"collection":[{"href":"https:\/\/www.libraria-occitana.org\/en\/wp-json\/wp\/v2\/product"}],"about":[{"href":"https:\/\/www.libraria-occitana.org\/en\/wp-json\/wp\/v2\/types\/product"}],"wp:featuredmedia":[{"embeddable":true,"href":"https:\/\/www.libraria-occitana.org\/en\/wp-json\/wp\/v2\/media\/21482"}],"wp:attachment":[{"href":"https:\/\/www.libraria-occitana.org\/en\/wp-json\/wp\/v2\/media?parent=23225"}],"wp:term":[{"taxonomy":"product_brand","embeddable":true,"href":"https:\/\/www.libraria-occitana.org\/en\/wp-json\/wp\/v2\/product_brand?post=23225"},{"taxonomy":"product_cat","embeddable":true,"href":"https:\/\/www.libraria-occitana.org\/en\/wp-json\/wp\/v2\/product_cat?post=23225"},{"taxonomy":"product_tag","embeddable":true,"href":"https:\/\/www.libraria-occitana.org\/en\/wp-json\/wp\/v2\/product_tag?post=23225"}],"curies":[{"name":"wp","href":"https:\/\/api.w.org\/{rel}","templated":true}]}}