{"id":23229,"date":"2013-05-01T17:58:46","date_gmt":"2013-05-01T15:58:46","guid":{"rendered":"http:\/\/www.libraria-occitana.org\/all-products\/vautres-que-mavetz-tuada?lang=en"},"modified":"2026-04-02T22:01:08","modified_gmt":"2026-04-02T20:01:08","slug":"vautres-que-mavetz-tuada","status":"publish","type":"product","link":"https:\/\/www.libraria-occitana.org\/en\/product\/vautres-que-mavetz-tuada\/","title":{"rendered":"Vautres que m&#8217;avetz tuada"},"content":{"rendered":"<p>\u00ab Lo medecin Cabanel era un bel \u00f2me. Grand, espatlut, los piaus enquera blonds bien ondulats, fasi\u00e1 pas sa seissantena. Sos uelhs blues espiavan los dos \u00f2mes de l&#8217;autre costat de son bureu, cilhas fruncidas, segurament en causa de sa chamisa. Era fotuda sa brava chamisa. Dos cr\u00f2s negresits de podra tanben rogesits per un pauc de sang calhat. Dos c\u00f2ps de fu\u00f2c a corta portada. \u00bb<\/p>\n<p>Qui sembla voler tuar tots los medecins de Maraval ? Lo comissari Darnaudguilhem e sa fina c\u00f2la aur\u00e1n bien dau mau a descobrir l&#8217;\u00f2rra veritat.<\/p>\n","protected":false},"excerpt":{"rendered":"<p>\u00ab Lo medecin Cabanel era un bel \u00f2me. Grand, espatlut, los piaus enquera blonds bien ondulats, fasi\u00e1 pas sa seissantena. Sos uelhs blues espiavan los dos \u00f2mes de l&#8217;autre costat de son bureu, cilhas fruncidas, segurament en causa de sa chamisa. Era fotuda sa brava chamisa. Dos cr\u00f2s negresits de podra tanben rogesits per un [&hellip;]<\/p>\n","protected":false},"featured_media":23230,"template":"","meta":{"_acf_changed":false,"_genesis_hide_title":false,"_genesis_hide_breadcrumbs":false,"_genesis_hide_singular_image":false,"_genesis_hide_footer_widgets":false,"_genesis_custom_body_class":"","_genesis_custom_post_class":"","_genesis_layout":""},"product_brand":[],"product_cat":[7132,7174,7182],"product_tag":[],"class_list":{"0":"post-23229","1":"product","2":"type-product","3":"status-publish","4":"has-post-thumbnail","6":"product_cat-books","7":"product_cat-literature-en","8":"product_cat-novels-short-stories-en","9":"pa_auteur-ganhaire-joan-en","10":"pa_editeur-ieo-fr-en","11":"pa_editeur-ieo-perigord-novelum-en","12":"pa_langue-occitan-en","13":"pa_langue-occitan-lemosin-en","14":"entry","16":"first","17":"instock","18":"shipping-taxable","19":"purchasable","20":"product-type-simple"},"acf":[],"_links":{"self":[{"href":"https:\/\/www.libraria-occitana.org\/en\/wp-json\/wp\/v2\/product\/23229","targetHints":{"allow":["GET"]}}],"collection":[{"href":"https:\/\/www.libraria-occitana.org\/en\/wp-json\/wp\/v2\/product"}],"about":[{"href":"https:\/\/www.libraria-occitana.org\/en\/wp-json\/wp\/v2\/types\/product"}],"wp:featuredmedia":[{"embeddable":true,"href":"https:\/\/www.libraria-occitana.org\/en\/wp-json\/wp\/v2\/media\/23230"}],"wp:attachment":[{"href":"https:\/\/www.libraria-occitana.org\/en\/wp-json\/wp\/v2\/media?parent=23229"}],"wp:term":[{"taxonomy":"product_brand","embeddable":true,"href":"https:\/\/www.libraria-occitana.org\/en\/wp-json\/wp\/v2\/product_brand?post=23229"},{"taxonomy":"product_cat","embeddable":true,"href":"https:\/\/www.libraria-occitana.org\/en\/wp-json\/wp\/v2\/product_cat?post=23229"},{"taxonomy":"product_tag","embeddable":true,"href":"https:\/\/www.libraria-occitana.org\/en\/wp-json\/wp\/v2\/product_tag?post=23229"}],"curies":[{"name":"wp","href":"https:\/\/api.w.org\/{rel}","templated":true}]}}