{"id":23233,"date":"2013-05-01T13:03:26","date_gmt":"2013-05-01T12:03:26","guid":{"rendered":"http:\/\/www.libraria-occitana.org\/all-products\/au-coin-du-feu-avec-la-galoche?lang=en"},"modified":"2026-04-27T02:27:08","modified_gmt":"2026-04-27T00:27:08","slug":"au-coin-du-feu-avec-la-galoche","status":"publish","type":"product","link":"https:\/\/www.libraria-occitana.org\/en\/product\/au-coin-du-feu-avec-la-galoche\/","title":{"rendered":"Au coin du feu avec La Galoche"},"content":{"rendered":"<p><strong>Christian Charpentier, Serge Chassagne, Christian Madelmont et Andr\u00e9 Marcou.<\/strong><\/p>\n<p><strong>Titres :<\/strong><br \/>\n1. Valse de Vertoujit (trad) et &#8220;la Chanteixoise&#8221; (C. Charpentier) 3&#8217;48&#8221;<br \/>\n2. Polka du val d&#8217;Ajol (trad) 2&#8217;54&#8221;<br \/>\n3. Scottish du Vicaire (trad) 1&#8217;37&#8221;<br \/>\n4. Mazurka des &#8220;jambes fines&#8221; (C. Charpentier) 3&#8217;04&#8221;<br \/>\n5. Cercle de la belle Julie (trad) : contredanse d\u00e9but 19\u00e8me si\u00e8cle 1&#8217;39&#8221;<br \/>\n6. Suite de bourr\u00e9es 3 temps : la pitialeta et la granda carrada (trad) 2&#8217;43&#8221;<br \/>\n7. Polka piqu\u00e9e la sautillante (trad) 2&#8217;15&#8221;<br \/>\n8. Bourr\u00e9e 2 temps de Condat (trad) 2&#8217;08&#8221;<br \/>\n9. Suite de rondeaux (trad) 2&#8217;31&#8221;<br \/>\n10. Bourr\u00e9e des Grandes Poteries (trad) 2&#8217;41&#8221;<br \/>\n11. Suite de chapelloises (trad) : \u00e0 l&#8217;ombre d&#8217;un ormeau + vaudeville du proc\u00e8s des th\u00e9\u00e2tres 1&#8217;41&#8221;<br \/>\n12. Valse la Fran\u00e7ounette (C. Madelmont) 3&#8217;05&#8221;<br \/>\n13. Scottish de Cluzac (S. Chassagne) 1&#8217;53&#8221;<br \/>\n14. Mazurka &#8220;La fringante&#8221; (C. Charpentier) 2&#8217;47&#8221;<br \/>\n15. Tarentelle italienne (trad) 2&#8217;03&#8221;<br \/>\n16. Valse des roses (trad) 2&#8217;23&#8221;<br \/>\n17. Cercle des 4 coins (trad) 2&#8217;14&#8221;<br \/>\n18. Scottish\/Valse &#8220;La luna raia&#8221; (trad) 2&#8217;39&#8221;<br \/>\n19. Suite de sauti\u00e8res (trad) 2&#8217;02&#8221;<br \/>\n20. Valse le nid de fauvettes (trad d&#8217;apr\u00e8s L\u00e9on Peyrat) 1&#8217;31&#8221;<br \/>\n21. Suite de bourr\u00e9es 3 temps : la bourr\u00e9e des filles et la Pradinoise (trad) 2&#8217;48&#8221;<br \/>\n22. Mazurka du conscrit (trad) 2&#8217;24&#8221;<br \/>\n23. Polka d&#8217;Orliac de Bar (trad) 1&#8217;45&#8221;<br \/>\n24. &#8220;Chant de Saint-Salvadour&#8221; d&#8217;apr\u00e8s L\u00e9on Peyrat &#8211; paroles : C. Charpentier (trad) 2&#8217;09&#8221;<\/p>\n","protected":false},"excerpt":{"rendered":"<p>Christian Charpentier, Serge Chassagne, Christian Madelmont et Andr\u00e9 Marcou. Titres : 1. Valse de Vertoujit (trad) et &#8220;la Chanteixoise&#8221; (C. Charpentier) 3&#8217;48&#8221; 2. Polka du val d&#8217;Ajol (trad) 2&#8217;54&#8221; 3. Scottish du Vicaire (trad) 1&#8217;37&#8221; 4. Mazurka des &#8220;jambes fines&#8221; (C. Charpentier) 3&#8217;04&#8221; 5. Cercle de la belle Julie (trad) : contredanse d\u00e9but 19\u00e8me si\u00e8cle [&hellip;]<\/p>\n","protected":false},"featured_media":23234,"template":"","meta":{"_acf_changed":false,"_genesis_hide_title":false,"_genesis_hide_breadcrumbs":false,"_genesis_hide_singular_image":false,"_genesis_hide_footer_widgets":false,"_genesis_custom_body_class":"","_genesis_custom_post_class":"","_genesis_layout":""},"product_brand":[],"product_cat":[7228,7216],"product_tag":[],"class_list":{"0":"post-23233","1":"product","2":"type-product","3":"status-publish","4":"has-post-thumbnail","6":"product_cat-modern-folk-en","7":"product_cat-music-en","8":"pa_auteur-la-galoche-en","9":"pa_editeur-la-galoche-fr-en","10":"pa_langue-occitan-en","11":"pa_langue-occitan-lemosin-en","12":"entry","14":"first","15":"outofstock","16":"shipping-taxable","17":"purchasable","18":"product-type-simple"},"acf":[],"_links":{"self":[{"href":"https:\/\/www.libraria-occitana.org\/en\/wp-json\/wp\/v2\/product\/23233","targetHints":{"allow":["GET"]}}],"collection":[{"href":"https:\/\/www.libraria-occitana.org\/en\/wp-json\/wp\/v2\/product"}],"about":[{"href":"https:\/\/www.libraria-occitana.org\/en\/wp-json\/wp\/v2\/types\/product"}],"wp:featuredmedia":[{"embeddable":true,"href":"https:\/\/www.libraria-occitana.org\/en\/wp-json\/wp\/v2\/media\/23234"}],"wp:attachment":[{"href":"https:\/\/www.libraria-occitana.org\/en\/wp-json\/wp\/v2\/media?parent=23233"}],"wp:term":[{"taxonomy":"product_brand","embeddable":true,"href":"https:\/\/www.libraria-occitana.org\/en\/wp-json\/wp\/v2\/product_brand?post=23233"},{"taxonomy":"product_cat","embeddable":true,"href":"https:\/\/www.libraria-occitana.org\/en\/wp-json\/wp\/v2\/product_cat?post=23233"},{"taxonomy":"product_tag","embeddable":true,"href":"https:\/\/www.libraria-occitana.org\/en\/wp-json\/wp\/v2\/product_tag?post=23233"}],"curies":[{"name":"wp","href":"https:\/\/api.w.org\/{rel}","templated":true}]}}