{"id":23239,"date":"2013-04-01T18:41:17","date_gmt":"2013-04-01T16:41:17","guid":{"rendered":"http:\/\/www.libraria-occitana.org\/all-products\/arnaut-daniel-joglar-orfevre-et-maistro?lang=en"},"modified":"2026-04-18T00:26:58","modified_gmt":"2026-04-17T22:26:58","slug":"arnaut-daniel-joglar-orfevre-et-maistro","status":"publish","type":"product","link":"https:\/\/www.libraria-occitana.org\/en\/product\/arnaut-daniel-joglar-orfevre-et-maistro\/","title":{"rendered":"Arnaut Daniel : Joglar, orf\u00e8vre et ma\u00edstro"},"content":{"rendered":"<p style=\"text-align: left;\">Arnaut Daniel, troubadour de Rib\u00e9rac, v\u00e9cut entre les ann\u00e9es 1150 et 1210. Salu\u00e9 et imit\u00e9 par Dante et P\u00e9trarque, il est connu et reconnu au sein des troubadours comme le prince de la recherche formelle. Mais cet orf\u00e8vre du <em>trobar<\/em> est aussi un merveilleux chanteur de l\u2019amour, de cet amour parfait qui le fait s\u2019am\u00e9liorer et s\u2019affiner en m\u00eame temps que la mati\u00e8re de ses po\u00e8mes. Il est aussi ce joueur jonglant avec les contraintes et les contrastes. Ainsi, en approchant au plus pr\u00e8s sa c\u00e9l\u00e8bre sextine, en balan\u00e7ant avec ses autres chants entre pure courtoisie et obsc\u00e9nit\u00e9 rieuse, en explorant les nuances de ses m\u00e9lodies, en mesurant l\u2019importance de son influence, partons \u00e0 la rencontre de cet amasseur de vent, de ce nageur \u00e0 contre-courant pour apprendre \u00e0 chasser \u00e0 sa mani\u00e8re.<\/p>\n<p style=\"text-align: right;\">Katy Bernard, pr\u00e9sidente de <em>Trobadas<\/em><\/p>\n<p><strong>Somari :<\/strong><br \/>\n&#8211;\u00a0\u00ab Qual p\u00f2t nadar contra corrent ? Qui peut nager \u00e0 contre courant \u00bb par Katy Bernard, Universit\u00e9 Bordeaux III, pr\u00e9sidente de <em>Trobadas<\/em><br \/>\n&#8211; Aragon \u00e0 Rib\u00e9rac : les le\u00e7ons d&#8217;Arnaut Daniel par Guy Latry, Universit\u00e9 Bordeaux III<br \/>\n&#8211; La sextine d&#8217;Arnaut Daniel : pour une traduction po\u00e9tique des troubadours par Pierre Bec, professeur \u00e9m\u00e9rite, Universit\u00e9 de Poitiers ; suivi de sa sextine <em>Entau trobador Arnaud Daniel, sus las paraulas de la famosa sestina<\/em><br \/>\n&#8211; Arnaut Daniel, un troubadour de renomm\u00e9e internationale par Maurizio Perugi, Universit\u00e9 de Gen\u00e8ve (Suisse)<br \/>\n&#8211; Arnaut Daniel, ma\u00eetre du <em>cornar ric<\/em> par Dominique Pauvert, professeur agr\u00e9g\u00e9 d&#8217;histoire, docteur en histoire de l&#8217;art<br \/>\n&#8211; Le c\u00f4t\u00e9 musical d&#8217;Arnaut Daniel : remarques sur les structures strophiques de ses chansons par Francesco Carapezza, Universit\u00e9 de Palerme (Italie)<br \/>\n&#8211;\u00a0\u00ab A Peiregos pres del muraill \u00bb : liens litt\u00e9raires entre voisins (Arnaut et Bertran) par Massimiliano De Conca, Mantova (Italie)<br \/>\n&#8211; Arnaut Daniel parle-t-il portugais ? par Roy Rosenstein, The American University of Paris<br \/>\n&#8211; L&#8217;art po\u00e9tique d&#8217;Arnaut Daniel par Dominique Billy, Universit\u00e9 de Toulouse<br \/>\n&#8211; Arnaut Daniel : l&#8217;\u00e9trange destin de la <em>canson<\/em> \u2018Lo ferm voler\u2019 par Jacques Roubaud, math\u00e9maticien, po\u00e8te, ancien directeur d&#8217;\u00e9tudes \u00e0 l&#8217;EHESS<br \/>\n&#8211; Conclusions de la <em>Trobada<\/em> par Walter Meliga, Universit\u00e9 de Turin (Italie), Pr\u00e9sident de l&#8217;AIEO<br \/>\n&#8211; De Blaye \u00e0 Rib\u00e9rac, <em>canson e sonet<\/em> par Jean-Pierre Lacombe, po\u00e8te laur\u00e9at du Prix Jaufre Rudel 2011<\/p>\n","protected":false},"excerpt":{"rendered":"<p>Arnaut Daniel, troubadour de Rib\u00e9rac, v\u00e9cut entre les ann\u00e9es 1150 et 1210. Salu\u00e9 et imit\u00e9 par Dante et P\u00e9trarque, il est connu et reconnu au sein des troubadours comme le prince de la recherche formelle. Mais cet orf\u00e8vre du trobar est aussi un merveilleux chanteur de l\u2019amour, de cet amour parfait qui le fait s\u2019am\u00e9liorer [&hellip;]<\/p>\n","protected":false},"featured_media":36281,"template":"","meta":{"_acf_changed":false,"_genesis_hide_title":false,"_genesis_hide_breadcrumbs":false,"_genesis_hide_singular_image":false,"_genesis_hide_footer_widgets":false,"_genesis_custom_body_class":"","_genesis_custom_post_class":"","_genesis_layout":""},"product_brand":[],"product_cat":[7188,7132,7174],"product_tag":[],"class_list":{"0":"post-23239","1":"product","2":"type-product","3":"status-publish","4":"has-post-thumbnail","6":"product_cat-arts-studies-en","7":"product_cat-books","8":"product_cat-literature-en","9":"pa_auteur-collectiu-en-2","10":"pa_editeur-carrefour-ventadour-fr-en","11":"pa_langue-francais-en","12":"entry","14":"first","15":"instock","16":"shipping-taxable","17":"purchasable","18":"product-type-simple"},"acf":[],"_links":{"self":[{"href":"https:\/\/www.libraria-occitana.org\/en\/wp-json\/wp\/v2\/product\/23239","targetHints":{"allow":["GET"]}}],"collection":[{"href":"https:\/\/www.libraria-occitana.org\/en\/wp-json\/wp\/v2\/product"}],"about":[{"href":"https:\/\/www.libraria-occitana.org\/en\/wp-json\/wp\/v2\/types\/product"}],"wp:featuredmedia":[{"embeddable":true,"href":"https:\/\/www.libraria-occitana.org\/en\/wp-json\/wp\/v2\/media\/36281"}],"wp:attachment":[{"href":"https:\/\/www.libraria-occitana.org\/en\/wp-json\/wp\/v2\/media?parent=23239"}],"wp:term":[{"taxonomy":"product_brand","embeddable":true,"href":"https:\/\/www.libraria-occitana.org\/en\/wp-json\/wp\/v2\/product_brand?post=23239"},{"taxonomy":"product_cat","embeddable":true,"href":"https:\/\/www.libraria-occitana.org\/en\/wp-json\/wp\/v2\/product_cat?post=23239"},{"taxonomy":"product_tag","embeddable":true,"href":"https:\/\/www.libraria-occitana.org\/en\/wp-json\/wp\/v2\/product_tag?post=23239"}],"curies":[{"name":"wp","href":"https:\/\/api.w.org\/{rel}","templated":true}]}}