{"id":23248,"date":"2013-04-01T11:21:52","date_gmt":"2013-04-01T10:21:52","guid":{"rendered":"http:\/\/www.libraria-occitana.org\/all-products\/la-fete-des-ponts-limoges-1906-1914?lang=en"},"modified":"2026-04-26T01:47:05","modified_gmt":"2026-04-25T23:47:05","slug":"la-fete-des-ponts-limoges-1906-1914","status":"publish","type":"product","link":"https:\/\/www.libraria-occitana.org\/en\/product\/la-fete-des-ponts-limoges-1906-1914\/","title":{"rendered":"La f\u00eate des ponts : Limoges 1906-1914"},"content":{"rendered":"<p>Le 21 ao\u00fbt 1906, on pouvait lire dans le Populaire du Centre, un compte-rendu intitul\u00e9 \u201cLa f\u00eate du Pont Saint-\u00c9tienne\u201d qui commen\u00e7ait par les mots suivants :<br \/>\n\u201cRarement f\u00eate eut tant de succ\u00e8s que celle organis\u00e9e au pont Saint-\u00c9tienne. Une immense foule s\u2019\u00e9tait rendue dans ces vieux quartiers pour assister aux diverses r\u00e9jouissances inscrites au programme : et sp\u00e9cialement aux courses de bateaux sur la Vienne. Les d\u00e9corations \u00e9taient parfaites, le coup d\u2019\u0153il splendide.<\/p>\n<p>Il \u00e9tait fort curieux d\u2019admirer, du haut de la rue du Pont, cette foule compacte s\u2019agitant lentement, en colonne serr\u00e9e, sur le vieux pont Saint-\u00c9tienne.\u201d<br \/>\nPendant huit ann\u00e9es le succ\u00e8s des grandes f\u00eates nautiques organis\u00e9es par la jeune association des Enfants de la Vienne, au c\u0153ur du quartier ouvrier des Pont de Limoges, n\u2019allait cesser de grandir, jusqu\u2019\u00e0 ce qu\u2019\u00e9clate la guerre de Quatorze\u2026 Nous vous convions ici \u00e0 la c\u00e9l\u00e9bration en images et en mots de ces festivit\u00e9s qui ont laiss\u00e9 dans la ville un souvenir imp\u00e9rissable.<\/p>\n<p>Introduction de la deuxi\u00e8me partie par Jean-Fran\u00e7ois Vignaud en occitan limousin (avec la traduction fran\u00e7aise).<\/p>\n","protected":false},"excerpt":{"rendered":"<p>Le 21 ao\u00fbt 1906, on pouvait lire dans le Populaire du Centre, un compte-rendu intitul\u00e9 \u201cLa f\u00eate du Pont Saint-\u00c9tienne\u201d qui commen\u00e7ait par les mots suivants : \u201cRarement f\u00eate eut tant de succ\u00e8s que celle organis\u00e9e au pont Saint-\u00c9tienne. Une immense foule s\u2019\u00e9tait rendue dans ces vieux quartiers pour assister aux diverses r\u00e9jouissances inscrites au [&hellip;]<\/p>\n","protected":false},"featured_media":36284,"template":"","meta":{"_acf_changed":false,"_genesis_hide_title":false,"_genesis_hide_breadcrumbs":false,"_genesis_hide_singular_image":false,"_genesis_hide_footer_widgets":false,"_genesis_custom_body_class":"","_genesis_custom_post_class":"","_genesis_layout":""},"product_brand":[],"product_cat":[7132,7148,7158],"product_tag":[],"class_list":{"0":"post-23248","1":"product","2":"type-product","3":"status-publish","4":"has-post-thumbnail","6":"product_cat-books","7":"product_cat-history-geography-en","8":"product_cat-modern-and-contemporary-history-en","9":"pa_auteur-cavaille-jean-pierre-en","10":"pa_editeur-ieo-lemosin-en-2","11":"pa_langue-francais-en","12":"entry","14":"first","15":"instock","16":"shipping-taxable","17":"purchasable","18":"product-type-simple"},"acf":[],"_links":{"self":[{"href":"https:\/\/www.libraria-occitana.org\/en\/wp-json\/wp\/v2\/product\/23248","targetHints":{"allow":["GET"]}}],"collection":[{"href":"https:\/\/www.libraria-occitana.org\/en\/wp-json\/wp\/v2\/product"}],"about":[{"href":"https:\/\/www.libraria-occitana.org\/en\/wp-json\/wp\/v2\/types\/product"}],"wp:featuredmedia":[{"embeddable":true,"href":"https:\/\/www.libraria-occitana.org\/en\/wp-json\/wp\/v2\/media\/36284"}],"wp:attachment":[{"href":"https:\/\/www.libraria-occitana.org\/en\/wp-json\/wp\/v2\/media?parent=23248"}],"wp:term":[{"taxonomy":"product_brand","embeddable":true,"href":"https:\/\/www.libraria-occitana.org\/en\/wp-json\/wp\/v2\/product_brand?post=23248"},{"taxonomy":"product_cat","embeddable":true,"href":"https:\/\/www.libraria-occitana.org\/en\/wp-json\/wp\/v2\/product_cat?post=23248"},{"taxonomy":"product_tag","embeddable":true,"href":"https:\/\/www.libraria-occitana.org\/en\/wp-json\/wp\/v2\/product_tag?post=23248"}],"curies":[{"name":"wp","href":"https:\/\/api.w.org\/{rel}","templated":true}]}}