{"id":23275,"date":"2013-12-01T14:48:49","date_gmt":"2013-12-01T13:48:49","guid":{"rendered":"http:\/\/www.libraria-occitana.org\/all-products\/co-ditz-la-pes-nuts-libre-2-cd?lang=en"},"modified":"2026-04-12T00:21:44","modified_gmt":"2026-04-11T22:21:44","slug":"co-ditz-la-pes-nuts-libre-2-cd","status":"publish","type":"product","link":"https:\/\/www.libraria-occitana.org\/en\/product\/co-ditz-la-pes-nuts-libre-2-cd\/","title":{"rendered":"\u00c7\u00f2-ditz la P\u00e8s-Nuts (libre + 2 CD)"},"content":{"rendered":"<p>\u00ab\u00a0Entau, la P\u00e8s-Nuts, la lebre de chas nos, a passat dins ma vita. I es venguda, e ne&#8217;n es surtida coma totjorn, sus la poncha daus p\u00e8s. Las ist\u00f2rias que &#8216;la me contet an fait se levar en io daus ressons de mai en mai dolor\u00f3s e ai compr\u00e9s que dins quilhs sornes racontes, era question nonmas de io, io, lo dr\u00f2lle mau aimat, l&#8217;\u00f2me solitari e maujauvent que degun li avi\u00e1 ausat parlar.\u00a0\u00bb<\/p>\n<p>Que ven far quela lebre auprep de quel \u00f2me que sembla amistonar ? Simplament li contar quauquas ist\u00f2rias, cronicas estranjas o espaurissablas de lor pa\u00eds, o lo for\u00e7ar a espiar au mai prifond de sa mem\u00f2ria ente son esconduts tant de meschants sovenirs e d&#8217;\u00f2rres secrets ?<\/p>\n<p>Emb cinc ist\u00f2rias reculhidas o viscudas dins sa vita de medecin de campanha, l&#8217;autor tre\u00e7a autorn d&#8217;una vita d&#8217;\u00f2me un raconte ente viol\u00e9ncia e sovenirs se boiran d&#8217;un biais pivelant.<\/p>\n","protected":false},"excerpt":{"rendered":"<p>\u00ab\u00a0Entau, la P\u00e8s-Nuts, la lebre de chas nos, a passat dins ma vita. I es venguda, e ne&#8217;n es surtida coma totjorn, sus la poncha daus p\u00e8s. Las ist\u00f2rias que &#8216;la me contet an fait se levar en io daus ressons de mai en mai dolor\u00f3s e ai compr\u00e9s que dins quilhs sornes racontes, era [&hellip;]<\/p>\n","protected":false},"featured_media":23276,"template":"","meta":{"_acf_changed":false,"_genesis_hide_title":false,"_genesis_hide_breadcrumbs":false,"_genesis_hide_singular_image":false,"_genesis_hide_footer_widgets":false,"_genesis_custom_body_class":"","_genesis_custom_post_class":"","_genesis_layout":""},"product_brand":[],"product_cat":[7132,7174,7182],"product_tag":[],"class_list":{"0":"post-23275","1":"product","2":"type-product","3":"status-publish","4":"has-post-thumbnail","6":"product_cat-books","7":"product_cat-literature-en","8":"product_cat-novels-short-stories-en","9":"pa_auteur-ganhaire-joan-en","10":"pa_editeur-ieo-perigord-novelum-en","11":"pa_langue-occitan-en","12":"pa_langue-occitan-lemosin-en","13":"entry","15":"first","16":"instock","17":"shipping-taxable","18":"purchasable","19":"product-type-simple"},"acf":[],"_links":{"self":[{"href":"https:\/\/www.libraria-occitana.org\/en\/wp-json\/wp\/v2\/product\/23275","targetHints":{"allow":["GET"]}}],"collection":[{"href":"https:\/\/www.libraria-occitana.org\/en\/wp-json\/wp\/v2\/product"}],"about":[{"href":"https:\/\/www.libraria-occitana.org\/en\/wp-json\/wp\/v2\/types\/product"}],"wp:featuredmedia":[{"embeddable":true,"href":"https:\/\/www.libraria-occitana.org\/en\/wp-json\/wp\/v2\/media\/23276"}],"wp:attachment":[{"href":"https:\/\/www.libraria-occitana.org\/en\/wp-json\/wp\/v2\/media?parent=23275"}],"wp:term":[{"taxonomy":"product_brand","embeddable":true,"href":"https:\/\/www.libraria-occitana.org\/en\/wp-json\/wp\/v2\/product_brand?post=23275"},{"taxonomy":"product_cat","embeddable":true,"href":"https:\/\/www.libraria-occitana.org\/en\/wp-json\/wp\/v2\/product_cat?post=23275"},{"taxonomy":"product_tag","embeddable":true,"href":"https:\/\/www.libraria-occitana.org\/en\/wp-json\/wp\/v2\/product_tag?post=23275"}],"curies":[{"name":"wp","href":"https:\/\/api.w.org\/{rel}","templated":true}]}}