{"id":23307,"date":"2014-05-01T17:54:33","date_gmt":"2014-05-01T16:54:33","guid":{"rendered":"http:\/\/www.libraria-occitana.org\/all-products\/gerbe-baude?lang=en"},"modified":"2026-04-29T11:07:25","modified_gmt":"2026-04-29T09:07:25","slug":"gerbe-baude","status":"publish","type":"product","link":"https:\/\/www.libraria-occitana.org\/en\/product\/gerbe-baude\/","title":{"rendered":"Gerbe baude"},"content":{"rendered":"<p>\u00c9t\u00e9 1940. Entra\u00een\u00e9 dans la d\u00e9b\u00e2cle, Olivier, un jeune citadin, est embauch\u00e9 dans une ferme du Limousin et suscite bient\u00f4t admiration et jalousie pour sa force et son acharnement au travail. Mais quel est donc le secret qu&#8217;il semble tra\u00eener derri\u00e8re lui et qui le met en marge de la soci\u00e9t\u00e9 paysanne, effarouchant m\u00eame l&#8217;impr\u00e9visible Rina, d&#8217;abord s\u00e9duite par cet homme diff\u00e9rent ?<\/p>\n<p>\u00c0 la veille de la gerbe-baude, le grand repas qui f\u00eate la fin des moissons, un corps est retrouv\u00e9 dans l&#8217;\u00e9tang.<\/p>\n<p>Le coupable est tout trouv\u00e9, d&#8217;autant que, sans m\u00eame savoir de quoi on l&#8217;accuse, le gar\u00e7on a pris la fuite \u00e0 l&#8217;approche des gendarmes.<\/p>\n<p>Alors, s&#8217;excluant lui-m\u00eame pour une faute pass\u00e9e qui le hante, il va vivre en traqu\u00e9 dans la for\u00eat, affam\u00e9, \u00e9puis\u00e9, au bord de la folie, poursuivi davantage par un remords que par les hommes. Et quand on d\u00e9couvre qu&#8217;il n&#8217;est pour rien dans le crime dont on l&#8217;accuse, il est trop tard&#8230;<\/p>\n<p>Situ\u00e9 dans un temps o\u00f9 l&#8217;exaltation du travail de la terre vient compenser la honte de la d\u00e9faite, ce roman de l&#8217;exclusion, habit\u00e9 pourtant de belles figures paysannes, r\u00e9v\u00e8le toutes les contradictions d&#8217;un monde qui s&#8217;ach\u00e8ve.<\/p>\n","protected":false},"excerpt":{"rendered":"<p>\u00c9t\u00e9 1940. Entra\u00een\u00e9 dans la d\u00e9b\u00e2cle, Olivier, un jeune citadin, est embauch\u00e9 dans une ferme du Limousin et suscite bient\u00f4t admiration et jalousie pour sa force et son acharnement au travail. Mais quel est donc le secret qu&#8217;il semble tra\u00eener derri\u00e8re lui et qui le met en marge de la soci\u00e9t\u00e9 paysanne, effarouchant m\u00eame l&#8217;impr\u00e9visible [&hellip;]<\/p>\n","protected":false},"featured_media":23308,"template":"","meta":{"_acf_changed":false,"_genesis_hide_title":false,"_genesis_hide_breadcrumbs":false,"_genesis_hide_singular_image":false,"_genesis_hide_footer_widgets":false,"_genesis_custom_body_class":"","_genesis_custom_post_class":"","_genesis_layout":""},"product_brand":[],"product_cat":[7132,7174,7182],"product_tag":[],"class_list":{"0":"post-23307","1":"product","2":"type-product","3":"status-publish","4":"has-post-thumbnail","6":"product_cat-books","7":"product_cat-literature-en","8":"product_cat-novels-short-stories-en","9":"pa_auteur-magnane-georges-en","10":"pa_editeur-maiade-en","11":"pa_langue-francais-en","12":"entry","14":"first","15":"instock","16":"shipping-taxable","17":"purchasable","18":"product-type-simple"},"acf":[],"_links":{"self":[{"href":"https:\/\/www.libraria-occitana.org\/en\/wp-json\/wp\/v2\/product\/23307","targetHints":{"allow":["GET"]}}],"collection":[{"href":"https:\/\/www.libraria-occitana.org\/en\/wp-json\/wp\/v2\/product"}],"about":[{"href":"https:\/\/www.libraria-occitana.org\/en\/wp-json\/wp\/v2\/types\/product"}],"wp:featuredmedia":[{"embeddable":true,"href":"https:\/\/www.libraria-occitana.org\/en\/wp-json\/wp\/v2\/media\/23308"}],"wp:attachment":[{"href":"https:\/\/www.libraria-occitana.org\/en\/wp-json\/wp\/v2\/media?parent=23307"}],"wp:term":[{"taxonomy":"product_brand","embeddable":true,"href":"https:\/\/www.libraria-occitana.org\/en\/wp-json\/wp\/v2\/product_brand?post=23307"},{"taxonomy":"product_cat","embeddable":true,"href":"https:\/\/www.libraria-occitana.org\/en\/wp-json\/wp\/v2\/product_cat?post=23307"},{"taxonomy":"product_tag","embeddable":true,"href":"https:\/\/www.libraria-occitana.org\/en\/wp-json\/wp\/v2\/product_tag?post=23307"}],"curies":[{"name":"wp","href":"https:\/\/api.w.org\/{rel}","templated":true}]}}