{"id":23311,"date":"2014-05-01T16:12:10","date_gmt":"2014-05-01T15:12:10","guid":{"rendered":"http:\/\/www.libraria-occitana.org\/all-products\/port-2?lang=en"},"modified":"2026-04-03T03:56:08","modified_gmt":"2026-04-03T01:56:08","slug":"port-2","status":"publish","type":"product","link":"https:\/\/www.libraria-occitana.org\/en\/product\/port-2\/","title":{"rendered":"Port"},"content":{"rendered":"<p><strong>Sam Karpienia :<\/strong> chant occitan, mandole<br \/>\n<strong>Ula\u015f \u00d6zdemir :<\/strong> chant turc, saz<br \/>\n<strong>Bijan Chemirani :<\/strong> percussions<\/p>\n<p>N\u00e9 il y a cinq ans, sur la base d\u2019une rencontre entre le r\u00e9pertoire des troubadours occitans et celui des a\u015fiks turcs, Forabandit publie aujourd\u2019hui \u00ab Port \u00bb, un deuxi\u00e8me album confirmant et enrichissant son esth\u00e9tique, tirant profit de la relation dynamique et \u00e9panouie entre Sam Karpienia (chant occitan, mandole), Ula\u015f \u00d6zdemir (chant turc, saz) et Bijan Chemirani (percussions)\u2026 Devenu auteur de ses propres textes, Forabandit versifie l\u2019amour et l\u2019exil pour faire rimer les ports d\u2019Istanbul et de Marseille, \u00e0 travers une dizaine de pi\u00e8ces o\u00f9 se m\u00ealent v\u00e9cu et imaginaire \u2026<\/p>\n<p><strong>[en]<\/strong><br \/>\nSet up five years ago as the outcome of a project bringing together the repertoires of Occitan troubadours and Turkish a\u015fiks, the trio Forabandit is now releasing their second album, entitled \u00ab Port \u00bb. Forbandit\u2019s remarkable and identifiable aesthetics has asserted and enriched itself, drawing from the dynamic, fulfilling relationship between Sam Karpienia (Occitan song, mandole), Ula\u015f \u00d6zdemir (Turkish song, saz) and Bijan Chemirani (percussion). Now the authors of their own lyrics, Forabandit versify love and exile, making the ports of Istanbul and Marseille rhyme in ten pieces that blend the imagination and real-life experience of the trio members.<\/p>\n<p><strong>Titres :<\/strong><\/p>\n<p>1. Mum Olduk 03&#8217;12&#8221;<br \/>\n2. Dil 03&#8217;34&#8221;<br \/>\n3. La Novia Baran\u00ea 03&#8217;39&#8221;<br \/>\n4. Nemidoonem 03&#8217;29&#8221;<br \/>\n5. Tafori 04&#8217;19&#8221;<br \/>\n6. Liman 04&#8217;29&#8221;<br \/>\n7. Monde Marcha 02&#8217;53&#8221;<br \/>\n8. Keywan 04&#8217;52&#8221;<br \/>\n9. Gardas 03&#8217;52&#8221;<br \/>\n10. Lost 03&#8217;45&#8221;<\/p>\n","protected":false},"excerpt":{"rendered":"<p>Sam Karpienia : chant occitan, mandole Ula\u015f \u00d6zdemir : chant turc, saz Bijan Chemirani : percussions N\u00e9 il y a cinq ans, sur la base d\u2019une rencontre entre le r\u00e9pertoire des troubadours occitans et celui des a\u015fiks turcs, Forabandit publie aujourd\u2019hui \u00ab Port \u00bb, un deuxi\u00e8me album confirmant et enrichissant son esth\u00e9tique, tirant profit de [&hellip;]<\/p>\n","protected":false},"featured_media":23312,"template":"","meta":{"_acf_changed":false,"_genesis_hide_title":false,"_genesis_hide_breadcrumbs":false,"_genesis_hide_singular_image":false,"_genesis_hide_footer_widgets":false,"_genesis_custom_body_class":"","_genesis_custom_post_class":"","_genesis_layout":""},"product_brand":[],"product_cat":[7232,7216],"product_tag":[],"class_list":{"0":"post-23311","1":"product","2":"type-product","3":"status-publish","4":"has-post-thumbnail","6":"product_cat-rock-pop-en","7":"product_cat-music-en","8":"pa_auteur-chemirami-bijan-en","9":"pa_auteur-karpienia-sam-en","10":"pa_auteur-ozdemir-ulas-en","11":"pa_editeur-buda-en","12":"pa_langue-autras-lingas-en","13":"pa_langue-occitan-en","14":"pa_langue-occitan-provencau-en","15":"entry","17":"first","18":"instock","19":"shipping-taxable","20":"purchasable","21":"product-type-simple"},"acf":[],"_links":{"self":[{"href":"https:\/\/www.libraria-occitana.org\/en\/wp-json\/wp\/v2\/product\/23311","targetHints":{"allow":["GET"]}}],"collection":[{"href":"https:\/\/www.libraria-occitana.org\/en\/wp-json\/wp\/v2\/product"}],"about":[{"href":"https:\/\/www.libraria-occitana.org\/en\/wp-json\/wp\/v2\/types\/product"}],"wp:featuredmedia":[{"embeddable":true,"href":"https:\/\/www.libraria-occitana.org\/en\/wp-json\/wp\/v2\/media\/23312"}],"wp:attachment":[{"href":"https:\/\/www.libraria-occitana.org\/en\/wp-json\/wp\/v2\/media?parent=23311"}],"wp:term":[{"taxonomy":"product_brand","embeddable":true,"href":"https:\/\/www.libraria-occitana.org\/en\/wp-json\/wp\/v2\/product_brand?post=23311"},{"taxonomy":"product_cat","embeddable":true,"href":"https:\/\/www.libraria-occitana.org\/en\/wp-json\/wp\/v2\/product_cat?post=23311"},{"taxonomy":"product_tag","embeddable":true,"href":"https:\/\/www.libraria-occitana.org\/en\/wp-json\/wp\/v2\/product_tag?post=23311"}],"curies":[{"name":"wp","href":"https:\/\/api.w.org\/{rel}","templated":true}]}}