{"id":23318,"date":"2014-04-01T18:40:03","date_gmt":"2014-04-01T16:40:03","guid":{"rendered":"http:\/\/www.libraria-occitana.org\/all-products\/ballades?lang=en"},"modified":"2026-04-29T06:06:36","modified_gmt":"2026-04-29T04:06:36","slug":"ballades","status":"publish","type":"product","link":"https:\/\/www.libraria-occitana.org\/en\/product\/ballades\/","title":{"rendered":"Ballades"},"content":{"rendered":"<p>Ces <em>Ballades<\/em>, sur un mode traditionnel et l\u00e9gendaire, offrent une approche saisissante de l&#8217;univers int\u00e9rieur de Marcelle Delpastre, entre l&#8217;innocence des origines et le point ultime de tout parcours, de tout cycle naturel : c&#8217;est ici un livre noir o\u00f9 l&#8217;espoir n&#8217;appara\u00eet pas et dont l&#8217;omnipr\u00e9sente conclusion restera pessimiste : \u00ab\u00a0<em>Vie ! Comme tu vivrais [&#8230;] Si tu n&#8217;\u00e9tais la faim \u00e9norme de la mort.<\/em>\u00a0\u00bb<\/p>\n<p>\u00c9crites entre 1959 et 1962, premiers vrais essais po\u00e9tiques de l&#8217;auteur, ces courtes proses contiennent en germe une \u0153uvre qui se d\u00e9veloppera pendant pr\u00e8s de quarante ans dans la plus totale singularit\u00e9 et dans un silence quasi g\u00e9n\u00e9ral. \u0152uvre dont nous ne doutons pas qu&#8217;elle sera un jour reconnue comme l&#8217;une des plus profondes et des plus originales du XXe si\u00e8cle.<\/p>\n<p>Quelques ballades lues par Bernard Comby et Jan dau Melhau peuvent s&#8217;\u00e9couter sur le <a href=\"http:\/\/www.libraria-occitana.org\/produit\/le-chemin-de-feu-ballades\/\">CD Le chemin du feu &#8211; Ballades<\/a>.<\/p>\n","protected":false},"excerpt":{"rendered":"<p>Ces Ballades, sur un mode traditionnel et l\u00e9gendaire, offrent une approche saisissante de l&#8217;univers int\u00e9rieur de Marcelle Delpastre, entre l&#8217;innocence des origines et le point ultime de tout parcours, de tout cycle naturel : c&#8217;est ici un livre noir o\u00f9 l&#8217;espoir n&#8217;appara\u00eet pas et dont l&#8217;omnipr\u00e9sente conclusion restera pessimiste : \u00ab\u00a0Vie ! Comme tu vivrais [&hellip;]<\/p>\n","protected":false},"featured_media":36250,"template":"","meta":{"_acf_changed":false,"_genesis_hide_title":false,"_genesis_hide_breadcrumbs":false,"_genesis_hide_singular_image":false,"_genesis_hide_footer_widgets":false,"_genesis_custom_body_class":"","_genesis_custom_post_class":"","_genesis_layout":""},"product_brand":[],"product_cat":[7132,7174,7180],"product_tag":[],"class_list":{"0":"post-23318","1":"product","2":"type-product","3":"status-publish","4":"has-post-thumbnail","6":"product_cat-books","7":"product_cat-literature-en","8":"product_cat-poetry-en","9":"pa_auteur-delpastre-marcela-en","10":"pa_editeur-plein-chant-en","11":"pa_langue-francais-en","12":"entry","14":"first","15":"instock","16":"shipping-taxable","17":"purchasable","18":"product-type-simple"},"acf":[],"_links":{"self":[{"href":"https:\/\/www.libraria-occitana.org\/en\/wp-json\/wp\/v2\/product\/23318","targetHints":{"allow":["GET"]}}],"collection":[{"href":"https:\/\/www.libraria-occitana.org\/en\/wp-json\/wp\/v2\/product"}],"about":[{"href":"https:\/\/www.libraria-occitana.org\/en\/wp-json\/wp\/v2\/types\/product"}],"wp:featuredmedia":[{"embeddable":true,"href":"https:\/\/www.libraria-occitana.org\/en\/wp-json\/wp\/v2\/media\/36250"}],"wp:attachment":[{"href":"https:\/\/www.libraria-occitana.org\/en\/wp-json\/wp\/v2\/media?parent=23318"}],"wp:term":[{"taxonomy":"product_brand","embeddable":true,"href":"https:\/\/www.libraria-occitana.org\/en\/wp-json\/wp\/v2\/product_brand?post=23318"},{"taxonomy":"product_cat","embeddable":true,"href":"https:\/\/www.libraria-occitana.org\/en\/wp-json\/wp\/v2\/product_cat?post=23318"},{"taxonomy":"product_tag","embeddable":true,"href":"https:\/\/www.libraria-occitana.org\/en\/wp-json\/wp\/v2\/product_tag?post=23318"}],"curies":[{"name":"wp","href":"https:\/\/api.w.org\/{rel}","templated":true}]}}