{"id":23331,"date":"2014-04-01T13:22:27","date_gmt":"2014-04-01T11:22:27","guid":{"rendered":"http:\/\/www.libraria-occitana.org\/all-products\/chaucidas-dins-los-blats?lang=en"},"modified":"2026-04-14T23:31:42","modified_gmt":"2026-04-14T21:31:42","slug":"chaucidas-dins-los-blats","status":"publish","type":"product","link":"https:\/\/www.libraria-occitana.org\/en\/product\/chaucidas-dins-los-blats\/","title":{"rendered":"Chaucidas dins los blats"},"content":{"rendered":"<p>Dempuei <a title=\"Vilajalet \u2013 Villejalet\" href=\"http:\/\/www.libraria-occitana.org\/all-products\/vilajalet-villejalet\"><em>Vilajalet<\/em><\/a>, Jan-Peire Reidi seg sa reja, son sendaron. Dins lo parlar dau Nontrones, que porta naut, se fai tesmonh de \u00e7\u00f2 que visqueren tots los nascuts d&#8217;apr\u00e8s la guerra : la fin darriera dau temps neolitic &#8211; lo temps daus paisants, l&#8217;entrada, a gran bruch de motur, de las campanhas dins la modernitat.<\/p>\n<p>Lo pa\u00eds que, l-i a cent ans, fasia viure dotze familhas de tres quatre generacions (quant de monde !), uei, &#8216;n \u00f2me sol, sus un tractor naut coma &#8216;na maison, lo trabalha e se planh de ne&#8217;n puescher tirar pro revengut.<\/p>\n<p>Las cronicas dau Jan-Peire Reidi, sos retrachs, son biais de parlar daus chens, de las &#8216;belhas, dau vergier, de las&#8230; chaucidas, renden compte de \u00e7\u00f2 que s\u00f2bra de la vielha civilizacion terrenala e de son bancuoladis dins lo f\u00f2ra temps, f\u00f2ra s\u00f2u, f\u00f2ra mem\u00f2ria, que nos ne&#8217;n volen far la n\u00f2rma d&#8217;a\u00fcei.<\/p>\n<p>&#8216;Queu tesmonhatge qu&#8217;es, amai zo siaja sens sundir ni gramenas, lucha contra l&#8217;obluden\u00e7a, emb lo seu ton de mai en mai afortit, nos es precios.<\/p>\n<p>Per lo demai, dins &#8216;queu libre qu&#8217;es boiradis \u2013 coma z&#8217;es la vita \u2013 de tant e tant de chausas, la crana edeia de nos contar totas las maisons ente damoret &#8216;vant de tornar chas ilhs (la mem\u00f2ria d-enguera), e la suspresa, a la fin, d&#8217;un texte d&#8217;una tonalitat tot autra (tot autra ?)&#8230;<\/p>\n","protected":false},"excerpt":{"rendered":"<p>Dempuei Vilajalet, Jan-Peire Reidi seg sa reja, son sendaron. Dins lo parlar dau Nontrones, que porta naut, se fai tesmonh de \u00e7\u00f2 que visqueren tots los nascuts d&#8217;apr\u00e8s la guerra : la fin darriera dau temps neolitic &#8211; lo temps daus paisants, l&#8217;entrada, a gran bruch de motur, de las campanhas dins la modernitat. Lo [&hellip;]<\/p>\n","protected":false},"featured_media":23332,"template":"","meta":{"_acf_changed":false,"_genesis_hide_title":false,"_genesis_hide_breadcrumbs":false,"_genesis_hide_singular_image":false,"_genesis_hide_footer_widgets":false,"_genesis_custom_body_class":"","_genesis_custom_post_class":"","_genesis_layout":""},"product_brand":[],"product_cat":[7132,7174,7182],"product_tag":[],"class_list":{"0":"post-23331","1":"product","2":"type-product","3":"status-publish","4":"has-post-thumbnail","6":"product_cat-books","7":"product_cat-literature-en","8":"product_cat-novels-short-stories-en","9":"pa_auteur-reidi-jan-peire-en","10":"pa_editeur-lo-chamin-de-sent-jaume-en","11":"pa_langue-occitan-en","12":"pa_langue-occitan-lemosin-en","13":"entry","15":"first","16":"instock","17":"shipping-taxable","18":"purchasable","19":"product-type-simple"},"acf":[],"_links":{"self":[{"href":"https:\/\/www.libraria-occitana.org\/en\/wp-json\/wp\/v2\/product\/23331","targetHints":{"allow":["GET"]}}],"collection":[{"href":"https:\/\/www.libraria-occitana.org\/en\/wp-json\/wp\/v2\/product"}],"about":[{"href":"https:\/\/www.libraria-occitana.org\/en\/wp-json\/wp\/v2\/types\/product"}],"wp:featuredmedia":[{"embeddable":true,"href":"https:\/\/www.libraria-occitana.org\/en\/wp-json\/wp\/v2\/media\/23332"}],"wp:attachment":[{"href":"https:\/\/www.libraria-occitana.org\/en\/wp-json\/wp\/v2\/media?parent=23331"}],"wp:term":[{"taxonomy":"product_brand","embeddable":true,"href":"https:\/\/www.libraria-occitana.org\/en\/wp-json\/wp\/v2\/product_brand?post=23331"},{"taxonomy":"product_cat","embeddable":true,"href":"https:\/\/www.libraria-occitana.org\/en\/wp-json\/wp\/v2\/product_cat?post=23331"},{"taxonomy":"product_tag","embeddable":true,"href":"https:\/\/www.libraria-occitana.org\/en\/wp-json\/wp\/v2\/product_tag?post=23331"}],"curies":[{"name":"wp","href":"https:\/\/api.w.org\/{rel}","templated":true}]}}