{"id":23353,"date":"2014-01-01T18:05:55","date_gmt":"2014-01-01T17:05:55","guid":{"rendered":"http:\/\/www.libraria-occitana.org\/all-products\/bombus-musicae?lang=en"},"modified":"2026-04-18T05:11:26","modified_gmt":"2026-04-18T03:11:26","slug":"bombus-musicae","status":"publish","type":"product","link":"https:\/\/www.libraria-occitana.org\/en\/product\/bombus-musicae\/","title":{"rendered":"Bombus Musicae"},"content":{"rendered":"<p>Avec une exp\u00e9rience de plus de 150 concerts depuis une dizaine d&#8217;ann\u00e9es, principalement dans le groupe Brick \u00e0 Drac, il a mis en place un spectacle solo dans lequel la puissance et la sensibilit\u00e9 de la vielle-\u00e0-roue, cornemuse, bourdons, chant et autres percussions sonnent pour votre plus grand plaisir ! Les influences occitanes et m\u00e9di\u00e9vales cr\u00e9ent une alchimie o\u00f9 les moments festifs et dansants c\u00f4toient des moments de r\u00eaverie.<\/p>\n<p>Durant plus d&#8217;une heure, les compositions actuelles et le r\u00e9pertoire traditionnel font voyager le public hors du temps. Les danseurs de bal\u00e9tis occitans pourront c\u00f4toyer les amateurs de musique ancienne aussi bien que les curieux qui d\u00e9sireront s&#8217;approcher au plus pr\u00e8s de ces instruments souvent oubli\u00e9s mais qui ont une place privil\u00e9gi\u00e9e dans notre patrimoine culturel.<\/p>\n<p><strong>Titres :<\/strong><br \/>\n1. La complainte de la gargouille 5\u201911&#8243;<br \/>\n2. Bombus Musicae 4\u201956&#8243;<br \/>\n3. Lo conte Arnau &#8211; La Croisade 4\u201918&#8243;<br \/>\n4. Valsharpa 3\u201930&#8243;<br \/>\n5. La Camba de Feu 3\u201920&#8243;<br \/>\n6. Santa Maria 5\u201912&#8243;<br \/>\n7. Ulysse 4\u201910&#8243;<br \/>\n8. Lo Viatge 3\u201910&#8243;<br \/>\n9. Madmartigan 4\u201904<br \/>\n10. J\u2019ai ma vielle et mon bourdon 4\u201918&#8243;<br \/>\n11. Lo cavalier negre 4\u201935&#8243;<br \/>\n12. Rosas das Rosas 3\u201914&#8243;<br \/>\n13. Henri IV &#8211; Estampie Royale 3\u201951&#8243;<br \/>\n14. 1347 (la Peste Noire) 3\u201918&#8243;<\/p>\n","protected":false},"excerpt":{"rendered":"<p>Avec une exp\u00e9rience de plus de 150 concerts depuis une dizaine d&#8217;ann\u00e9es, principalement dans le groupe Brick \u00e0 Drac, il a mis en place un spectacle solo dans lequel la puissance et la sensibilit\u00e9 de la vielle-\u00e0-roue, cornemuse, bourdons, chant et autres percussions sonnent pour votre plus grand plaisir ! Les influences occitanes et m\u00e9di\u00e9vales [&hellip;]<\/p>\n","protected":false},"featured_media":23354,"template":"","meta":{"_acf_changed":false,"_genesis_hide_title":false,"_genesis_hide_breadcrumbs":false,"_genesis_hide_singular_image":false,"_genesis_hide_footer_widgets":false,"_genesis_custom_body_class":"","_genesis_custom_post_class":"","_genesis_layout":""},"product_brand":[],"product_cat":[7228,7216],"product_tag":[],"class_list":{"0":"post-23353","1":"product","2":"type-product","3":"status-publish","4":"has-post-thumbnail","6":"product_cat-modern-folk-en","7":"product_cat-music-en","8":"pa_auteur-fantin-mathieu-en","9":"pa_editeur-drac-art-prod-en","10":"entry","12":"first","13":"outofstock","14":"shipping-taxable","15":"purchasable","16":"product-type-simple"},"acf":[],"_links":{"self":[{"href":"https:\/\/www.libraria-occitana.org\/en\/wp-json\/wp\/v2\/product\/23353","targetHints":{"allow":["GET"]}}],"collection":[{"href":"https:\/\/www.libraria-occitana.org\/en\/wp-json\/wp\/v2\/product"}],"about":[{"href":"https:\/\/www.libraria-occitana.org\/en\/wp-json\/wp\/v2\/types\/product"}],"wp:featuredmedia":[{"embeddable":true,"href":"https:\/\/www.libraria-occitana.org\/en\/wp-json\/wp\/v2\/media\/23354"}],"wp:attachment":[{"href":"https:\/\/www.libraria-occitana.org\/en\/wp-json\/wp\/v2\/media?parent=23353"}],"wp:term":[{"taxonomy":"product_brand","embeddable":true,"href":"https:\/\/www.libraria-occitana.org\/en\/wp-json\/wp\/v2\/product_brand?post=23353"},{"taxonomy":"product_cat","embeddable":true,"href":"https:\/\/www.libraria-occitana.org\/en\/wp-json\/wp\/v2\/product_cat?post=23353"},{"taxonomy":"product_tag","embeddable":true,"href":"https:\/\/www.libraria-occitana.org\/en\/wp-json\/wp\/v2\/product_tag?post=23353"}],"curies":[{"name":"wp","href":"https:\/\/api.w.org\/{rel}","templated":true}]}}