{"id":23405,"date":"2014-07-01T10:12:03","date_gmt":"2014-07-01T08:12:03","guid":{"rendered":"http:\/\/www.libraria-occitana.org\/all-products\/a-qui-es-t-ela-libre-cd?lang=en"},"modified":"2026-04-02T22:22:06","modified_gmt":"2026-04-02T20:22:06","slug":"a-qui-es-t-ela-libre-cd","status":"publish","type":"product","link":"https:\/\/www.libraria-occitana.org\/en\/product\/a-qui-es-t-ela-libre-cd\/","title":{"rendered":"A qui es-t-ela ? (libre + CD)"},"content":{"rendered":"<p>Il \u00e9tait une fois, une souris qui vivait dans la montagne.<br \/>\nUn jour qu&#8217;elle se promenait, elle trouva une petite clochette tr\u00e8s jolie.<br \/>\n&#8211; \u00c0 qui peut-elle \u00eatre ? se demanda la souris.<\/p>\n<p>\u00c9crit \u00e0 partir d&#8217;un conte d&#8217;Armelle Raillon. Cycles 1 &amp; 2.<br \/>\nLivret d&#8217;accompagnement p\u00e9dagogique\u00a0<a href=\"http:\/\/capoc.crdp-aquitaine.fr\/articles.php?lng=en&amp;pg=450&amp;mnuid=304&amp;tconfig=0\">sur le site du CAP&#8217;\u00d2C<\/a>.<\/p>\n","protected":false},"excerpt":{"rendered":"<p>Il \u00e9tait une fois, une souris qui vivait dans la montagne. Un jour qu&#8217;elle se promenait, elle trouva une petite clochette tr\u00e8s jolie. &#8211; \u00c0 qui peut-elle \u00eatre ? se demanda la souris. \u00c9crit \u00e0 partir d&#8217;un conte d&#8217;Armelle Raillon. Cycles 1 &amp; 2. Livret d&#8217;accompagnement p\u00e9dagogique\u00a0sur le site du CAP&#8217;\u00d2C.<\/p>\n","protected":false},"featured_media":36247,"template":"","meta":{"_acf_changed":false,"_genesis_hide_title":false,"_genesis_hide_breadcrumbs":false,"_genesis_hide_singular_image":false,"_genesis_hide_footer_widgets":false,"_genesis_custom_body_class":"","_genesis_custom_post_class":"","_genesis_layout":""},"product_brand":[],"product_cat":[7132,7164,7170],"product_tag":[],"class_list":{"0":"post-23405","1":"product","2":"type-product","3":"status-publish","4":"has-post-thumbnail","6":"product_cat-books","7":"product_cat-juvenile-and-teen-comics-humour-en","8":"product_cat-juvenile-en","9":"pa_auteur-capoc-en","10":"pa_auteur-raillon-armelle-en","11":"pa_editeur-canope-editions-en","12":"pa_illustrateur-itoiz-mayana-en","13":"pa_illustrateur-ratinaud-patrick-ratineaud-patrick-en","14":"pa_langue-occitan-lemosin-en","15":"pa_langue-occitan-francais-en","16":"entry","18":"first","19":"instock","20":"shipping-taxable","21":"purchasable","22":"product-type-simple"},"acf":[],"_links":{"self":[{"href":"https:\/\/www.libraria-occitana.org\/en\/wp-json\/wp\/v2\/product\/23405","targetHints":{"allow":["GET"]}}],"collection":[{"href":"https:\/\/www.libraria-occitana.org\/en\/wp-json\/wp\/v2\/product"}],"about":[{"href":"https:\/\/www.libraria-occitana.org\/en\/wp-json\/wp\/v2\/types\/product"}],"wp:featuredmedia":[{"embeddable":true,"href":"https:\/\/www.libraria-occitana.org\/en\/wp-json\/wp\/v2\/media\/36247"}],"wp:attachment":[{"href":"https:\/\/www.libraria-occitana.org\/en\/wp-json\/wp\/v2\/media?parent=23405"}],"wp:term":[{"taxonomy":"product_brand","embeddable":true,"href":"https:\/\/www.libraria-occitana.org\/en\/wp-json\/wp\/v2\/product_brand?post=23405"},{"taxonomy":"product_cat","embeddable":true,"href":"https:\/\/www.libraria-occitana.org\/en\/wp-json\/wp\/v2\/product_cat?post=23405"},{"taxonomy":"product_tag","embeddable":true,"href":"https:\/\/www.libraria-occitana.org\/en\/wp-json\/wp\/v2\/product_tag?post=23405"}],"curies":[{"name":"wp","href":"https:\/\/api.w.org\/{rel}","templated":true}]}}