{"id":23408,"date":"2014-06-01T18:40:40","date_gmt":"2014-06-01T16:40:40","guid":{"rendered":"http:\/\/www.libraria-occitana.org\/all-products\/la-legenda-de-castel-brun-libre-cd?lang=en"},"modified":"2026-04-03T00:11:17","modified_gmt":"2026-04-02T22:11:17","slug":"la-legenda-de-castel-brun-libre-cd","status":"publish","type":"product","link":"https:\/\/www.libraria-occitana.org\/en\/product\/la-legenda-de-castel-brun-libre-cd\/","title":{"rendered":"La legenda de Cast\u00e8l Brun (libre + CD)"},"content":{"rendered":"<p><strong>[oc]<\/strong><br \/>\nSe ditz que lo Diable se rencontra dins tots los pa\u00eds dau monde. E daus uns c\u00f2ps me damandan si qu\u00f2 li &#8216;rieba tanben de venir en Perig\u00f2rd&#8230; Segur que lo Diable se ven raletar jurc&#8217; aqu\u00ed ! Mas fin finala, qu\u00f2-qu\u00ed es pro rare&#8230; Que chas nos, prend mai sovent la f\u00f2rma d&#8217;una creatura terriblament malefica : jos quela semblan\u00e7a, lo disen&#8230; l&#8217;Aversier. Tot parier, daus uns c\u00f2ps, n&#8217;i a qu&#8217;arrieban a li tener testa&#8230; coma dins l&#8217;ist\u00f2ria que aura vos vau contar&#8230;<\/p>\n<p><strong>[fr]<\/strong><br \/>\nOn dit que le Diable se rencontre dans tous les pays du monde. Et parfois me demande-t-on s&#8217;il lui arrive aussi de venir en P\u00e9rigord&#8230; Bien s\u00fbr que le Diable vient r\u00f4der jusqu&#8217;ici ! Mais finalement, cela n&#8217;est pas si fr\u00e9quent&#8230; Car chez nous, il prend plus souvent la forme d&#8217;une cr\u00e9ature terriblement mal\u00e9fique : sous cet aspect, on l&#8217;appelle l&#8217;Aversier. pourtant, quelquefois, certains arrivent \u00e0 lui tenir t\u00eate&#8230; comme dans l&#8217;histoire que je vais maintenant vous raconter&#8230;<\/p>\n","protected":false},"excerpt":{"rendered":"<p>[oc] Se ditz que lo Diable se rencontra dins tots los pa\u00eds dau monde. E daus uns c\u00f2ps me damandan si qu\u00f2 li &#8216;rieba tanben de venir en Perig\u00f2rd&#8230; Segur que lo Diable se ven raletar jurc&#8217; aqu\u00ed ! Mas fin finala, qu\u00f2-qu\u00ed es pro rare&#8230; Que chas nos, prend mai sovent la f\u00f2rma d&#8217;una [&hellip;]<\/p>\n","protected":false},"featured_media":23409,"template":"","meta":{"_acf_changed":false,"_genesis_hide_title":false,"_genesis_hide_breadcrumbs":false,"_genesis_hide_singular_image":false,"_genesis_hide_footer_widgets":false,"_genesis_custom_body_class":"","_genesis_custom_post_class":"","_genesis_layout":""},"product_brand":[],"product_cat":[7132,7164,7166],"product_tag":[],"class_list":{"0":"post-23408","1":"product","2":"type-product","3":"status-publish","4":"has-post-thumbnail","6":"product_cat-books","7":"product_cat-juvenile-and-teen-comics-humour-en","8":"product_cat-teen-en","9":"pa_auteur-leveque-joan-lois-en","10":"pa_editeur-ieo-perigord-novelum-en","11":"pa_illustrateur-girard-felipe-en","12":"pa_langue-occitan-lemosin-en","13":"pa_langue-occitan-francais-en","14":"entry","16":"first","17":"instock","18":"shipping-taxable","19":"purchasable","20":"product-type-simple"},"acf":[],"_links":{"self":[{"href":"https:\/\/www.libraria-occitana.org\/en\/wp-json\/wp\/v2\/product\/23408","targetHints":{"allow":["GET"]}}],"collection":[{"href":"https:\/\/www.libraria-occitana.org\/en\/wp-json\/wp\/v2\/product"}],"about":[{"href":"https:\/\/www.libraria-occitana.org\/en\/wp-json\/wp\/v2\/types\/product"}],"wp:featuredmedia":[{"embeddable":true,"href":"https:\/\/www.libraria-occitana.org\/en\/wp-json\/wp\/v2\/media\/23409"}],"wp:attachment":[{"href":"https:\/\/www.libraria-occitana.org\/en\/wp-json\/wp\/v2\/media?parent=23408"}],"wp:term":[{"taxonomy":"product_brand","embeddable":true,"href":"https:\/\/www.libraria-occitana.org\/en\/wp-json\/wp\/v2\/product_brand?post=23408"},{"taxonomy":"product_cat","embeddable":true,"href":"https:\/\/www.libraria-occitana.org\/en\/wp-json\/wp\/v2\/product_cat?post=23408"},{"taxonomy":"product_tag","embeddable":true,"href":"https:\/\/www.libraria-occitana.org\/en\/wp-json\/wp\/v2\/product_tag?post=23408"}],"curies":[{"name":"wp","href":"https:\/\/api.w.org\/{rel}","templated":true}]}}