{"id":23414,"date":"2014-06-01T15:12:55","date_gmt":"2014-06-01T13:12:55","guid":{"rendered":"http:\/\/www.libraria-occitana.org\/all-products\/melhau-chanta-granier?lang=en"},"modified":"2026-04-21T02:56:56","modified_gmt":"2026-04-21T00:56:56","slug":"melhau-chanta-granier","status":"publish","type":"product","link":"https:\/\/www.libraria-occitana.org\/en\/product\/melhau-chanta-granier\/","title":{"rendered":"Melhau chanta Granier"},"content":{"rendered":"<p>Jan dau Melhau chante Pau-Lo\u00eds Granier (1879-1954), po\u00e8te occitan creusois. Granier appartient \u00e0 cette \u00e9cole limousine occitane marqu\u00e9e par l&#8217;absurde et le fantastique. Accompagn\u00e9 d&#8217;un harmonium indien, Jan dau Melhau interpr\u00e8te sept po\u00e8mes issus du recueil <em>Imatges<\/em> paru en 1939.<\/p>\n<p>L&#8217;\u0153uvre de Pau-Lo\u00eds Granier : <em><a title=\"Obra poetica occitana\" href=\"http:\/\/www.libraria-occitana.org\/all-products\/obra-poetica-occitana\">\u00d2bra poetica occitana<\/a><\/em> (2001)<\/p>\n","protected":false},"excerpt":{"rendered":"<p>Jan dau Melhau chante Pau-Lo\u00eds Granier (1879-1954), po\u00e8te occitan creusois. Granier appartient \u00e0 cette \u00e9cole limousine occitane marqu\u00e9e par l&#8217;absurde et le fantastique. Accompagn\u00e9 d&#8217;un harmonium indien, Jan dau Melhau interpr\u00e8te sept po\u00e8mes issus du recueil Imatges paru en 1939. L&#8217;\u0153uvre de Pau-Lo\u00eds Granier : \u00d2bra poetica occitana (2001)<\/p>\n","protected":false},"featured_media":23415,"template":"","meta":{"_acf_changed":false,"_genesis_hide_title":false,"_genesis_hide_breadcrumbs":false,"_genesis_hide_singular_image":false,"_genesis_hide_footer_widgets":false,"_genesis_custom_body_class":"","_genesis_custom_post_class":"","_genesis_layout":""},"product_brand":[],"product_cat":[7224,7216],"product_tag":[],"class_list":{"0":"post-23414","1":"product","2":"type-product","3":"status-publish","4":"has-post-thumbnail","6":"product_cat-litterature-musique-en","7":"product_cat-music-en","8":"pa_auteur-melhau-jan-dau-fr-en","9":"pa_editeur-la-voix-des-sirenes-en","10":"pa_langue-occitan-en","11":"pa_langue-occitan-lemosin-en","12":"entry","14":"first","15":"instock","16":"shipping-taxable","17":"purchasable","18":"product-type-simple"},"acf":[],"_links":{"self":[{"href":"https:\/\/www.libraria-occitana.org\/en\/wp-json\/wp\/v2\/product\/23414","targetHints":{"allow":["GET"]}}],"collection":[{"href":"https:\/\/www.libraria-occitana.org\/en\/wp-json\/wp\/v2\/product"}],"about":[{"href":"https:\/\/www.libraria-occitana.org\/en\/wp-json\/wp\/v2\/types\/product"}],"wp:featuredmedia":[{"embeddable":true,"href":"https:\/\/www.libraria-occitana.org\/en\/wp-json\/wp\/v2\/media\/23415"}],"wp:attachment":[{"href":"https:\/\/www.libraria-occitana.org\/en\/wp-json\/wp\/v2\/media?parent=23414"}],"wp:term":[{"taxonomy":"product_brand","embeddable":true,"href":"https:\/\/www.libraria-occitana.org\/en\/wp-json\/wp\/v2\/product_brand?post=23414"},{"taxonomy":"product_cat","embeddable":true,"href":"https:\/\/www.libraria-occitana.org\/en\/wp-json\/wp\/v2\/product_cat?post=23414"},{"taxonomy":"product_tag","embeddable":true,"href":"https:\/\/www.libraria-occitana.org\/en\/wp-json\/wp\/v2\/product_tag?post=23414"}],"curies":[{"name":"wp","href":"https:\/\/api.w.org\/{rel}","templated":true}]}}