{"id":23430,"date":"2015-02-01T18:10:57","date_gmt":"2015-02-01T17:10:57","guid":{"rendered":"http:\/\/www.libraria-occitana.org\/all-products\/expressions-et-dictons-du-perigord-et-du-limousin?lang=en"},"modified":"2024-07-05T00:16:23","modified_gmt":"2024-07-04T22:16:23","slug":"expressions-et-dictons-du-perigord-et-du-limousin","status":"publish","type":"product","link":"https:\/\/www.libraria-occitana.org\/en\/product\/expressions-et-dictons-du-perigord-et-du-limousin\/","title":{"rendered":"Expressions et dictons : P\u00e9rigord, Limousin"},"content":{"rendered":"<p>Le langage familier des paysans du P\u00e9rigord et du Limousin fourmille d&#8217;expressions dont la malice temp\u00e8re le pessimisme et o\u00f9 la d\u00e9rision nous prot\u00e8ge de tout dogmatisme.<\/p>\n<p>Pourquoi dit-on : <em>Ce n&#8217;est pas de chance de tomber sur le dos et de se crever un \u0153il<\/em> ; <em>Tu vas te faire appeler L\u00e9on<\/em> ; <em>Fain\u00e9ant d&#8217;un bras et pas vaillant de l&#8217;autre<\/em> ; <em>Faire le fend-la-bise<\/em>&#8230; ? Ces dictons et bien d&#8217;autres mettent en lumi\u00e8re une philosophie particuli\u00e8re de ce terroir. Fruit d&#8217;un travail de plusieurs d\u00e9cennies, ce livre vous offre pour chaque expression, des explications compl\u00e8tes et document\u00e9es (sa d\u00e9finition, son origine, ses variantes, etc) illustr\u00e9es d&#8217;exemples concrets et toujours truculents.<\/p>\n","protected":false},"excerpt":{"rendered":"<p>Le langage familier des paysans du P\u00e9rigord et du Limousin fourmille d&#8217;expressions dont la malice temp\u00e8re le pessimisme et o\u00f9 la d\u00e9rision nous prot\u00e8ge de tout dogmatisme. Pourquoi dit-on : Ce n&#8217;est pas de chance de tomber sur le dos et de se crever un \u0153il ; Tu vas te faire appeler L\u00e9on ; Fain\u00e9ant [&hellip;]<\/p>\n","protected":false},"featured_media":23431,"template":"","meta":{"_acf_changed":false,"_genesis_hide_title":false,"_genesis_hide_breadcrumbs":false,"_genesis_hide_singular_image":false,"_genesis_hide_footer_widgets":false,"_genesis_custom_body_class":"","_genesis_custom_post_class":"","_genesis_layout":""},"product_brand":[],"product_cat":[7132,7136,7146],"product_tag":[],"class_list":{"0":"post-23430","1":"product","2":"type-product","3":"status-publish","4":"has-post-thumbnail","6":"product_cat-books","7":"product_cat-dictionaries-language-educational-en","8":"product_cat-vocabulary-idioms-en","9":"pa_auteur-chapduelh-micheu-en","10":"pa_editeur-christine-bonneton-en","11":"pa_langue-occitan-lemosin-en","12":"pa_langue-occitan-francais-en","13":"entry","15":"first","16":"outofstock","17":"shipping-taxable","18":"purchasable","19":"product-type-simple"},"acf":[],"_links":{"self":[{"href":"https:\/\/www.libraria-occitana.org\/en\/wp-json\/wp\/v2\/product\/23430","targetHints":{"allow":["GET"]}}],"collection":[{"href":"https:\/\/www.libraria-occitana.org\/en\/wp-json\/wp\/v2\/product"}],"about":[{"href":"https:\/\/www.libraria-occitana.org\/en\/wp-json\/wp\/v2\/types\/product"}],"wp:featuredmedia":[{"embeddable":true,"href":"https:\/\/www.libraria-occitana.org\/en\/wp-json\/wp\/v2\/media\/23431"}],"wp:attachment":[{"href":"https:\/\/www.libraria-occitana.org\/en\/wp-json\/wp\/v2\/media?parent=23430"}],"wp:term":[{"taxonomy":"product_brand","embeddable":true,"href":"https:\/\/www.libraria-occitana.org\/en\/wp-json\/wp\/v2\/product_brand?post=23430"},{"taxonomy":"product_cat","embeddable":true,"href":"https:\/\/www.libraria-occitana.org\/en\/wp-json\/wp\/v2\/product_cat?post=23430"},{"taxonomy":"product_tag","embeddable":true,"href":"https:\/\/www.libraria-occitana.org\/en\/wp-json\/wp\/v2\/product_tag?post=23430"}],"curies":[{"name":"wp","href":"https:\/\/api.w.org\/{rel}","templated":true}]}}