{"id":23454,"date":"2014-12-01T17:20:22","date_gmt":"2014-12-01T16:20:22","guid":{"rendered":"http:\/\/www.libraria-occitana.org\/all-products\/pialuts?lang=en"},"modified":"2026-04-29T02:46:16","modified_gmt":"2026-04-29T00:46:16","slug":"pialuts","status":"publish","type":"product","link":"https:\/\/www.libraria-occitana.org\/en\/product\/pialuts\/","title":{"rendered":"Pialuts"},"content":{"rendered":"<p><strong>Henri Lass\u00e9millante :<\/strong> contrebasse, kayamb, chant<br \/>\n<strong>\u00c9lie Akkouche :<\/strong> batterie<br \/>\n<strong>Bastien Fontanille :<\/strong> vielle \u00e0 roue, chant, hautbois<\/p>\n<p>Un <em>pialut<\/em>, c\u2019est touffu, hirsute, mal ras\u00e9 et pas toujours commode.<\/p>\n<p>Deux <em>pialuts<\/em>, c\u2019est, dans la bouche de certains vieux du coin, une bande de hippies qu\u2019on reconna\u00eet \u00e0 leurs culs de voiture d\u00e9cor\u00e9s d\u2019auto-collants \u201csortir du nucl\u00e9aire\u201d et \u201cOGM non-merci\u201d.<\/p>\n<p>Trois <em>pialuts<\/em>, c\u2019est de la musique, et pas n\u2019importe laquelle ma p\u2019tite dame: un son trad, rock, jazz, crade, en un mot \u201cjrazzde\u201d.<br \/>\n\u00c7a racle au fond, \u00e7a sent sous les bras.<\/p>\n<p>\u00c0 partir de chants et d\u2019airs \u00e0 danser d\u2019Occitanie, voire du Quercy, mais de plus loin aussi, ce trio glorifie puis saccage, et inversement.<\/p>\n<p><strong>Titres :<\/strong><br \/>\n1. Bourr\u00e9es 8\u201900\u2033<br \/>\n2. Dessus La Mer 5\u201929\u2033<br \/>\n3. Suu Pont De Yekatit 05\u201911\u2033<br \/>\n4. Pouacre 06\u201916\u2033<br \/>\n5. Quercy 05\u201934\u2033<br \/>\n6. Dedans Bordeaux 5\u201919\u2033<\/p>\n","protected":false},"excerpt":{"rendered":"<p>Henri Lass\u00e9millante : contrebasse, kayamb, chant \u00c9lie Akkouche : batterie Bastien Fontanille : vielle \u00e0 roue, chant, hautbois Un pialut, c\u2019est touffu, hirsute, mal ras\u00e9 et pas toujours commode. Deux pialuts, c\u2019est, dans la bouche de certains vieux du coin, une bande de hippies qu\u2019on reconna\u00eet \u00e0 leurs culs de voiture d\u00e9cor\u00e9s d\u2019auto-collants \u201csortir du [&hellip;]<\/p>\n","protected":false},"featured_media":23455,"template":"","meta":{"_acf_changed":false,"_genesis_hide_title":false,"_genesis_hide_breadcrumbs":false,"_genesis_hide_singular_image":false,"_genesis_hide_footer_widgets":false,"_genesis_custom_body_class":"","_genesis_custom_post_class":"","_genesis_layout":""},"product_brand":[],"product_cat":[7228,7216],"product_tag":[],"class_list":{"0":"post-23454","1":"product","2":"type-product","3":"status-publish","4":"has-post-thumbnail","6":"product_cat-modern-folk-en","7":"product_cat-music-en","8":"pa_auteur-pialuts-en","9":"pa_editeur-pagans-en","10":"pa_langue-francais-en","11":"pa_langue-occitan-en","12":"pa_langue-occitan-gascon-en","13":"entry","15":"first","16":"instock","17":"shipping-taxable","18":"purchasable","19":"product-type-simple"},"acf":[],"_links":{"self":[{"href":"https:\/\/www.libraria-occitana.org\/en\/wp-json\/wp\/v2\/product\/23454","targetHints":{"allow":["GET"]}}],"collection":[{"href":"https:\/\/www.libraria-occitana.org\/en\/wp-json\/wp\/v2\/product"}],"about":[{"href":"https:\/\/www.libraria-occitana.org\/en\/wp-json\/wp\/v2\/types\/product"}],"wp:featuredmedia":[{"embeddable":true,"href":"https:\/\/www.libraria-occitana.org\/en\/wp-json\/wp\/v2\/media\/23455"}],"wp:attachment":[{"href":"https:\/\/www.libraria-occitana.org\/en\/wp-json\/wp\/v2\/media?parent=23454"}],"wp:term":[{"taxonomy":"product_brand","embeddable":true,"href":"https:\/\/www.libraria-occitana.org\/en\/wp-json\/wp\/v2\/product_brand?post=23454"},{"taxonomy":"product_cat","embeddable":true,"href":"https:\/\/www.libraria-occitana.org\/en\/wp-json\/wp\/v2\/product_cat?post=23454"},{"taxonomy":"product_tag","embeddable":true,"href":"https:\/\/www.libraria-occitana.org\/en\/wp-json\/wp\/v2\/product_tag?post=23454"}],"curies":[{"name":"wp","href":"https:\/\/api.w.org\/{rel}","templated":true}]}}