{"id":23468,"date":"2014-12-01T15:27:48","date_gmt":"2014-12-01T14:27:48","guid":{"rendered":"http:\/\/www.libraria-occitana.org\/all-products\/mon-imagier-bilingue-francais-occitan-1000-premiers-mots?lang=en"},"modified":"2025-03-09T01:32:28","modified_gmt":"2025-03-09T00:32:28","slug":"mon-imagier-bilingue-francais-occitan-1000-premiers-mots","status":"publish","type":"product","link":"https:\/\/www.libraria-occitana.org\/en\/product\/mon-imagier-bilingue-francais-occitan-1000-premiers-mots\/","title":{"rendered":"Mon imagier bilingue Fran\u00e7ais-Occitan : 1000 premiers mots"},"content":{"rendered":"<p>L\u2019imagier bilingue fran\u00e7ais-occitan souhaite proposer \u00e0 tous ceux qui apprennent l\u2019occitan un outil pratique et fiable pour l\u2019apprentissage du vocabulaire de la vie courante. Le choix des termes occitans a \u00e9t\u00e9 r\u00e9alis\u00e9 par Josiane Ubaud, lexicographe et auteure du <em>Dictionnaire orthographique, grammatical et morphologique de l&#8217;occitan : selon les parlers languedociens<\/em> (\u00e9d. Trabucaire, 2011) et de S\u00e8rgi Viaule, \u00e9crivain.<\/p>\n<p>Le principe d\u2019un imagier est de proposer un seul terme et une seule forme pour chaque sujet repr\u00e9sent\u00e9. Il ne permet donc pas de noter les synonymes ni les variantes. Le choix des termes en occitan languedocien a \u00e9t\u00e9 r\u00e9alis\u00e9 pour \u00eatre correct en terme de sens comme d&#8217;orthographe. Pour autant, ce choix est forc\u00e9ment arbitraire dans certains cas (ex. <em>u\u00e8ch o u\u00e8it<\/em>, <em>fautu\u00e8lh o cadier\u00e0s<\/em>, <em>v\u00e9ser o veire<\/em>). En ce qui concerne les n\u00e9ologismes, les solutions donn\u00e9es sont des propositions et ne pr\u00e9tendent pas \u00e0 constituer le seul terme possible. Vous pouvez \u00e9couter la prononciation des diff\u00e9rents termes de cet imagier sur la m\u00e9diath\u00e8que num\u00e9rique occitane Occitanica : www.occitanica.eu\/vocabulari<\/p>\n","protected":false},"excerpt":{"rendered":"<p>L\u2019imagier bilingue fran\u00e7ais-occitan souhaite proposer \u00e0 tous ceux qui apprennent l\u2019occitan un outil pratique et fiable pour l\u2019apprentissage du vocabulaire de la vie courante. Le choix des termes occitans a \u00e9t\u00e9 r\u00e9alis\u00e9 par Josiane Ubaud, lexicographe et auteure du Dictionnaire orthographique, grammatical et morphologique de l&#8217;occitan : selon les parlers languedociens (\u00e9d. Trabucaire, 2011) et [&hellip;]<\/p>\n","protected":false},"featured_media":23469,"template":"","meta":{"_acf_changed":false,"_genesis_hide_title":false,"_genesis_hide_breadcrumbs":false,"_genesis_hide_singular_image":false,"_genesis_hide_footer_widgets":false,"_genesis_custom_body_class":"","_genesis_custom_post_class":"","_genesis_layout":""},"product_brand":[],"product_cat":[7132,7136,7146],"product_tag":[],"class_list":{"0":"post-23468","1":"product","2":"type-product","3":"status-publish","4":"has-post-thumbnail","6":"product_cat-books","7":"product_cat-dictionaries-language-educational-en","8":"product_cat-vocabulary-idioms-en","9":"pa_auteur-ubaud-josiana-en","10":"pa_auteur-viaule-sergi-en","11":"pa_editeur-editions-piccolia-en","12":"pa_illustrateur-colnaghi-stefania-en","13":"pa_illustrateur-imland-studio-en","14":"pa_langue-occitan-lengadocian-en","15":"pa_langue-occitan-francais-en","16":"entry","18":"first","19":"outofstock","20":"shipping-taxable","21":"purchasable","22":"product-type-simple"},"acf":[],"_links":{"self":[{"href":"https:\/\/www.libraria-occitana.org\/en\/wp-json\/wp\/v2\/product\/23468","targetHints":{"allow":["GET"]}}],"collection":[{"href":"https:\/\/www.libraria-occitana.org\/en\/wp-json\/wp\/v2\/product"}],"about":[{"href":"https:\/\/www.libraria-occitana.org\/en\/wp-json\/wp\/v2\/types\/product"}],"wp:featuredmedia":[{"embeddable":true,"href":"https:\/\/www.libraria-occitana.org\/en\/wp-json\/wp\/v2\/media\/23469"}],"wp:attachment":[{"href":"https:\/\/www.libraria-occitana.org\/en\/wp-json\/wp\/v2\/media?parent=23468"}],"wp:term":[{"taxonomy":"product_brand","embeddable":true,"href":"https:\/\/www.libraria-occitana.org\/en\/wp-json\/wp\/v2\/product_brand?post=23468"},{"taxonomy":"product_cat","embeddable":true,"href":"https:\/\/www.libraria-occitana.org\/en\/wp-json\/wp\/v2\/product_cat?post=23468"},{"taxonomy":"product_tag","embeddable":true,"href":"https:\/\/www.libraria-occitana.org\/en\/wp-json\/wp\/v2\/product_tag?post=23468"}],"curies":[{"name":"wp","href":"https:\/\/api.w.org\/{rel}","templated":true}]}}