{"id":23492,"date":"2014-11-01T08:44:10","date_gmt":"2014-11-01T07:44:10","guid":{"rendered":"http:\/\/www.libraria-occitana.org\/all-products\/pas-aisada-la-vita-pas-facile-la-vie?lang=en"},"modified":"2026-04-29T07:21:11","modified_gmt":"2026-04-29T05:21:11","slug":"pas-aisada-la-vita-pas-facile-la-vie","status":"publish","type":"product","link":"https:\/\/www.libraria-occitana.org\/en\/product\/pas-aisada-la-vita-pas-facile-la-vie\/","title":{"rendered":"Pas aisada, la vita ! (Pas facile, la vie !)"},"content":{"rendered":"<p><em>Pas facile, la vie ?<\/em> Ce n&#8217;est pas vrai pour tout le monde ; mais c&#8217;est un peu vrai pour L\u00e9onard, ce sympathique vieux gar\u00e7on limousin qui nous conte, de mani\u00e8re humoristique, dans les premi\u00e8res nouvelles de ce recueil, ses difficult\u00e9s avec les techniques du monde moderne. C&#8217;est malheureusement trop vrai pour les personnages des textes suivants face \u00e0 la vieillesse solitaire ou aux affres de la guerre.<\/p>\n","protected":false},"excerpt":{"rendered":"<p>Pas facile, la vie ? Ce n&#8217;est pas vrai pour tout le monde ; mais c&#8217;est un peu vrai pour L\u00e9onard, ce sympathique vieux gar\u00e7on limousin qui nous conte, de mani\u00e8re humoristique, dans les premi\u00e8res nouvelles de ce recueil, ses difficult\u00e9s avec les techniques du monde moderne. C&#8217;est malheureusement trop vrai pour les personnages des [&hellip;]<\/p>\n","protected":false},"featured_media":23493,"template":"","meta":{"_acf_changed":false,"_genesis_hide_title":false,"_genesis_hide_breadcrumbs":false,"_genesis_hide_singular_image":false,"_genesis_hide_footer_widgets":false,"_genesis_custom_body_class":"","_genesis_custom_post_class":"","_genesis_layout":""},"product_brand":[],"product_cat":[7132,7174,7182],"product_tag":[],"class_list":{"0":"post-23492","1":"product","2":"type-product","3":"status-publish","4":"has-post-thumbnail","6":"product_cat-books","7":"product_cat-literature-en","8":"product_cat-novels-short-stories-en","9":"pa_auteur-berland-rolland-en","10":"pa_editeur-lesperluette-en","11":"pa_langue-occitan-lemosin-en","12":"pa_langue-occitan-francais-en","13":"entry","15":"first","16":"outofstock","17":"shipping-taxable","18":"purchasable","19":"product-type-simple"},"acf":[],"_links":{"self":[{"href":"https:\/\/www.libraria-occitana.org\/en\/wp-json\/wp\/v2\/product\/23492","targetHints":{"allow":["GET"]}}],"collection":[{"href":"https:\/\/www.libraria-occitana.org\/en\/wp-json\/wp\/v2\/product"}],"about":[{"href":"https:\/\/www.libraria-occitana.org\/en\/wp-json\/wp\/v2\/types\/product"}],"wp:featuredmedia":[{"embeddable":true,"href":"https:\/\/www.libraria-occitana.org\/en\/wp-json\/wp\/v2\/media\/23493"}],"wp:attachment":[{"href":"https:\/\/www.libraria-occitana.org\/en\/wp-json\/wp\/v2\/media?parent=23492"}],"wp:term":[{"taxonomy":"product_brand","embeddable":true,"href":"https:\/\/www.libraria-occitana.org\/en\/wp-json\/wp\/v2\/product_brand?post=23492"},{"taxonomy":"product_cat","embeddable":true,"href":"https:\/\/www.libraria-occitana.org\/en\/wp-json\/wp\/v2\/product_cat?post=23492"},{"taxonomy":"product_tag","embeddable":true,"href":"https:\/\/www.libraria-occitana.org\/en\/wp-json\/wp\/v2\/product_tag?post=23492"}],"curies":[{"name":"wp","href":"https:\/\/api.w.org\/{rel}","templated":true}]}}