{"id":23498,"date":"2014-10-01T18:01:24","date_gmt":"2014-10-01T17:01:24","guid":{"rendered":"http:\/\/www.libraria-occitana.org\/all-products\/lenfant-des-renardieres?lang=en"},"modified":"2026-04-29T11:10:41","modified_gmt":"2026-04-29T09:10:41","slug":"lenfant-des-renardieres","status":"publish","type":"product","link":"https:\/\/www.libraria-occitana.org\/en\/product\/lenfant-des-renardieres\/","title":{"rendered":"L&#8217;enfant des Renardi\u00e8res"},"content":{"rendered":"<p>C\u2019est l\u2019histoire d\u2019un jeune gar\u00e7on qui vivait avec ses quatre fr\u00e8res dans une petite maison isol\u00e9e, fr\u00e9quent\u00e9e par les renards. Sa famille n\u2019\u00e9tait pas riche et pour pouvoir manger tous les jours, il fallait travailler du matin au soir : mener les vaches au pr\u00e9, p\u00eacher dans le Br\u00e9zou, ramasser des champignons, pi\u00e9ger des lapins et vivre toutes sortes d\u2019aventures. Bref, c\u2019\u00e9tait un peu dur mais on s\u2019amusait bien, surtout sur le chemin de l\u2019\u00e9cole o\u00f9 l\u2019on trouvait quantit\u00e9 de distractions. Ce qui n\u2019emp\u00eachait pas notre gamin d\u2019\u00eatre toujours l\u2019un des premiers \u00e0 l\u2019\u00e9cole.<\/p>\n<p>C\u2019est une histoire vraie. Elle se passe en Corr\u00e8ze vers 1950. C\u2019est celle d\u2019un homme, Marcel Delord, qui, longtemps maire de sa Commune et grand-p\u00e8re aujourd\u2019hui, voudrait transmettre \u00e0 la jeunesse le respect et l\u2019amour de la nature et de l\u2019effort.<\/p>\n<p>Avec des illustrations pleines de v\u00e9rit\u00e9 et de charme de l\u2019artiste am\u00e9ricano-limousine, Em Bryant, et un dossier ethnologique et documentaire de Marie-France Houdart.<\/p>\n<p><strong>Deuxi\u00e8me partie :<\/strong><br \/>\n<a href=\"http:\/\/www.libraria-occitana.org\/produit\/le-maire-des-renardieres-et-la-legende-de-mogadord\/\"><em>Le Maire des Renardi\u00e8res et La l\u00e9gende de Mogadord<\/em><\/a><\/p>\n","protected":false},"excerpt":{"rendered":"<p>C\u2019est l\u2019histoire d\u2019un jeune gar\u00e7on qui vivait avec ses quatre fr\u00e8res dans une petite maison isol\u00e9e, fr\u00e9quent\u00e9e par les renards. Sa famille n\u2019\u00e9tait pas riche et pour pouvoir manger tous les jours, il fallait travailler du matin au soir : mener les vaches au pr\u00e9, p\u00eacher dans le Br\u00e9zou, ramasser des champignons, pi\u00e9ger des lapins [&hellip;]<\/p>\n","protected":false},"featured_media":23499,"template":"","meta":{"_acf_changed":false,"_genesis_hide_title":false,"_genesis_hide_breadcrumbs":false,"_genesis_hide_singular_image":false,"_genesis_hide_footer_widgets":false,"_genesis_custom_body_class":"","_genesis_custom_post_class":"","_genesis_layout":""},"product_brand":[],"product_cat":[7132,7174,7186],"product_tag":[],"class_list":{"0":"post-23498","1":"product","2":"type-product","3":"status-publish","4":"has-post-thumbnail","6":"product_cat-books","7":"product_cat-literature-en","8":"product_cat-personal-narratives-memoirs-en","9":"pa_auteur-delord-marcel-en","10":"pa_auteur-houdart-marie-france-en","11":"pa_editeur-maiade-en","12":"pa_illustrateur-bryant-em-en","13":"pa_langue-francais-en","14":"entry","16":"first","17":"instock","18":"shipping-taxable","19":"purchasable","20":"product-type-simple"},"acf":[],"_links":{"self":[{"href":"https:\/\/www.libraria-occitana.org\/en\/wp-json\/wp\/v2\/product\/23498","targetHints":{"allow":["GET"]}}],"collection":[{"href":"https:\/\/www.libraria-occitana.org\/en\/wp-json\/wp\/v2\/product"}],"about":[{"href":"https:\/\/www.libraria-occitana.org\/en\/wp-json\/wp\/v2\/types\/product"}],"wp:featuredmedia":[{"embeddable":true,"href":"https:\/\/www.libraria-occitana.org\/en\/wp-json\/wp\/v2\/media\/23499"}],"wp:attachment":[{"href":"https:\/\/www.libraria-occitana.org\/en\/wp-json\/wp\/v2\/media?parent=23498"}],"wp:term":[{"taxonomy":"product_brand","embeddable":true,"href":"https:\/\/www.libraria-occitana.org\/en\/wp-json\/wp\/v2\/product_brand?post=23498"},{"taxonomy":"product_cat","embeddable":true,"href":"https:\/\/www.libraria-occitana.org\/en\/wp-json\/wp\/v2\/product_cat?post=23498"},{"taxonomy":"product_tag","embeddable":true,"href":"https:\/\/www.libraria-occitana.org\/en\/wp-json\/wp\/v2\/product_tag?post=23498"}],"curies":[{"name":"wp","href":"https:\/\/api.w.org\/{rel}","templated":true}]}}