{"id":23574,"date":"2015-02-01T18:20:33","date_gmt":"2015-02-01T17:20:33","guid":{"rendered":"http:\/\/www.libraria-occitana.org\/all-products\/journal-dun-pelerin-vielleux-et-mendiant-sur-le-chemin-de-compostelle?lang=en"},"modified":"2026-04-02T21:51:15","modified_gmt":"2026-04-02T19:51:15","slug":"journal-dun-pelerin-vielleux-et-mendiant-sur-le-chemin-de-compostelle","status":"publish","type":"product","link":"https:\/\/www.libraria-occitana.org\/en\/product\/journal-dun-pelerin-vielleux-et-mendiant-sur-le-chemin-de-compostelle\/","title":{"rendered":"Journal d&#8217;un p\u00e9lerin vielleux et mendiant sur le chemin de Compostelle"},"content":{"rendered":"<p>\u00ab\u00a0Eh bien voil\u00e0. Ta vie, c\u2019est cette pelote de laine. Tu pars de ta maison en d\u00e9roulant ta pelote, en laissant le fil sur le Chemin. Lorsque tu arrives \u00e0 Compostelle, ta pelote est enti\u00e8rement d\u00e9vid\u00e9e, tu es nu, tout nu. Alors tu es en \u00e9tat de recevoir tout ce que ce lieu peut te donner. Et puis tu reprends le fil de ta pelote, le fil de ta vie, le r\u00e9enroules tout au long du Chemin, reconstituer la pelote, t\u2019en v\u00eatir de nouveau. Mais bien s\u00fbr, \u00e7a le secoue le fil, des choses se d\u00e9tachent, se d\u00e9crochent, restent sur le Chemin, des choses sans importance, sans plus d\u2019importance. Lorsque tu arrives chez toi, ta pelote est bien belle, bien ronde, ta vie est rassembl\u00e9e, d\u00e9barrass\u00e9e de tout ce falbala qui l\u2019empoisonnait. Alors tout peut recommencer.\u00a0\u00bb<\/p>\n<p>En 1987, Jan dau Melhau, chanteur et \u00e9crivain limousin, d\u00e9cide de partir pour Saint-Jacques-de-Compostelle. Pour tout bagage il emporte sa vielle \u00e0 roue. Il en joue d\u2019\u00e9tape en \u00e9tape et gagne ainsi son pain quotidien. Il tient minutieusement son journal, note ses d\u00e9ceptions, ses souffrances, ses joies. Il \u00e9voque les paysages qu\u2019il traverse, les g\u00eetes o\u00f9 on l\u2019accueille ; il parle des gens qu\u2019il rencontre \u2013 et parfois il a la dent tr\u00e8s dure\u2026 C\u2019est une aventure m\u00e9di\u00e9vale en cette fin du XX\u00e8me si\u00e8cle. Et ce livre, \u00e9crit dans une langue savoureuse, riche de son substrat limousin, donne envie de prendre la route sous le signe de la coquille.<\/p>\n","protected":false},"excerpt":{"rendered":"<p>\u00ab\u00a0Eh bien voil\u00e0. Ta vie, c\u2019est cette pelote de laine. Tu pars de ta maison en d\u00e9roulant ta pelote, en laissant le fil sur le Chemin. Lorsque tu arrives \u00e0 Compostelle, ta pelote est enti\u00e8rement d\u00e9vid\u00e9e, tu es nu, tout nu. Alors tu es en \u00e9tat de recevoir tout ce que ce lieu peut te [&hellip;]<\/p>\n","protected":false},"featured_media":23575,"template":"","meta":{"_acf_changed":false,"_genesis_hide_title":false,"_genesis_hide_breadcrumbs":false,"_genesis_hide_singular_image":false,"_genesis_hide_footer_widgets":false,"_genesis_custom_body_class":"","_genesis_custom_post_class":"","_genesis_layout":""},"product_brand":[],"product_cat":[7132,7196,7198],"product_tag":[],"class_list":{"0":"post-23574","1":"product","2":"type-product","3":"status-publish","4":"has-post-thumbnail","6":"product_cat-books","7":"product_cat-nature-tourism-en","8":"product_cat-guides-tourism-en","9":"pa_auteur-melhau-jan-dau-fr-en","10":"pa_editeur-federop-en","11":"pa_langue-francais-en","12":"entry","14":"first","15":"instock","16":"shipping-taxable","17":"purchasable","18":"product-type-simple"},"acf":[],"_links":{"self":[{"href":"https:\/\/www.libraria-occitana.org\/en\/wp-json\/wp\/v2\/product\/23574","targetHints":{"allow":["GET"]}}],"collection":[{"href":"https:\/\/www.libraria-occitana.org\/en\/wp-json\/wp\/v2\/product"}],"about":[{"href":"https:\/\/www.libraria-occitana.org\/en\/wp-json\/wp\/v2\/types\/product"}],"wp:featuredmedia":[{"embeddable":true,"href":"https:\/\/www.libraria-occitana.org\/en\/wp-json\/wp\/v2\/media\/23575"}],"wp:attachment":[{"href":"https:\/\/www.libraria-occitana.org\/en\/wp-json\/wp\/v2\/media?parent=23574"}],"wp:term":[{"taxonomy":"product_brand","embeddable":true,"href":"https:\/\/www.libraria-occitana.org\/en\/wp-json\/wp\/v2\/product_brand?post=23574"},{"taxonomy":"product_cat","embeddable":true,"href":"https:\/\/www.libraria-occitana.org\/en\/wp-json\/wp\/v2\/product_cat?post=23574"},{"taxonomy":"product_tag","embeddable":true,"href":"https:\/\/www.libraria-occitana.org\/en\/wp-json\/wp\/v2\/product_tag?post=23574"}],"curies":[{"name":"wp","href":"https:\/\/api.w.org\/{rel}","templated":true}]}}