{"id":23881,"date":"2015-04-01T19:17:35","date_gmt":"2015-04-01T17:17:35","guid":{"rendered":"http:\/\/www.libraria-occitana.org\/all-products\/chamin-de-copagorja?lang=en"},"modified":"2026-04-02T22:01:52","modified_gmt":"2026-04-02T20:01:52","slug":"chamin-de-copagorja","status":"publish","type":"product","link":"https:\/\/www.libraria-occitana.org\/en\/product\/chamin-de-copagorja\/","title":{"rendered":"Chamin de Copag\u00f2rja"},"content":{"rendered":"<p>\u00ab E qu\u00e9 dire per sa defensa ? Que \u2019fectivament avi\u00e1 corsat lo Pablo per li fotre una sarclada, mas que, quante l\u2019avi\u00e1 pogut j\u00fanher, quauqu\u2019un avi\u00e1 desj\u00e0 fait lo trabalh, e que l\u2019autre era coijat au mitan dau sendareu, la testa duberta per un c\u00f2p de bilhon. \u00bb<\/p>\n<p>Enquesta plan malaisada per lo comissari Darnaudguilhem\u2026 Mai o mens immobilizat dins la b\u00f2ria de sos parents adoptius aprep una operacion dau genuelh, fai la rencontra d\u2019un dr\u00f2lle dau pa\u00eds que suert de set ans de preison per un murtre que a pas com\u00e8s. Emb l\u2019ajuda de collaborators mai o mens oficiaus, se lan\u00e7a dempuei son \u00ab\u00a0liech de dolor \u00bb\u00a0a la chercha dau murtrier vertadier. Coma totjorn, l\u2019afar pas tant simple coma qu\u00f2, esvelha daus ressons sauvert\u00f3s vielhs de trente ans.<\/p>\n<p>Una disparicion inexplicada, un vielh texte de chan\u00e7on que sembla portar malur, un chamin bien nommat Copa-G\u00f2rja, quauques m\u00f2rts de mai, veiqu\u00ed de que, entre umor e suspense, vos tener en alen jurcinc\u2019a la darriera pagina.<\/p>\n","protected":false},"excerpt":{"rendered":"<p>\u00ab E qu\u00e9 dire per sa defensa ? Que \u2019fectivament avi\u00e1 corsat lo Pablo per li fotre una sarclada, mas que, quante l\u2019avi\u00e1 pogut j\u00fanher, quauqu\u2019un avi\u00e1 desj\u00e0 fait lo trabalh, e que l\u2019autre era coijat au mitan dau sendareu, la testa duberta per un c\u00f2p de bilhon. \u00bb Enquesta plan malaisada per lo comissari [&hellip;]<\/p>\n","protected":false},"featured_media":23883,"template":"","meta":{"_acf_changed":false,"_genesis_hide_title":false,"_genesis_hide_breadcrumbs":false,"_genesis_hide_singular_image":false,"_genesis_hide_footer_widgets":false,"_genesis_custom_body_class":"","_genesis_custom_post_class":"","_genesis_layout":""},"product_brand":[],"product_cat":[7132,7174,7182],"product_tag":[],"class_list":{"0":"post-23881","1":"product","2":"type-product","3":"status-publish","4":"has-post-thumbnail","6":"product_cat-books","7":"product_cat-literature-en","8":"product_cat-novels-short-stories-en","9":"pa_auteur-ganhaire-joan-en","10":"pa_editeur-ieo-fr-en","11":"pa_editeur-ieo-perigord-novelum-en","12":"pa_langue-occitan-en","13":"pa_langue-occitan-lemosin-en","14":"entry","16":"first","17":"instock","18":"shipping-taxable","19":"purchasable","20":"product-type-simple"},"acf":[],"_links":{"self":[{"href":"https:\/\/www.libraria-occitana.org\/en\/wp-json\/wp\/v2\/product\/23881","targetHints":{"allow":["GET"]}}],"collection":[{"href":"https:\/\/www.libraria-occitana.org\/en\/wp-json\/wp\/v2\/product"}],"about":[{"href":"https:\/\/www.libraria-occitana.org\/en\/wp-json\/wp\/v2\/types\/product"}],"wp:featuredmedia":[{"embeddable":true,"href":"https:\/\/www.libraria-occitana.org\/en\/wp-json\/wp\/v2\/media\/23883"}],"wp:attachment":[{"href":"https:\/\/www.libraria-occitana.org\/en\/wp-json\/wp\/v2\/media?parent=23881"}],"wp:term":[{"taxonomy":"product_brand","embeddable":true,"href":"https:\/\/www.libraria-occitana.org\/en\/wp-json\/wp\/v2\/product_brand?post=23881"},{"taxonomy":"product_cat","embeddable":true,"href":"https:\/\/www.libraria-occitana.org\/en\/wp-json\/wp\/v2\/product_cat?post=23881"},{"taxonomy":"product_tag","embeddable":true,"href":"https:\/\/www.libraria-occitana.org\/en\/wp-json\/wp\/v2\/product_tag?post=23881"}],"curies":[{"name":"wp","href":"https:\/\/api.w.org\/{rel}","templated":true}]}}