{"id":23892,"date":"2015-04-01T12:59:21","date_gmt":"2015-04-01T10:59:21","guid":{"rendered":"http:\/\/www.libraria-occitana.org\/all-products\/expressions-et-dictons-occitans?lang=en"},"modified":"2024-07-05T00:16:22","modified_gmt":"2024-07-04T22:16:22","slug":"expressions-et-dictons-occitans","status":"publish","type":"product","link":"https:\/\/www.libraria-occitana.org\/en\/product\/expressions-et-dictons-occitans\/","title":{"rendered":"Expressions et dictons occitans"},"content":{"rendered":"<p>L&#8217;occitan s&#8217;\u00e9tend sur six r\u00e9gions (Auvergne, Aquitaine, Languedoc-Roussillon, Limousin, Midi-Pyr\u00e9n\u00e9es, Provence-Alpes-C\u00f4te d&#8217;Azur) et d\u00e9borde sur trois autres (Centre, Poitou-Charentes,Rh\u00f4ne-Alpes).<\/p>\n<p><em>Aimable coma una mosca d&#8217;ase<\/em> ; <em>Aver d&#8217;argent coma un chin de ni\u00e8ras<\/em> ; <em>Cargat coma un mu\u00f2l<\/em> ; <em>Curi\u00f3s coma un pet<\/em> ; <em>Dormir coma una missara<\/em>&#8230; ce sont plus de 1000 expressions et dictons occitans, enracin\u00e9s dans notre quotidien qui sont r\u00e9unis dans cet ouvrage, fruit d&#8217;une enqu\u00eate de plusieurs d\u00e9cennies.<\/p>\n<p>Pour chaque expression, des explications compl\u00e8tes et document\u00e9es (sa traduction, sa d\u00e9finition, son origine, ses variantes, etc), illustr\u00e9es d&#8217;exemples concrets et souvent truculents.<\/p>\n","protected":false},"excerpt":{"rendered":"<p>L&#8217;occitan s&#8217;\u00e9tend sur six r\u00e9gions (Auvergne, Aquitaine, Languedoc-Roussillon, Limousin, Midi-Pyr\u00e9n\u00e9es, Provence-Alpes-C\u00f4te d&#8217;Azur) et d\u00e9borde sur trois autres (Centre, Poitou-Charentes,Rh\u00f4ne-Alpes). Aimable coma una mosca d&#8217;ase ; Aver d&#8217;argent coma un chin de ni\u00e8ras ; Cargat coma un mu\u00f2l ; Curi\u00f3s coma un pet ; Dormir coma una missara&#8230; ce sont plus de 1000 expressions et dictons [&hellip;]<\/p>\n","protected":false},"featured_media":23893,"template":"","meta":{"_acf_changed":false,"_genesis_hide_title":false,"_genesis_hide_breadcrumbs":false,"_genesis_hide_singular_image":false,"_genesis_hide_footer_widgets":false,"_genesis_custom_body_class":"","_genesis_custom_post_class":"","_genesis_layout":""},"product_brand":[],"product_cat":[7132,7136,7146],"product_tag":[],"class_list":{"0":"post-23892","1":"product","2":"type-product","3":"status-publish","4":"has-post-thumbnail","6":"product_cat-books","7":"product_cat-dictionaries-language-educational-en","8":"product_cat-vocabulary-idioms-en","9":"pa_auteur-camps-christian-en","10":"pa_editeur-christine-bonneton-en","11":"pa_langue-occitan-lengadocian-en","12":"pa_langue-occitan-francais-en","13":"entry","15":"first","16":"outofstock","17":"shipping-taxable","18":"purchasable","19":"product-type-simple"},"acf":[],"_links":{"self":[{"href":"https:\/\/www.libraria-occitana.org\/en\/wp-json\/wp\/v2\/product\/23892","targetHints":{"allow":["GET"]}}],"collection":[{"href":"https:\/\/www.libraria-occitana.org\/en\/wp-json\/wp\/v2\/product"}],"about":[{"href":"https:\/\/www.libraria-occitana.org\/en\/wp-json\/wp\/v2\/types\/product"}],"wp:featuredmedia":[{"embeddable":true,"href":"https:\/\/www.libraria-occitana.org\/en\/wp-json\/wp\/v2\/media\/23893"}],"wp:attachment":[{"href":"https:\/\/www.libraria-occitana.org\/en\/wp-json\/wp\/v2\/media?parent=23892"}],"wp:term":[{"taxonomy":"product_brand","embeddable":true,"href":"https:\/\/www.libraria-occitana.org\/en\/wp-json\/wp\/v2\/product_brand?post=23892"},{"taxonomy":"product_cat","embeddable":true,"href":"https:\/\/www.libraria-occitana.org\/en\/wp-json\/wp\/v2\/product_cat?post=23892"},{"taxonomy":"product_tag","embeddable":true,"href":"https:\/\/www.libraria-occitana.org\/en\/wp-json\/wp\/v2\/product_tag?post=23892"}],"curies":[{"name":"wp","href":"https:\/\/api.w.org\/{rel}","templated":true}]}}