{"id":23916,"date":"2015-04-28T18:47:58","date_gmt":"2015-04-28T17:47:58","guid":{"rendered":"http:\/\/www.libraria-occitana.org\/all-products\/a-chara-o-crotz-a-pile-ou-face?lang=en"},"modified":"2026-04-29T11:01:32","modified_gmt":"2026-04-29T09:01:32","slug":"a-chara-o-crotz-a-pile-ou-face","status":"publish","type":"product","link":"https:\/\/www.libraria-occitana.org\/en\/product\/a-chara-o-crotz-a-pile-ou-face\/","title":{"rendered":"A chara o crotz &#8211; \u00c0 pile ou face"},"content":{"rendered":"<p>Lo ton es noveu, autre, seu. E deu pas grand chausa a qu&#8217;un que sia.<br \/>\nLa lenga es richa sens afinforladis, mestresada. Siguet re\u00e7auguda de naissent e &#8216;qu\u00f2 se sent, e siguet re\u00e7augut maitot tot \u00e7\u00f2 que deu portar &#8216;na lenga : &#8216;n eiretatge culturau.<\/p>\n<p>E lo poema tot fresche culhit cranh pas de se far bulhir dins topin vielh, &#8216;quo es be sovent que l&#8217;autor li compta sos p\u00e8s e li balha rimas, e &#8216;laidonc lo chaudria pas gaire butir per que venguessa chan\u00e7on. D&#8217;alhors son editor, ad aquilhs subjects, la chatinglet plasentament d&#8217;una tenson dins lo biais trobadorenc ; es a la fin dau libre emb sa musica.<\/p>\n<p>Cecila Chapduelh es femna, \u00f2m zo sap, zo dit, mas auria pas mestier tant sa poesia parla per ela. Mas es pas d&#8217;aquelas qu&#8217;aimarian tant, biais que maniera, sanar los \u00f2mes. L&#8217;amor, que ten granda pla\u00e7a dins &#8216;quilhs poemas, li es de c\u00f2r, segur, mas maitot de c\u00f2rs e &#8216;laidonc ne&#8217;n parla pas en far c\u00f2ser los mots.<\/p>\n<p>&#8216;Quel ensemble, que los mots dau titol son maitot los de la fin dau darrier poema, diriensatz que siguet de neciera ad un moment, &#8216;n esbalhon dins l&#8217;eschalier de la vita davant de n&#8217;archelar &#8216;n autre. Que sera ? Zo veirem be.<\/p>\n<p>Per aura, &#8216;queu libre, que nos es j\u00f2ia mai con\u00f2rt, que tant plaguet au Jan-Marc Simeonin que li balhet ornament de n\u00f2u gravaduras au demai de la de la cuberta.<\/p>\n","protected":false},"excerpt":{"rendered":"<p>Lo ton es noveu, autre, seu. E deu pas grand chausa a qu&#8217;un que sia. La lenga es richa sens afinforladis, mestresada. Siguet re\u00e7auguda de naissent e &#8216;qu\u00f2 se sent, e siguet re\u00e7augut maitot tot \u00e7\u00f2 que deu portar &#8216;na lenga : &#8216;n eiretatge culturau. E lo poema tot fresche culhit cranh pas de se [&hellip;]<\/p>\n","protected":false},"featured_media":23917,"template":"","meta":{"_acf_changed":false,"_genesis_hide_title":false,"_genesis_hide_breadcrumbs":false,"_genesis_hide_singular_image":false,"_genesis_hide_footer_widgets":false,"_genesis_custom_body_class":"","_genesis_custom_post_class":"","_genesis_layout":""},"product_brand":[],"product_cat":[7132,7174,7180],"product_tag":[],"class_list":{"0":"post-23916","1":"product","2":"type-product","3":"status-publish","4":"has-post-thumbnail","6":"product_cat-books","7":"product_cat-literature-en","8":"product_cat-poetry-en","9":"pa_auteur-chapduelh-cecila-en","10":"pa_editeur-lo-chamin-de-sent-jaume-en","11":"pa_illustrateur-simeonin-jan-marc-en","12":"pa_langue-occitan-lemosin-en","13":"pa_langue-occitan-francais-en","14":"entry","16":"first","17":"instock","18":"shipping-taxable","19":"purchasable","20":"product-type-simple"},"acf":[],"_links":{"self":[{"href":"https:\/\/www.libraria-occitana.org\/en\/wp-json\/wp\/v2\/product\/23916","targetHints":{"allow":["GET"]}}],"collection":[{"href":"https:\/\/www.libraria-occitana.org\/en\/wp-json\/wp\/v2\/product"}],"about":[{"href":"https:\/\/www.libraria-occitana.org\/en\/wp-json\/wp\/v2\/types\/product"}],"wp:featuredmedia":[{"embeddable":true,"href":"https:\/\/www.libraria-occitana.org\/en\/wp-json\/wp\/v2\/media\/23917"}],"wp:attachment":[{"href":"https:\/\/www.libraria-occitana.org\/en\/wp-json\/wp\/v2\/media?parent=23916"}],"wp:term":[{"taxonomy":"product_brand","embeddable":true,"href":"https:\/\/www.libraria-occitana.org\/en\/wp-json\/wp\/v2\/product_brand?post=23916"},{"taxonomy":"product_cat","embeddable":true,"href":"https:\/\/www.libraria-occitana.org\/en\/wp-json\/wp\/v2\/product_cat?post=23916"},{"taxonomy":"product_tag","embeddable":true,"href":"https:\/\/www.libraria-occitana.org\/en\/wp-json\/wp\/v2\/product_tag?post=23916"}],"curies":[{"name":"wp","href":"https:\/\/api.w.org\/{rel}","templated":true}]}}