{"id":23928,"date":"2015-04-21T17:02:04","date_gmt":"2015-04-21T15:02:04","guid":{"rendered":"http:\/\/www.libraria-occitana.org\/all-products\/meras-en-campanha-maires-en-campagne-en-lemosin-17?lang=en"},"modified":"2026-04-25T05:16:33","modified_gmt":"2026-04-25T03:16:33","slug":"meras-en-campanha-maires-en-campagne-en-lemosin-17","status":"publish","type":"product","link":"https:\/\/www.libraria-occitana.org\/en\/product\/meras-en-campanha-maires-en-campagne-en-lemosin-17\/","title":{"rendered":"Meras en campanha &#8211; Maires en campagne (En Lemosin 17)"},"content":{"rendered":"<p><strong>De tant d&#8217;annadas que son meras de Sent-Merd e de Sent-Vit, Enric Lavaud e Maxime Dalbrut coneissen coma degun lur comuna.<\/strong><\/p>\n<p>En plein pays limousin la vie s&#8217;\u00e9coule paisible, dirait-on, dans la petite commune de Saint-Vitte-sur-Briance et dans celle, voisine, de Saint-M\u00e9ard. Leurs deux maires respectifs, Maxime Dalbrut et Henri Lavaud, ont su entretenir des liens \u00e9troits avec la population au cours de leurs nombreuses ann\u00e9es de mandat.<\/p>\n<p>Pourtant, bien loin de l&#8217;image idyllique des petits villages sans histoires, les inqui\u00e9tudes sont nombreuses dans les deux mairies.<\/p>\n<p>Si les chiffres du recensement de la population sont guett\u00e9s avec inqui\u00e9tude en ces temps de r\u00e9duction des services publics, on s&#8217;interroge surtout, durant cette ann\u00e9e 2014, sur les r\u00e9percutions pour les petites communes que laisse envisager la r\u00e9forme territoriale qui s&#8217;amorce.<\/p>\n<p>D&#8217;autant que nous sommes en pleine \u00e9poque d&#8217;\u00e9lections municipales et que la r\u00e9\u00e9lection ne semble pas forc\u00e9ment acquise&#8230;<\/p>\n<p>Documentaire en occitan sous-titr\u00e9 en fran\u00e7ais.<\/p>\n","protected":false},"excerpt":{"rendered":"<p>De tant d&#8217;annadas que son meras de Sent-Merd e de Sent-Vit, Enric Lavaud e Maxime Dalbrut coneissen coma degun lur comuna. En plein pays limousin la vie s&#8217;\u00e9coule paisible, dirait-on, dans la petite commune de Saint-Vitte-sur-Briance et dans celle, voisine, de Saint-M\u00e9ard. Leurs deux maires respectifs, Maxime Dalbrut et Henri Lavaud, ont su entretenir des [&hellip;]<\/p>\n","protected":false},"featured_media":23929,"template":"","meta":{"_acf_changed":false,"_genesis_hide_title":false,"_genesis_hide_breadcrumbs":false,"_genesis_hide_singular_image":false,"_genesis_hide_footer_widgets":false,"_genesis_custom_body_class":"","_genesis_custom_post_class":"","_genesis_layout":""},"product_brand":[],"product_cat":[7241,7249],"product_tag":[],"class_list":{"0":"post-23928","1":"product","2":"type-product","3":"status-publish","4":"has-post-thumbnail","6":"product_cat-documentary-en","7":"product_cat-videos-3-en","8":"pa_auteur-ieo-lemosin-fr-en","9":"pa_editeur-ieo-lemosin-en-2","10":"pa_langue-occitan-lemosin-en","11":"pa_langue-occitan-francais-en","12":"entry","14":"first","15":"instock","16":"shipping-taxable","17":"purchasable","18":"product-type-simple"},"acf":[],"_links":{"self":[{"href":"https:\/\/www.libraria-occitana.org\/en\/wp-json\/wp\/v2\/product\/23928","targetHints":{"allow":["GET"]}}],"collection":[{"href":"https:\/\/www.libraria-occitana.org\/en\/wp-json\/wp\/v2\/product"}],"about":[{"href":"https:\/\/www.libraria-occitana.org\/en\/wp-json\/wp\/v2\/types\/product"}],"wp:featuredmedia":[{"embeddable":true,"href":"https:\/\/www.libraria-occitana.org\/en\/wp-json\/wp\/v2\/media\/23929"}],"wp:attachment":[{"href":"https:\/\/www.libraria-occitana.org\/en\/wp-json\/wp\/v2\/media?parent=23928"}],"wp:term":[{"taxonomy":"product_brand","embeddable":true,"href":"https:\/\/www.libraria-occitana.org\/en\/wp-json\/wp\/v2\/product_brand?post=23928"},{"taxonomy":"product_cat","embeddable":true,"href":"https:\/\/www.libraria-occitana.org\/en\/wp-json\/wp\/v2\/product_cat?post=23928"},{"taxonomy":"product_tag","embeddable":true,"href":"https:\/\/www.libraria-occitana.org\/en\/wp-json\/wp\/v2\/product_tag?post=23928"}],"curies":[{"name":"wp","href":"https:\/\/api.w.org\/{rel}","templated":true}]}}