{"id":24034,"date":"2015-05-01T14:16:31","date_gmt":"2015-05-01T13:16:31","guid":{"rendered":"http:\/\/www.libraria-occitana.org\/all-products\/antonin-daval-lo-paisanton-da-badalhac-dires-poemas-cancons-libre-cd?lang=en"},"modified":"2026-04-11T23:36:37","modified_gmt":"2026-04-11T21:36:37","slug":"antonin-daval-lo-paisanton-da-badalhac-dires-poemas-cancons-libre-cd","status":"publish","type":"product","link":"https:\/\/www.libraria-occitana.org\/en\/product\/antonin-daval-lo-paisanton-da-badalhac-dires-poemas-cancons-libre-cd\/","title":{"rendered":"Antonin Daval : Lo paisanton d&#8217;a Badalhac&#8230; Dires, po\u00e8mas, can\u00e7ons (libre + CD)"},"content":{"rendered":"<p>Exploitant d&#8217;une petite ferme \u00e0 Montcalvy de Badailhac (Cantal), Antonin Daval (1913-1998) a re\u00e7u de sa famille la langue occitane et, de son grand-p\u00e8re en particulier, une riche tradition orale de contes et de chansons ainsi qu&#8217;une profonde connaissance des pratiques anciennes.<br \/>\nSon go\u00fbt de l&#8217;ind\u00e9pendance, de la communication, des contacts et son amour des b\u00eates firent de lui un homme de la terre singulier, \u00e0 la fois paysan, maquignon et po\u00e8te : on venait volontiers l&#8217;\u00e9couter conter et s&#8217;entretenir avec lui de son m\u00e9tier, des rencontres qui l&#8217;avaient marqu\u00e9, de la vie d&#8217;autrefois, des arbres, des plantes, des oiseaux&#8230; Conscient de la richesse de ce patrimoine culturel immat\u00e9riel, il souhaitait le transmettre aux g\u00e9n\u00e9rations suivantes, c&#8217;est pourquoi il se pr\u00eatait de bonne gr\u00e2ce \u00e0 l&#8217;\u00e9preuve du magn\u00e9tophone.<\/p>\n<p><strong>Dires, po\u00e8mas, can\u00e7ons<\/strong><br \/>\nCe recueil r\u00e9unit une s\u00e9lection de souvenirs, r\u00e9cits, contes et chansons issus des collectes r\u00e9alis\u00e9es aupr\u00e8s d&#8217;Antonin Daval, ainsi que quelques-uns de ses \u00e9crits, qu&#8217;il signait lo paisanton d&#8217;a Badalhac (le petit paysan de Badailhac) : un bel \u00e9chantillon de la m\u00e9moire d&#8217;un homme et de son pays, le Carlad\u00e8s.<br \/>\nLes grands chapitres :<br \/>\n&#8211; Sovenirs (une famille de chanteurs, les f\u00eates, les pauvres, la jeunesse, le paysan),<br \/>\n&#8211; Lo Contaire (dix-sept contes transcrits et cinq contes \u00e9crits par son fils F\u00e9lix Daval),<br \/>\n&#8211; Lo Cantaire (neuf chansons),<br \/>\n&#8211; L\u2019Imitator (mimologismes),<br \/>\n&#8211; Lo Po\u00e8ta (po\u00e8mes et textes en prose).\ufeff<\/p>\n<p>Le CD offert avec le livre porte seize enregistrements originaux transcrits dans l&#8217;ouvrage : le plaisir d&#8217;entendre de l&#8217;occitan authentique parl\u00e9 par un locuteur &#8220;naturel&#8221;.<\/p>\n<p>En occitan (nord-languedocien), avec r\u00e9sum\u00e9s, glossaire et commentaires en fran\u00e7ais.<\/p>\n<p>Choix et transcriptions de F\u00e9lix Daval<br \/>\nPr\u00e9face de Jean-Claude Rocher<br \/>\navec les contributions de Mich\u00e8le Gardr\u00e9-Vali\u00e8re, Catherine Liethoudt, Valentin Miserachs et Michel Vali\u00e8re.<\/p>\n","protected":false},"excerpt":{"rendered":"<p>Exploitant d&#8217;une petite ferme \u00e0 Montcalvy de Badailhac (Cantal), Antonin Daval (1913-1998) a re\u00e7u de sa famille la langue occitane et, de son grand-p\u00e8re en particulier, une riche tradition orale de contes et de chansons ainsi qu&#8217;une profonde connaissance des pratiques anciennes. Son go\u00fbt de l&#8217;ind\u00e9pendance, de la communication, des contacts et son amour des [&hellip;]<\/p>\n","protected":false},"featured_media":24035,"template":"","meta":{"_acf_changed":false,"_genesis_hide_title":false,"_genesis_hide_breadcrumbs":false,"_genesis_hide_singular_image":false,"_genesis_hide_footer_widgets":false,"_genesis_custom_body_class":"","_genesis_custom_post_class":"","_genesis_layout":""},"product_brand":[],"product_cat":[7132,7174,7186],"product_tag":[],"class_list":{"0":"post-24034","1":"product","2":"type-product","3":"status-publish","4":"has-post-thumbnail","6":"product_cat-books","7":"product_cat-literature-en","8":"product_cat-personal-narratives-memoirs-en","9":"pa_auteur-daval-antonin-en","10":"pa_editeur-lostal-del-libre-en","11":"pa_langue-occitan-en","12":"pa_langue-occitan-lengadocian-en","13":"entry","15":"first","16":"instock","17":"shipping-taxable","18":"purchasable","19":"product-type-simple"},"acf":[],"_links":{"self":[{"href":"https:\/\/www.libraria-occitana.org\/en\/wp-json\/wp\/v2\/product\/24034","targetHints":{"allow":["GET"]}}],"collection":[{"href":"https:\/\/www.libraria-occitana.org\/en\/wp-json\/wp\/v2\/product"}],"about":[{"href":"https:\/\/www.libraria-occitana.org\/en\/wp-json\/wp\/v2\/types\/product"}],"wp:featuredmedia":[{"embeddable":true,"href":"https:\/\/www.libraria-occitana.org\/en\/wp-json\/wp\/v2\/media\/24035"}],"wp:attachment":[{"href":"https:\/\/www.libraria-occitana.org\/en\/wp-json\/wp\/v2\/media?parent=24034"}],"wp:term":[{"taxonomy":"product_brand","embeddable":true,"href":"https:\/\/www.libraria-occitana.org\/en\/wp-json\/wp\/v2\/product_brand?post=24034"},{"taxonomy":"product_cat","embeddable":true,"href":"https:\/\/www.libraria-occitana.org\/en\/wp-json\/wp\/v2\/product_cat?post=24034"},{"taxonomy":"product_tag","embeddable":true,"href":"https:\/\/www.libraria-occitana.org\/en\/wp-json\/wp\/v2\/product_tag?post=24034"}],"curies":[{"name":"wp","href":"https:\/\/api.w.org\/{rel}","templated":true}]}}