{"id":24040,"date":"2015-05-01T14:03:44","date_gmt":"2015-05-01T13:03:44","guid":{"rendered":"http:\/\/www.libraria-occitana.org\/all-products\/sosc-reve-libre-cd?lang=en"},"modified":"2026-04-09T22:51:20","modified_gmt":"2026-04-09T20:51:20","slug":"sosc-reve-libre-cd","status":"publish","type":"product","link":"https:\/\/www.libraria-occitana.org\/en\/product\/sosc-reve-libre-cd\/","title":{"rendered":"Sosc &#8211; R\u00eave (libre + CD)"},"content":{"rendered":"<p>\u00ab Soscarem, dins la nu\u00e8it, a de sorgas perdudas\u2026 Nos r\u00eaverons, dans le soir, \u00e0 des sources perdues\u2026\u00bb Ces sources perdues ce sont celles des commencements : de l\u2019amour, du printemps, de l\u2019eau vive et des oiseaux, des roses et des feux de joie, des chants des troubadours, de la petite fille, du village et de son ciel\u2026 Par-del\u00e0 les peines, la maladie, le deuil et la guerre. \u00ab <em>Bre\u00e7air\u00f2las<\/em> \u00bb, \u00ab <em>Cants<\/em> \u00bb, \u00ab <em>Can\u00e7ons<\/em> \u00bb ou \u00ab <em>Dan\u00e7as<\/em> \u00bb, \u00ab <em>Preg\u00e0rias<\/em> \u00bb, \u00ab <em>Rondas<\/em> \u00bb, instantan\u00e9s de <em>Sorgas<\/em>, ou po\u00e8me de compassion pour les vaincus de la Croisade contre les Albigeois de <em>Fresca<\/em>, ne pouvaient trouver plus juste voix et plus authentique que celle de Ren\u00e9 Rouquier.<\/p>\n<p>\u00c9dition bilingue. Po\u00e8mes en occitan dits par Ren\u00e9 Rouquier.<\/p>\n","protected":false},"excerpt":{"rendered":"<p>\u00ab Soscarem, dins la nu\u00e8it, a de sorgas perdudas\u2026 Nos r\u00eaverons, dans le soir, \u00e0 des sources perdues\u2026\u00bb Ces sources perdues ce sont celles des commencements : de l\u2019amour, du printemps, de l\u2019eau vive et des oiseaux, des roses et des feux de joie, des chants des troubadours, de la petite fille, du village et [&hellip;]<\/p>\n","protected":false},"featured_media":24041,"template":"","meta":{"_acf_changed":false,"_genesis_hide_title":false,"_genesis_hide_breadcrumbs":false,"_genesis_hide_singular_image":false,"_genesis_hide_footer_widgets":false,"_genesis_custom_body_class":"","_genesis_custom_post_class":"","_genesis_layout":""},"product_brand":[],"product_cat":[7132,7174,7180],"product_tag":[],"class_list":{"0":"post-24040","1":"product","2":"type-product","3":"status-publish","4":"has-post-thumbnail","6":"product_cat-books","7":"product_cat-literature-en","8":"product_cat-poetry-en","9":"pa_auteur-paulin-loisa-en","10":"pa_editeur-vent-terral-en","11":"pa_langue-occitan-lengadocian-en","12":"pa_langue-occitan-francais-en","13":"entry","15":"first","16":"instock","17":"shipping-taxable","18":"purchasable","19":"product-type-simple"},"acf":[],"_links":{"self":[{"href":"https:\/\/www.libraria-occitana.org\/en\/wp-json\/wp\/v2\/product\/24040","targetHints":{"allow":["GET"]}}],"collection":[{"href":"https:\/\/www.libraria-occitana.org\/en\/wp-json\/wp\/v2\/product"}],"about":[{"href":"https:\/\/www.libraria-occitana.org\/en\/wp-json\/wp\/v2\/types\/product"}],"wp:featuredmedia":[{"embeddable":true,"href":"https:\/\/www.libraria-occitana.org\/en\/wp-json\/wp\/v2\/media\/24041"}],"wp:attachment":[{"href":"https:\/\/www.libraria-occitana.org\/en\/wp-json\/wp\/v2\/media?parent=24040"}],"wp:term":[{"taxonomy":"product_brand","embeddable":true,"href":"https:\/\/www.libraria-occitana.org\/en\/wp-json\/wp\/v2\/product_brand?post=24040"},{"taxonomy":"product_cat","embeddable":true,"href":"https:\/\/www.libraria-occitana.org\/en\/wp-json\/wp\/v2\/product_cat?post=24040"},{"taxonomy":"product_tag","embeddable":true,"href":"https:\/\/www.libraria-occitana.org\/en\/wp-json\/wp\/v2\/product_tag?post=24040"}],"curies":[{"name":"wp","href":"https:\/\/api.w.org\/{rel}","templated":true}]}}