{"id":24047,"date":"2015-05-01T12:09:07","date_gmt":"2015-05-01T10:09:07","guid":{"rendered":"http:\/\/www.libraria-occitana.org\/all-products\/lo-pitit-ome?lang=en"},"modified":"2026-04-29T02:41:39","modified_gmt":"2026-04-29T00:41:39","slug":"lo-pitit-ome","status":"publish","type":"product","link":"https:\/\/www.libraria-occitana.org\/en\/product\/lo-pitit-ome\/","title":{"rendered":"Lo Pitit \u00d2me"},"content":{"rendered":"<p><strong>Amandine Goudouneix :<\/strong> Violon, percussions<br \/>\n<strong>Cassie Zahra :<\/strong> Violon, accord\u00e9on chromatique, bol tib\u00e9tain<br \/>\n<strong>Antoine Marot :<\/strong> Chant, accord\u00e9on diatonique<br \/>\n<strong>Fr\u00e9d\u00e9rick Yvonne :<\/strong> Accord\u00e9on diatonique<br \/>\n<strong>Pierre-Jean Muet :<\/strong> Guitare, fl\u00fbte<\/p>\n<p>\u00ab Lo Pitit \u00d2me \u00bb, c&#8217;est le titre d&#8217;un des onze morceaux du disque. La moiti\u00e9 des titres a \u00e9t\u00e9 enregistr\u00e9e en live lors de deux bals \u00e0 Meuzac, l&#8217;autre partie au studio Ou\u00ef Dire de Limoges. Cinq titres sont de leur composition ou celles d&#8217;amis, les autres sont traditionnels.<\/p>\n<p>Livret tr\u00e8s complet avec partitions, textes, traductions ainsi que des commentaires <a href=\"http:\/\/media.wix.com\/ugd\/6cd67b_502fcff064124425906b17328dd41b09.pdf\">disponible en ligne<\/a>.<\/p>\n<p><strong>Titres :<\/strong><br \/>\n1. Lo Pitit \u00d2me<br \/>\n2. Jolis hauts<br \/>\n3. Scottish du C\u0153ur<br \/>\n4. Hanterdro sous la neige<br \/>\n5. Derri\u00e8re chez nous &amp; The Last Chance<br \/>\n6. Jigs Fabinoux &amp; Oblique<br \/>\n7. Mazurka Lo Voyatge &amp; Mazurkadela<br \/>\n8. Scottish de Minuit &amp; Scottish \u00e0 Violon<br \/>\n9. Polkas piqu\u00e9es &amp; Tilou Tilou<br \/>\n10. La Valse de la Mari\u00e9e<br \/>\n11. Abal dins lo rivateu, Bourr\u00e9e du Rouergue<\/p>\n<p><strong>Scottish du c\u0153ur<\/strong><\/p>\n<p><audio class=\"wp-audio-shortcode\" id=\"audio-24047-1\" preload=\"none\" style=\"width: 100%;\" controls=\"controls\"><source type=\"audio\/mpeg\" src=\"https:\/\/www.libraria-occitana.org\/wp-content\/uploads\/2015\/05\/Valsaviris.mp3?_=1\" \/><a href=\"https:\/\/www.libraria-occitana.org\/wp-content\/uploads\/2015\/05\/Valsaviris.mp3\">https:\/\/www.libraria-occitana.org\/wp-content\/uploads\/2015\/05\/Valsaviris.mp3<\/a><\/audio><\/p>\n<p><strong>Scottish de Minuit &#8211; Scottish \u00e0 violon<\/strong><\/p>\n<p><audio class=\"wp-audio-shortcode\" id=\"audio-24047-2\" preload=\"none\" style=\"width: 100%;\" controls=\"controls\"><source type=\"audio\/mpeg\" src=\"https:\/\/www.libraria-occitana.org\/wp-content\/uploads\/2015\/05\/Valsaviris-1.mp3?_=2\" \/><a href=\"https:\/\/www.libraria-occitana.org\/wp-content\/uploads\/2015\/05\/Valsaviris-1.mp3\">https:\/\/www.libraria-occitana.org\/wp-content\/uploads\/2015\/05\/Valsaviris-1.mp3<\/a><\/audio><\/p>\n<p><strong>Lo Pitit \u00d2me<\/strong><\/p>\n<p><audio class=\"wp-audio-shortcode\" id=\"audio-24047-3\" preload=\"none\" style=\"width: 100%;\" controls=\"controls\"><source type=\"audio\/mpeg\" src=\"https:\/\/www.libraria-occitana.org\/wp-content\/uploads\/2015\/05\/Valsaviris-2.mp3?_=3\" \/><a href=\"https:\/\/www.libraria-occitana.org\/wp-content\/uploads\/2015\/05\/Valsaviris-2.mp3\">https:\/\/www.libraria-occitana.org\/wp-content\/uploads\/2015\/05\/Valsaviris-2.mp3<\/a><\/audio><\/p>\n","protected":false},"excerpt":{"rendered":"<p>Amandine Goudouneix : Violon, percussions Cassie Zahra : Violon, accord\u00e9on chromatique, bol tib\u00e9tain Antoine Marot : Chant, accord\u00e9on diatonique Fr\u00e9d\u00e9rick Yvonne : Accord\u00e9on diatonique Pierre-Jean Muet : Guitare, fl\u00fbte \u00ab Lo Pitit \u00d2me \u00bb, c&#8217;est le titre d&#8217;un des onze morceaux du disque. La moiti\u00e9 des titres a \u00e9t\u00e9 enregistr\u00e9e en live lors de deux [&hellip;]<\/p>\n","protected":false},"featured_media":24051,"template":"","meta":{"_acf_changed":false,"_genesis_hide_title":false,"_genesis_hide_breadcrumbs":false,"_genesis_hide_singular_image":false,"_genesis_hide_footer_widgets":false,"_genesis_custom_body_class":"","_genesis_custom_post_class":"","_genesis_layout":""},"product_brand":[],"product_cat":[7228,7216],"product_tag":[],"class_list":{"0":"post-24047","1":"product","2":"type-product","3":"status-publish","4":"has-post-thumbnail","6":"product_cat-modern-folk-en","7":"product_cat-music-en","8":"pa_auteur-valsaviris-en","9":"pa_editeur-valsaviris-fr-en","10":"pa_langue-occitan-en","11":"pa_langue-occitan-lemosin-en","12":"entry","14":"first","15":"outofstock","16":"shipping-taxable","17":"purchasable","18":"product-type-simple"},"acf":[],"_links":{"self":[{"href":"https:\/\/www.libraria-occitana.org\/en\/wp-json\/wp\/v2\/product\/24047","targetHints":{"allow":["GET"]}}],"collection":[{"href":"https:\/\/www.libraria-occitana.org\/en\/wp-json\/wp\/v2\/product"}],"about":[{"href":"https:\/\/www.libraria-occitana.org\/en\/wp-json\/wp\/v2\/types\/product"}],"wp:featuredmedia":[{"embeddable":true,"href":"https:\/\/www.libraria-occitana.org\/en\/wp-json\/wp\/v2\/media\/24051"}],"wp:attachment":[{"href":"https:\/\/www.libraria-occitana.org\/en\/wp-json\/wp\/v2\/media?parent=24047"}],"wp:term":[{"taxonomy":"product_brand","embeddable":true,"href":"https:\/\/www.libraria-occitana.org\/en\/wp-json\/wp\/v2\/product_brand?post=24047"},{"taxonomy":"product_cat","embeddable":true,"href":"https:\/\/www.libraria-occitana.org\/en\/wp-json\/wp\/v2\/product_cat?post=24047"},{"taxonomy":"product_tag","embeddable":true,"href":"https:\/\/www.libraria-occitana.org\/en\/wp-json\/wp\/v2\/product_tag?post=24047"}],"curies":[{"name":"wp","href":"https:\/\/api.w.org\/{rel}","templated":true}]}}