{"id":24056,"date":"2015-07-01T19:15:29","date_gmt":"2015-07-01T18:15:29","guid":{"rendered":"http:\/\/www.libraria-occitana.org\/all-products\/antoni-o-la-resistencia-despanha-a-la-region-tolzana?lang=en"},"modified":"2026-04-29T05:56:10","modified_gmt":"2026-04-29T03:56:10","slug":"antoni-o-la-resistencia-despanha-a-la-region-tolzana","status":"publish","type":"product","link":"https:\/\/www.libraria-occitana.org\/en\/product\/antoni-o-la-resistencia-despanha-a-la-region-tolzana\/","title":{"rendered":"Antoni o la resist\u00e8ncia : D&#8217;Espanha a la region tolzana"},"content":{"rendered":"<p>1939, Argel\u00e8s-sur-Mer. Antonio arrive au camp de r\u00e9fugi\u00e9s espagnols avec sa m\u00e8re et sa s\u0153ur. Ils doivent y retrouver leur p\u00e8re, Jorge, r\u00e9sistant r\u00e9publicain contraint \u00e0 l&#8217;exil apr\u00e8s la victoire de Franco.<\/p>\n<p>Coll\u00e8ge.<\/p>\n<p>Traduction d&#8217;<em>Antonio ou la R\u00e9sistance, de l&#8217;Espagne \u00e0 la r\u00e9gion toulousaine<\/em><br \/>\nValentine Goby, Ronan Badel, 2014, \u00c9ditions Autrement, Collection Fran\u00e7ais d&#8217;Ailleurs<\/p>\n","protected":false},"excerpt":{"rendered":"<p>1939, Argel\u00e8s-sur-Mer. Antonio arrive au camp de r\u00e9fugi\u00e9s espagnols avec sa m\u00e8re et sa s\u0153ur. Ils doivent y retrouver leur p\u00e8re, Jorge, r\u00e9sistant r\u00e9publicain contraint \u00e0 l&#8217;exil apr\u00e8s la victoire de Franco. Coll\u00e8ge. Traduction d&#8217;Antonio ou la R\u00e9sistance, de l&#8217;Espagne \u00e0 la r\u00e9gion toulousaine Valentine Goby, Ronan Badel, 2014, \u00c9ditions Autrement, Collection Fran\u00e7ais d&#8217;Ailleurs<\/p>\n","protected":false},"featured_media":24057,"template":"","meta":{"_acf_changed":false,"_genesis_hide_title":false,"_genesis_hide_breadcrumbs":false,"_genesis_hide_singular_image":false,"_genesis_hide_footer_widgets":false,"_genesis_custom_body_class":"","_genesis_custom_post_class":"","_genesis_layout":""},"product_brand":[],"product_cat":[7132,7164,7166],"product_tag":[],"class_list":{"0":"post-24056","1":"product","2":"type-product","3":"status-publish","4":"has-post-thumbnail","6":"product_cat-books","7":"product_cat-juvenile-and-teen-comics-humour-en","8":"product_cat-teen-en","9":"pa_auteur-badel-ronan-en","10":"pa_auteur-goby-valentine-en","11":"pa_editeur-canope-editions-en","12":"pa_illustrateur-decamps-domenja-decomps-dominique-en","13":"pa_langue-occitan-en","14":"pa_langue-occitan-lemosin-en","15":"entry","17":"first","18":"instock","19":"shipping-taxable","20":"purchasable","21":"product-type-simple"},"acf":[],"_links":{"self":[{"href":"https:\/\/www.libraria-occitana.org\/en\/wp-json\/wp\/v2\/product\/24056","targetHints":{"allow":["GET"]}}],"collection":[{"href":"https:\/\/www.libraria-occitana.org\/en\/wp-json\/wp\/v2\/product"}],"about":[{"href":"https:\/\/www.libraria-occitana.org\/en\/wp-json\/wp\/v2\/types\/product"}],"wp:featuredmedia":[{"embeddable":true,"href":"https:\/\/www.libraria-occitana.org\/en\/wp-json\/wp\/v2\/media\/24057"}],"wp:attachment":[{"href":"https:\/\/www.libraria-occitana.org\/en\/wp-json\/wp\/v2\/media?parent=24056"}],"wp:term":[{"taxonomy":"product_brand","embeddable":true,"href":"https:\/\/www.libraria-occitana.org\/en\/wp-json\/wp\/v2\/product_brand?post=24056"},{"taxonomy":"product_cat","embeddable":true,"href":"https:\/\/www.libraria-occitana.org\/en\/wp-json\/wp\/v2\/product_cat?post=24056"},{"taxonomy":"product_tag","embeddable":true,"href":"https:\/\/www.libraria-occitana.org\/en\/wp-json\/wp\/v2\/product_tag?post=24056"}],"curies":[{"name":"wp","href":"https:\/\/api.w.org\/{rel}","templated":true}]}}