{"id":24060,"date":"2015-07-01T13:56:58","date_gmt":"2015-07-01T12:56:58","guid":{"rendered":"http:\/\/www.libraria-occitana.org\/all-products\/les-animaux-de-la-fete-occitane?lang=en"},"modified":"2026-04-20T00:21:39","modified_gmt":"2026-04-19T22:21:39","slug":"les-animaux-de-la-fete-occitane","status":"publish","type":"product","link":"https:\/\/www.libraria-occitana.org\/en\/product\/les-animaux-de-la-fete-occitane\/","title":{"rendered":"Les Animaux de la f\u00eate occitane"},"content":{"rendered":"<p>Pour marquer leur culture en Terre Occitane certains animaux totems entonnent des hymnes. D&#8217;autres pr\u00e9f\u00e8rent l&#8217;identit\u00e9 intime du bon vin et de la bonne ch\u00e8re. Les terroirs du Sud de la France ajoutent au plaisir de la table la furia festive d&#8217;un animal symbolique qui r\u00e9sume par ses danses et ses rituels \u00ab l&#8217;esprit du lieu \u00bb. Les origines de ces totems sont aussi diverses que les l\u00e9gendes qui les authentifient. Ils n&#8217;en finissent pas de r\u00e9veiller \u00ab une sacr\u00e9e nature \u00bb au c\u0153ur de la cit\u00e9.<\/p>\n","protected":false},"excerpt":{"rendered":"<p>Pour marquer leur culture en Terre Occitane certains animaux totems entonnent des hymnes. D&#8217;autres pr\u00e9f\u00e8rent l&#8217;identit\u00e9 intime du bon vin et de la bonne ch\u00e8re. Les terroirs du Sud de la France ajoutent au plaisir de la table la furia festive d&#8217;un animal symbolique qui r\u00e9sume par ses danses et ses rituels \u00ab l&#8217;esprit du [&hellip;]<\/p>\n","protected":false},"featured_media":24061,"template":"","meta":{"_acf_changed":false,"_genesis_hide_title":false,"_genesis_hide_breadcrumbs":false,"_genesis_hide_singular_image":false,"_genesis_hide_footer_widgets":false,"_genesis_custom_body_class":"","_genesis_custom_post_class":"","_genesis_layout":""},"product_brand":[],"product_cat":[7132,7208,7206],"product_tag":[],"class_list":{"0":"post-24060","1":"product","2":"type-product","3":"status-publish","4":"has-post-thumbnail","6":"product_cat-books","7":"product_cat-customs-rites-and-beliefs-en","8":"product_cat-traditions-heritage-en","9":"pa_auteur-alranq-claude-en","10":"pa_editeur-editions-du-mont-en","11":"pa_illustrateur-roussillat-vincent-en","12":"pa_langue-francais-en","13":"entry","15":"first","16":"outofstock","17":"shipping-taxable","18":"purchasable","19":"product-type-simple"},"acf":[],"_links":{"self":[{"href":"https:\/\/www.libraria-occitana.org\/en\/wp-json\/wp\/v2\/product\/24060","targetHints":{"allow":["GET"]}}],"collection":[{"href":"https:\/\/www.libraria-occitana.org\/en\/wp-json\/wp\/v2\/product"}],"about":[{"href":"https:\/\/www.libraria-occitana.org\/en\/wp-json\/wp\/v2\/types\/product"}],"wp:featuredmedia":[{"embeddable":true,"href":"https:\/\/www.libraria-occitana.org\/en\/wp-json\/wp\/v2\/media\/24061"}],"wp:attachment":[{"href":"https:\/\/www.libraria-occitana.org\/en\/wp-json\/wp\/v2\/media?parent=24060"}],"wp:term":[{"taxonomy":"product_brand","embeddable":true,"href":"https:\/\/www.libraria-occitana.org\/en\/wp-json\/wp\/v2\/product_brand?post=24060"},{"taxonomy":"product_cat","embeddable":true,"href":"https:\/\/www.libraria-occitana.org\/en\/wp-json\/wp\/v2\/product_cat?post=24060"},{"taxonomy":"product_tag","embeddable":true,"href":"https:\/\/www.libraria-occitana.org\/en\/wp-json\/wp\/v2\/product_tag?post=24060"}],"curies":[{"name":"wp","href":"https:\/\/api.w.org\/{rel}","templated":true}]}}