{"id":24066,"date":"2015-07-01T11:48:07","date_gmt":"2015-07-01T10:48:07","guid":{"rendered":"http:\/\/www.libraria-occitana.org\/all-products\/la-crotz-e-la-baniere-la-croix-et-la-banniere-en-lemosin-19?lang=en"},"modified":"2025-03-09T00:54:08","modified_gmt":"2025-03-08T23:54:08","slug":"la-crotz-e-la-baniere-la-croix-et-la-banniere-en-lemosin-19","status":"publish","type":"product","link":"https:\/\/www.libraria-occitana.org\/en\/product\/la-crotz-e-la-baniere-la-croix-et-la-banniere-en-lemosin-19\/","title":{"rendered":"La crotz e la bani\u00e8re &#8211; La croix et la banni\u00e8re (En Lemosin 19)"},"content":{"rendered":"<p><strong>La procion de Manhac<\/strong><br \/>\nLa procession des Neuf lieues de Magnac-Laval<\/p>\n<p><strong>Fau aver la \u00ab\u00a0foi \u00bb\u00a0per faire la procion de Manhac, tot le monde a une bone rason per segre e prejar tot le long dau chamin de sent Maximin.<\/strong><\/p>\n<p>52,400 km, telle est la distance parcourue, depuis des si\u00e8cles, par les processionnaires de Magnac-Laval en l\u2019honneur de leur patron saint Maximin, derri\u00e8re <strong>la crotz e la bani\u00e8re<\/strong>. Conduite par la confr\u00e9rie du saint, <strong>la procion<\/strong> commence en pleine nuit, apr\u00e8s une messe de minuit et s\u2019ach\u00e8ve le lendemain soir. Le latin, dans lequel sont les chants et les pri\u00e8res, y est encore \u00e0 l\u2019honneur. Beaucoup accomplissent ce beau, mais difficile chemin par v\u0153ux. Nous avons suivie <strong>la procion<\/strong> en 2014, guid\u00e9s par de vieux habitu\u00e9s, qui nous ont fait partager, en occitan limousin et en marchois (car Magnac se trouve tout au nord de l&#8217;aire culturelle occitane), leur longue exp\u00e9rience de d\u00e9votion et d\u2019observation participante.<\/p>\n<p>Documentaire en occitan sous-titr\u00e9 en fran\u00e7ais, 2015.<\/p>\n","protected":false},"excerpt":{"rendered":"<p>La procion de Manhac La procession des Neuf lieues de Magnac-Laval Fau aver la \u00ab\u00a0foi \u00bb\u00a0per faire la procion de Manhac, tot le monde a une bone rason per segre e prejar tot le long dau chamin de sent Maximin. 52,400 km, telle est la distance parcourue, depuis des si\u00e8cles, par les processionnaires de Magnac-Laval [&hellip;]<\/p>\n","protected":false},"featured_media":24067,"template":"","meta":{"_acf_changed":false,"_genesis_hide_title":false,"_genesis_hide_breadcrumbs":false,"_genesis_hide_singular_image":false,"_genesis_hide_footer_widgets":false,"_genesis_custom_body_class":"","_genesis_custom_post_class":"","_genesis_layout":""},"product_brand":[],"product_cat":[7241,7249],"product_tag":[],"class_list":{"0":"post-24066","1":"product","2":"type-product","3":"status-publish","4":"has-post-thumbnail","6":"product_cat-documentary-en","7":"product_cat-videos-3-en","8":"pa_auteur-ieo-lemosin-fr-en","9":"pa_editeur-ieo-lemosin-en-2","10":"pa_langue-occitan-lemosin-en","11":"pa_langue-occitan-francais-en","12":"entry","14":"first","15":"outofstock","16":"shipping-taxable","17":"purchasable","18":"product-type-simple"},"acf":[],"_links":{"self":[{"href":"https:\/\/www.libraria-occitana.org\/en\/wp-json\/wp\/v2\/product\/24066","targetHints":{"allow":["GET"]}}],"collection":[{"href":"https:\/\/www.libraria-occitana.org\/en\/wp-json\/wp\/v2\/product"}],"about":[{"href":"https:\/\/www.libraria-occitana.org\/en\/wp-json\/wp\/v2\/types\/product"}],"wp:featuredmedia":[{"embeddable":true,"href":"https:\/\/www.libraria-occitana.org\/en\/wp-json\/wp\/v2\/media\/24067"}],"wp:attachment":[{"href":"https:\/\/www.libraria-occitana.org\/en\/wp-json\/wp\/v2\/media?parent=24066"}],"wp:term":[{"taxonomy":"product_brand","embeddable":true,"href":"https:\/\/www.libraria-occitana.org\/en\/wp-json\/wp\/v2\/product_brand?post=24066"},{"taxonomy":"product_cat","embeddable":true,"href":"https:\/\/www.libraria-occitana.org\/en\/wp-json\/wp\/v2\/product_cat?post=24066"},{"taxonomy":"product_tag","embeddable":true,"href":"https:\/\/www.libraria-occitana.org\/en\/wp-json\/wp\/v2\/product_tag?post=24066"}],"curies":[{"name":"wp","href":"https:\/\/api.w.org\/{rel}","templated":true}]}}