{"id":24069,"date":"2015-07-01T11:41:51","date_gmt":"2015-07-01T09:41:51","guid":{"rendered":"http:\/\/www.libraria-occitana.org\/all-products\/contes-dels-balssas?lang=en"},"modified":"2026-04-18T22:41:24","modified_gmt":"2026-04-18T20:41:24","slug":"contes-dels-balssas","status":"publish","type":"product","link":"https:\/\/www.libraria-occitana.org\/en\/product\/contes-dels-balssas\/","title":{"rendered":"Contes dels Balss\u00e0s"},"content":{"rendered":"<p>Il s\u2019agit du deuxi\u00e8me livre de contes publi\u00e9 par l\u2019\u00e9crivain occitan Joan Bodon aussi connu en fran\u00e7ais sous le nom de Jean Boudou. Pour la gen\u00e8se de ce livre, Joan Bodon a \u00e9t\u00e9 \u00e0 l\u2019\u00e9coute des r\u00e9cits v\u00e9hicul\u00e9s dans la vall\u00e9e du Viaur par les conteurs traditionnels.<br \/>\nCes dix-huit contes situ\u00e9s dans la vall\u00e9e du Viaur composent l\u2019histoire d\u2019une famille et une sorte de g\u00e9n\u00e9alogie \u2013 r\u00e9elle ou imaginaire \u2013 inspir\u00e9e \u00e0 l\u2019auteur par sa m\u00e8re, Albania Balssa, elle-m\u00eame grande conteuse.<\/p>\n<p><strong>Jean Boudou<\/strong>\u00a0(Joan Bodon en occitan)(Crespin, 11\/12\/1920 &#8211; Alg\u00e9rie, 24\/02\/1975), est un des grands \u00e9crivains du monde moderne. Marqu\u00e9 par l\u2018imaginaire du conte, il aborde dans son \u0153uvre des th\u00e8mes universels ou bibliques pour parler de son intimit\u00e9 avec la langue occitane qu\u2019il voit d\u00e9cliner.<\/p>\n","protected":false},"excerpt":{"rendered":"<p>Il s\u2019agit du deuxi\u00e8me livre de contes publi\u00e9 par l\u2019\u00e9crivain occitan Joan Bodon aussi connu en fran\u00e7ais sous le nom de Jean Boudou. Pour la gen\u00e8se de ce livre, Joan Bodon a \u00e9t\u00e9 \u00e0 l\u2019\u00e9coute des r\u00e9cits v\u00e9hicul\u00e9s dans la vall\u00e9e du Viaur par les conteurs traditionnels. Ces dix-huit contes situ\u00e9s dans la vall\u00e9e du [&hellip;]<\/p>\n","protected":false},"featured_media":17492,"template":"","meta":{"_acf_changed":false,"_genesis_hide_title":false,"_genesis_hide_breadcrumbs":false,"_genesis_hide_singular_image":false,"_genesis_hide_footer_widgets":false,"_genesis_custom_body_class":"","_genesis_custom_post_class":"","_genesis_layout":""},"product_brand":[],"product_cat":[7132,7174,7176],"product_tag":[],"class_list":{"0":"post-24069","1":"product","2":"type-product","3":"status-publish","4":"has-post-thumbnail","6":"product_cat-books","7":"product_cat-literature-en","8":"product_cat-tales-fables-en","9":"pa_auteur-bodon-joan-en","10":"pa_editeur-ieo-fr-en","11":"pa_langue-occitan-en","12":"pa_langue-occitan-lengadocian-en","13":"entry","15":"first","16":"instock","17":"shipping-taxable","18":"purchasable","19":"product-type-simple"},"acf":[],"_links":{"self":[{"href":"https:\/\/www.libraria-occitana.org\/en\/wp-json\/wp\/v2\/product\/24069","targetHints":{"allow":["GET"]}}],"collection":[{"href":"https:\/\/www.libraria-occitana.org\/en\/wp-json\/wp\/v2\/product"}],"about":[{"href":"https:\/\/www.libraria-occitana.org\/en\/wp-json\/wp\/v2\/types\/product"}],"wp:featuredmedia":[{"embeddable":true,"href":"https:\/\/www.libraria-occitana.org\/en\/wp-json\/wp\/v2\/media\/17492"}],"wp:attachment":[{"href":"https:\/\/www.libraria-occitana.org\/en\/wp-json\/wp\/v2\/media?parent=24069"}],"wp:term":[{"taxonomy":"product_brand","embeddable":true,"href":"https:\/\/www.libraria-occitana.org\/en\/wp-json\/wp\/v2\/product_brand?post=24069"},{"taxonomy":"product_cat","embeddable":true,"href":"https:\/\/www.libraria-occitana.org\/en\/wp-json\/wp\/v2\/product_cat?post=24069"},{"taxonomy":"product_tag","embeddable":true,"href":"https:\/\/www.libraria-occitana.org\/en\/wp-json\/wp\/v2\/product_tag?post=24069"}],"curies":[{"name":"wp","href":"https:\/\/api.w.org\/{rel}","templated":true}]}}