{"id":24070,"date":"2015-06-10T17:16:09","date_gmt":"2015-06-10T16:16:09","guid":{"rendered":"http:\/\/www.libraria-occitana.org\/all-products\/afogassets-e-trufarias?lang=en"},"modified":"2026-04-02T23:46:50","modified_gmt":"2026-04-02T21:46:50","slug":"afogassets-e-trufarias","status":"publish","type":"product","link":"https:\/\/www.libraria-occitana.org\/en\/product\/afogassets-e-trufarias\/","title":{"rendered":"Afogassets e trufari\u00e1s"},"content":{"rendered":"<p><strong>[oc]<\/strong><br \/>\nPel plaser de vos congostar e de vos regaudir en companhi\u00e1, aqu\u00ed lo receptari delici\u00f3s e imaginatiu que Mirelha Bra\u00e7 vos ofr\u00eds.<br \/>\nI descobriretz tot \u00e7\u00f2 que cal per vos obrir l&#8217;apet\u00eds en acomodant las si\u00e1s rec\u00e8ptas, tanplan occitanas coma vengudas d&#8217;autras ribas de mar, que las poiretz acompanhar d&#8217;un veirat de bon vin.<br \/>\nAmb un lexic occitan-franc\u00e9s.<\/p>\n<p>Illustracion de cub\u00e8rta de Muriel Selleron.<\/p>\n<p><strong>[fr]<\/strong><br \/>\nPour le plus grand plaisir des papilles et la convivialit\u00e9 d&#8217;un ap\u00e9ritif en compagnie, voici les d\u00e9licieuses recettes que vous propose Mireille.<br \/>\nDe quoi vous ouvrir l&#8217;app\u00e9tit en d\u00e9gustant ces amuse-gueules issus des terroirs occitans comme d&#8217;autres traditions plus lointaines, accompagn\u00e9s d&#8217;un verre de bon vin.<br \/>\nAvec un lexique occitan-fran\u00e7ais.<\/p>\n<p>Illustration de couverture de Muriel Selleron.<\/p>\n","protected":false},"excerpt":{"rendered":"<p>[oc] Pel plaser de vos congostar e de vos regaudir en companhi\u00e1, aqu\u00ed lo receptari delici\u00f3s e imaginatiu que Mirelha Bra\u00e7 vos ofr\u00eds. I descobriretz tot \u00e7\u00f2 que cal per vos obrir l&#8217;apet\u00eds en acomodant las si\u00e1s rec\u00e8ptas, tanplan occitanas coma vengudas d&#8217;autras ribas de mar, que las poiretz acompanhar d&#8217;un veirat de bon vin. [&hellip;]<\/p>\n","protected":false},"featured_media":24071,"template":"","meta":{"_acf_changed":false,"_genesis_hide_title":false,"_genesis_hide_breadcrumbs":false,"_genesis_hide_singular_image":false,"_genesis_hide_footer_widgets":false,"_genesis_custom_body_class":"","_genesis_custom_post_class":"","_genesis_layout":""},"product_brand":[],"product_cat":[7132,7206,7210],"product_tag":[],"class_list":{"0":"post-24070","1":"product","2":"type-product","3":"status-publish","4":"has-post-thumbnail","6":"product_cat-books","7":"product_cat-traditions-heritage-en","8":"product_cat-cooking-cuisine-en","9":"pa_auteur-brac-mirelha-en","10":"pa_editeur-letras-doc-en","11":"pa_langue-occitan-lengadocian-en","12":"entry","14":"first","15":"instock","16":"shipping-taxable","17":"purchasable","18":"product-type-simple"},"acf":[],"_links":{"self":[{"href":"https:\/\/www.libraria-occitana.org\/en\/wp-json\/wp\/v2\/product\/24070","targetHints":{"allow":["GET"]}}],"collection":[{"href":"https:\/\/www.libraria-occitana.org\/en\/wp-json\/wp\/v2\/product"}],"about":[{"href":"https:\/\/www.libraria-occitana.org\/en\/wp-json\/wp\/v2\/types\/product"}],"wp:featuredmedia":[{"embeddable":true,"href":"https:\/\/www.libraria-occitana.org\/en\/wp-json\/wp\/v2\/media\/24071"}],"wp:attachment":[{"href":"https:\/\/www.libraria-occitana.org\/en\/wp-json\/wp\/v2\/media?parent=24070"}],"wp:term":[{"taxonomy":"product_brand","embeddable":true,"href":"https:\/\/www.libraria-occitana.org\/en\/wp-json\/wp\/v2\/product_brand?post=24070"},{"taxonomy":"product_cat","embeddable":true,"href":"https:\/\/www.libraria-occitana.org\/en\/wp-json\/wp\/v2\/product_cat?post=24070"},{"taxonomy":"product_tag","embeddable":true,"href":"https:\/\/www.libraria-occitana.org\/en\/wp-json\/wp\/v2\/product_tag?post=24070"}],"curies":[{"name":"wp","href":"https:\/\/api.w.org\/{rel}","templated":true}]}}