{"id":24078,"date":"2015-06-01T17:20:13","date_gmt":"2015-06-01T16:20:13","guid":{"rendered":"http:\/\/www.libraria-occitana.org\/all-products\/lescolas-de-firbes-les-ecoles-de-firbeix-en-lemosin-18?lang=en"},"modified":"2025-03-09T00:52:04","modified_gmt":"2025-03-08T23:52:04","slug":"lescolas-de-firbes-les-ecoles-de-firbeix-en-lemosin-18","status":"publish","type":"product","link":"https:\/\/www.libraria-occitana.org\/en\/product\/lescolas-de-firbes-les-ecoles-de-firbeix-en-lemosin-18\/","title":{"rendered":"L&#8217;esc\u00f2las de Firbes &#8211; Les \u00e9coles de Firbeix (En Lemosin 18)"},"content":{"rendered":"<p>Sur la commune de Firbeix, il y avait autrefois deux \u00e9coles, celle du bourg et, \u00e0 quelques kilom\u00e8tres de l\u00e0, celle du petit village de Paulhac.<\/p>\n<p>Depuis 1967, les cris d&#8217;enfants ne r\u00e9sonnent plus dans la cour de l&#8217;\u00e9cole de Paulhac ; \u00e0 Firbeix les portes se sont ferm\u00e9es d\u00e9finitivement en 2014.<\/p>\n<p>Les anciens \u00e9l\u00e8ves se souviennent des ann\u00e9es o\u00f9, petits \u00e9coliers en sabots, ils allaient y apprendre le fran\u00e7ais et se plier \u00e0 la dure discipline de l&#8217;\u00e9poque.<br \/>\nDes souvenirs des ann\u00e9es d&#8217;entre-deux guerres, \u00e0 ceux, bien plus r\u00e9cents de la fermeture, pr\u00e8s d&#8217;un si\u00e8cle d&#8217;histoire scolaire dans une petite commune rurale&#8230;<\/p>\n<p>Documentaire en occitan sous-titr\u00e9 en fran\u00e7ais.<\/p>\n","protected":false},"excerpt":{"rendered":"<p>Sur la commune de Firbeix, il y avait autrefois deux \u00e9coles, celle du bourg et, \u00e0 quelques kilom\u00e8tres de l\u00e0, celle du petit village de Paulhac. Depuis 1967, les cris d&#8217;enfants ne r\u00e9sonnent plus dans la cour de l&#8217;\u00e9cole de Paulhac ; \u00e0 Firbeix les portes se sont ferm\u00e9es d\u00e9finitivement en 2014. Les anciens \u00e9l\u00e8ves [&hellip;]<\/p>\n","protected":false},"featured_media":24079,"template":"","meta":{"_acf_changed":false,"_genesis_hide_title":false,"_genesis_hide_breadcrumbs":false,"_genesis_hide_singular_image":false,"_genesis_hide_footer_widgets":false,"_genesis_custom_body_class":"","_genesis_custom_post_class":"","_genesis_layout":""},"product_brand":[],"product_cat":[7241,7249],"product_tag":[],"class_list":{"0":"post-24078","1":"product","2":"type-product","3":"status-publish","4":"has-post-thumbnail","6":"product_cat-documentary-en","7":"product_cat-videos-3-en","8":"pa_auteur-ieo-lemosin-fr-en","9":"pa_editeur-ieo-lemosin-en-2","10":"pa_langue-occitan-lemosin-en","11":"pa_langue-occitan-francais-en","12":"entry","14":"first","15":"outofstock","16":"shipping-taxable","17":"purchasable","18":"product-type-simple"},"acf":[],"_links":{"self":[{"href":"https:\/\/www.libraria-occitana.org\/en\/wp-json\/wp\/v2\/product\/24078","targetHints":{"allow":["GET"]}}],"collection":[{"href":"https:\/\/www.libraria-occitana.org\/en\/wp-json\/wp\/v2\/product"}],"about":[{"href":"https:\/\/www.libraria-occitana.org\/en\/wp-json\/wp\/v2\/types\/product"}],"wp:featuredmedia":[{"embeddable":true,"href":"https:\/\/www.libraria-occitana.org\/en\/wp-json\/wp\/v2\/media\/24079"}],"wp:attachment":[{"href":"https:\/\/www.libraria-occitana.org\/en\/wp-json\/wp\/v2\/media?parent=24078"}],"wp:term":[{"taxonomy":"product_brand","embeddable":true,"href":"https:\/\/www.libraria-occitana.org\/en\/wp-json\/wp\/v2\/product_brand?post=24078"},{"taxonomy":"product_cat","embeddable":true,"href":"https:\/\/www.libraria-occitana.org\/en\/wp-json\/wp\/v2\/product_cat?post=24078"},{"taxonomy":"product_tag","embeddable":true,"href":"https:\/\/www.libraria-occitana.org\/en\/wp-json\/wp\/v2\/product_tag?post=24078"}],"curies":[{"name":"wp","href":"https:\/\/api.w.org\/{rel}","templated":true}]}}