{"id":24102,"date":"2015-05-18T18:39:43","date_gmt":"2015-05-18T16:39:43","guid":{"rendered":"http:\/\/www.libraria-occitana.org\/all-products\/au-naissent-dun-trobaire-las-prumieras-chancons-1972-1974?lang=en"},"modified":"2026-04-29T02:11:09","modified_gmt":"2026-04-29T00:11:09","slug":"au-naissent-dun-trobaire-las-prumieras-chancons-1972-1974","status":"publish","type":"product","link":"https:\/\/www.libraria-occitana.org\/en\/product\/au-naissent-dun-trobaire-las-prumieras-chancons-1972-1974\/","title":{"rendered":"Au naissent d&#8217;un trobaire : las prumieras chan\u00e7ons 1972-1974"},"content":{"rendered":"<p><strong>Jan dau Melhau :<\/strong> composition, chant<br \/>\n<strong>Fr\u00e9d\u00e9ric Chabalier &amp; Marianne Tixeuil :<\/strong> guitares<\/p>\n<p>Jan dau Melhau a repris ses premi\u00e8res chansons, \u00e9crites entre 1972 et 1974, pour en faire un spectacle intitul\u00e9 \u00ab Au naissent d\u2019un trobaire \u00bb, suivi du disque que voici.<br \/>\nLa plupart de ces chansons n\u2019ont jamais \u00e9t\u00e9 chant\u00e9es.<br \/>\nUn coup de jeune\u2026 un coup de vieux\u2026<\/p>\n<p>Livret avec les paroles en occitan et une traduction en fran\u00e7ais.<\/p>\n<p><strong>Dessin de couverture :<\/strong> Jan-Marc Simeonin<\/p>\n<p><strong>Titres :<\/strong><br \/>\n1. La mespresa 3&#8217;02<br \/>\n2. Lo deleser 4&#8217;00<br \/>\n3. Lo dr\u00f2lle que vivia d&#8217;edeias 1&#8217;58<br \/>\n4. Las velhadas son crebadas 2&#8217;56<br \/>\n5. Lo planh de Traucaplais 2&#8217;22<br \/>\n6. La darriera fieira de Jan Biraud 4&#8217;33<br \/>\n7. Lo darrier viu 3&#8217;35<br \/>\n8. Lem\u00f2tges quand pleu 2&#8217;30<br \/>\n9. Los manigan\u00e7 5&#8217;24<br \/>\n10. Lo chen 2&#8217;39<br \/>\n11. Lo vilaud 2&#8217;09<br \/>\n12. Lo vielh Guilhem 3&#8217;26<br \/>\n13. Ist\u00f2ria de res 2&#8217;09<br \/>\n14. L&#8217;ivern 1&#8217;45<br \/>\n15. Si voletz, monsur&#8230; 3&#8217;00<br \/>\n16. Una nuech d&#8217;estiu 1&#8217;28<br \/>\n17. Lo pair 1&#8217;47<br \/>\n18. Brijons de vita 3&#8217;16<br \/>\n19. La machina 4&#8217;30<br \/>\n20. An barrat l&#8217;esc\u00f2la 2&#8217;40<br \/>\n21. L&#8217;einnocent dau vilatge 2&#8217;10<br \/>\n22. Lo violonaire 2&#8217;45<br \/>\n23. Un mandin 2&#8217;55<\/p>\n","protected":false},"excerpt":{"rendered":"<p>Jan dau Melhau : composition, chant Fr\u00e9d\u00e9ric Chabalier &amp; Marianne Tixeuil : guitares Jan dau Melhau a repris ses premi\u00e8res chansons, \u00e9crites entre 1972 et 1974, pour en faire un spectacle intitul\u00e9 \u00ab Au naissent d\u2019un trobaire \u00bb, suivi du disque que voici. La plupart de ces chansons n\u2019ont jamais \u00e9t\u00e9 chant\u00e9es. Un coup de [&hellip;]<\/p>\n","protected":false},"featured_media":24103,"template":"","meta":{"_acf_changed":false,"_genesis_hide_title":false,"_genesis_hide_breadcrumbs":false,"_genesis_hide_singular_image":false,"_genesis_hide_footer_widgets":false,"_genesis_custom_body_class":"","_genesis_custom_post_class":"","_genesis_layout":""},"product_brand":[],"product_cat":[7216,7218],"product_tag":[],"class_list":{"0":"post-24102","1":"product","2":"type-product","3":"status-publish","4":"has-post-thumbnail","6":"product_cat-music-en","7":"product_cat-voice-en","8":"pa_auteur-chabalier-frederic-en","9":"pa_auteur-melhau-jan-dau-fr-en","10":"pa_auteur-tixeuil-marianne-en","11":"pa_editeur-lo-chamin-de-sent-jaume-en","12":"pa_langue-occitan-en","13":"pa_langue-occitan-lemosin-en","14":"entry","16":"first","17":"instock","18":"shipping-taxable","19":"purchasable","20":"product-type-simple"},"acf":[],"_links":{"self":[{"href":"https:\/\/www.libraria-occitana.org\/en\/wp-json\/wp\/v2\/product\/24102","targetHints":{"allow":["GET"]}}],"collection":[{"href":"https:\/\/www.libraria-occitana.org\/en\/wp-json\/wp\/v2\/product"}],"about":[{"href":"https:\/\/www.libraria-occitana.org\/en\/wp-json\/wp\/v2\/types\/product"}],"wp:featuredmedia":[{"embeddable":true,"href":"https:\/\/www.libraria-occitana.org\/en\/wp-json\/wp\/v2\/media\/24103"}],"wp:attachment":[{"href":"https:\/\/www.libraria-occitana.org\/en\/wp-json\/wp\/v2\/media?parent=24102"}],"wp:term":[{"taxonomy":"product_brand","embeddable":true,"href":"https:\/\/www.libraria-occitana.org\/en\/wp-json\/wp\/v2\/product_brand?post=24102"},{"taxonomy":"product_cat","embeddable":true,"href":"https:\/\/www.libraria-occitana.org\/en\/wp-json\/wp\/v2\/product_cat?post=24102"},{"taxonomy":"product_tag","embeddable":true,"href":"https:\/\/www.libraria-occitana.org\/en\/wp-json\/wp\/v2\/product_tag?post=24102"}],"curies":[{"name":"wp","href":"https:\/\/api.w.org\/{rel}","templated":true}]}}