{"id":24138,"date":"2015-10-01T11:17:37","date_gmt":"2015-10-01T10:17:37","guid":{"rendered":"http:\/\/www.libraria-occitana.org\/all-products\/lostau-deus-lops?lang=en"},"modified":"2026-04-26T01:07:03","modified_gmt":"2026-04-25T23:07:03","slug":"lostau-deus-lops","status":"publish","type":"product","link":"https:\/\/www.libraria-occitana.org\/en\/product\/lostau-deus-lops\/","title":{"rendered":"L&#8217;ostau deus lops (libre + CD)"},"content":{"rendered":"<p>Dans une ferme, un repas de f\u00eate se pr\u00e9pare, et le coq doit passer \u00e0 la casserole. Sauf si le chat, qui \u00e9coute au coin du feu, avertit le coq et que le coq se cache. Faute de coq, on mangera l\u2019oie ; mais l\u2019oie est elle aussi introuvable. Ainsi que le b\u00e9lier, et m\u00eame le chien, toujours gr\u00e2ce au chat qui les a mis en garde ! Pour ne pas finir en r\u00f4ti, les cinq comp\u00e8res prennent le chemin de la for\u00eat, et s\u2019installent dans une maison. Mais cette maison n\u2019est autre que la maison des loups, partis faire la f\u00eate\u2026 Que va-t-il se passer \u00e0 leur retour ?<\/p>\n<p>Andr\u00e9 Lagarde nous livre ici une histoire enlev\u00e9e et jubilatoire, servie par les dessins lumineux de Sophie Vissi\u00e8re. Ce conte traditionnel occitan, rappelant <em>Les musiciens de Br\u00eame<\/em> des fr\u00e8res Grimm, b\u00e9n\u00e9ficie de textes simples et concis qui le mettent \u00e0 la port\u00e9e des plus jeunes.<\/p>\n<p>De 4 \u00e0 10 ans.<\/p>\n","protected":false},"excerpt":{"rendered":"<p>Dans une ferme, un repas de f\u00eate se pr\u00e9pare, et le coq doit passer \u00e0 la casserole. Sauf si le chat, qui \u00e9coute au coin du feu, avertit le coq et que le coq se cache. Faute de coq, on mangera l\u2019oie ; mais l\u2019oie est elle aussi introuvable. Ainsi que le b\u00e9lier, et m\u00eame [&hellip;]<\/p>\n","protected":false},"featured_media":24139,"template":"","meta":{"_acf_changed":false,"_genesis_hide_title":false,"_genesis_hide_breadcrumbs":false,"_genesis_hide_singular_image":false,"_genesis_hide_footer_widgets":false,"_genesis_custom_body_class":"","_genesis_custom_post_class":"","_genesis_layout":""},"product_brand":[],"product_cat":[7132,7170,7164],"product_tag":[],"class_list":{"0":"post-24138","1":"product","2":"type-product","3":"status-publish","4":"has-post-thumbnail","6":"product_cat-books","7":"product_cat-juvenile-en","8":"product_cat-juvenile-and-teen-comics-humour-en","9":"pa_auteur-lagarda-andrieu-en","10":"pa_editeur-letras-doc-en","11":"pa_illustrateur-lavit-joan-lois-1-en","12":"pa_illustrateur-vissiere-sofia-en","13":"pa_langue-occitan-en","14":"pa_langue-occitan-gascon-en","15":"entry","17":"first","18":"instock","19":"shipping-taxable","20":"purchasable","21":"product-type-simple"},"acf":[],"_links":{"self":[{"href":"https:\/\/www.libraria-occitana.org\/en\/wp-json\/wp\/v2\/product\/24138","targetHints":{"allow":["GET"]}}],"collection":[{"href":"https:\/\/www.libraria-occitana.org\/en\/wp-json\/wp\/v2\/product"}],"about":[{"href":"https:\/\/www.libraria-occitana.org\/en\/wp-json\/wp\/v2\/types\/product"}],"wp:featuredmedia":[{"embeddable":true,"href":"https:\/\/www.libraria-occitana.org\/en\/wp-json\/wp\/v2\/media\/24139"}],"wp:attachment":[{"href":"https:\/\/www.libraria-occitana.org\/en\/wp-json\/wp\/v2\/media?parent=24138"}],"wp:term":[{"taxonomy":"product_brand","embeddable":true,"href":"https:\/\/www.libraria-occitana.org\/en\/wp-json\/wp\/v2\/product_brand?post=24138"},{"taxonomy":"product_cat","embeddable":true,"href":"https:\/\/www.libraria-occitana.org\/en\/wp-json\/wp\/v2\/product_cat?post=24138"},{"taxonomy":"product_tag","embeddable":true,"href":"https:\/\/www.libraria-occitana.org\/en\/wp-json\/wp\/v2\/product_tag?post=24138"}],"curies":[{"name":"wp","href":"https:\/\/api.w.org\/{rel}","templated":true}]}}