{"id":24140,"date":"2015-09-01T21:41:57","date_gmt":"2015-09-01T19:41:57","guid":{"rendered":"http:\/\/www.libraria-occitana.org\/all-products\/limoges-annees-1950-1960-1970?lang=en"},"modified":"2024-07-05T00:36:27","modified_gmt":"2024-07-04T22:36:27","slug":"limoges-annees-1950-1960-1970","status":"publish","type":"product","link":"https:\/\/www.libraria-occitana.org\/en\/product\/limoges-annees-1950-1960-1970\/","title":{"rendered":"Limoges ann\u00e9es 1950, 1960, 1970"},"content":{"rendered":"<p>Cet ouvrage de l\u2019\u00e9crivain et historien Laurent Bourdelas est comme une plong\u00e9e dans le Limoges des \u201cTrente Glorieuses\u201d, c\u2019est-\u00e0-dire de l\u2019apr\u00e8s-guerre au d\u00e9but des ann\u00e9es 1970. Gr\u00e2ce essentiellement \u00e0 la collection photographique inestimable du journaliste Paul Colmar, l\u2019ouvrage fait red\u00e9couvrir au lecteur ce que fut la ville des ann\u00e9es 50-60-70, quartier par quartier, presque rue par rue, monument par monument. Il nous montre les mutations parfois radicales, parfois imperceptibles, de la capitale r\u00e9gionale du Limousin. Ceux qui ont v\u00e9cu ces ann\u00e9es parcourront ces pages avec une certaine nostalgie ; les autres se plairont \u00e0 tenter de retrouver le Limoges d\u2019hier. Des l\u00e9gendes particuli\u00e8rement pr\u00e9cises les y aideront. Mais il ne s\u2019agit pas que d\u2019urbanisme : les moments festifs (carnaval, f\u00eate foraine\u2026), sportifs, culturels (venue de \u201cvedettes\u201d, th\u00e9\u00e2tre, musique, litt\u00e9rature, cin\u00e9ma\u2026), politiques ou m\u00eame commerciaux (avec la foire-exposition), quelques faits divers, aideront le lecteur \u00e0 mieux comprendre une \u00e9poque enfuie qui a cependant contribu\u00e9 \u00e0 forger l\u2019identit\u00e9 limougeaude.<\/p>\n<p><strong>Un compl\u00e9ment indispensable \u00e0 l\u2019Histoire de Limoges, du m\u00eame auteur, chez le m\u00eame \u00e9diteur.<\/strong><\/p>\n","protected":false},"excerpt":{"rendered":"<p>Cet ouvrage de l\u2019\u00e9crivain et historien Laurent Bourdelas est comme une plong\u00e9e dans le Limoges des \u201cTrente Glorieuses\u201d, c\u2019est-\u00e0-dire de l\u2019apr\u00e8s-guerre au d\u00e9but des ann\u00e9es 1970. Gr\u00e2ce essentiellement \u00e0 la collection photographique inestimable du journaliste Paul Colmar, l\u2019ouvrage fait red\u00e9couvrir au lecteur ce que fut la ville des ann\u00e9es 50-60-70, quartier par quartier, presque rue [&hellip;]<\/p>\n","protected":false},"featured_media":24141,"template":"","meta":{"_acf_changed":false,"_genesis_hide_title":false,"_genesis_hide_breadcrumbs":false,"_genesis_hide_singular_image":false,"_genesis_hide_footer_widgets":false,"_genesis_custom_body_class":"","_genesis_custom_post_class":"","_genesis_layout":""},"product_brand":[],"product_cat":[7132,7148,7158,7238],"product_tag":[],"class_list":{"0":"post-24140","1":"product","2":"type-product","3":"status-publish","4":"has-post-thumbnail","6":"product_cat-books","7":"product_cat-history-geography-en","8":"product_cat-modern-and-contemporary-history-en","9":"product_cat-promotions-en","10":"pa_auteur-bourdelas-laurent-en","11":"pa_auteur-colmar-paul-en","12":"pa_editeur-geste-en","13":"pa_langue-francais-en","14":"entry","16":"first","17":"outofstock","18":"sale","19":"shipping-taxable","20":"purchasable","21":"product-type-simple"},"acf":[],"_links":{"self":[{"href":"https:\/\/www.libraria-occitana.org\/en\/wp-json\/wp\/v2\/product\/24140","targetHints":{"allow":["GET"]}}],"collection":[{"href":"https:\/\/www.libraria-occitana.org\/en\/wp-json\/wp\/v2\/product"}],"about":[{"href":"https:\/\/www.libraria-occitana.org\/en\/wp-json\/wp\/v2\/types\/product"}],"wp:featuredmedia":[{"embeddable":true,"href":"https:\/\/www.libraria-occitana.org\/en\/wp-json\/wp\/v2\/media\/24141"}],"wp:attachment":[{"href":"https:\/\/www.libraria-occitana.org\/en\/wp-json\/wp\/v2\/media?parent=24140"}],"wp:term":[{"taxonomy":"product_brand","embeddable":true,"href":"https:\/\/www.libraria-occitana.org\/en\/wp-json\/wp\/v2\/product_brand?post=24140"},{"taxonomy":"product_cat","embeddable":true,"href":"https:\/\/www.libraria-occitana.org\/en\/wp-json\/wp\/v2\/product_cat?post=24140"},{"taxonomy":"product_tag","embeddable":true,"href":"https:\/\/www.libraria-occitana.org\/en\/wp-json\/wp\/v2\/product_tag?post=24140"}],"curies":[{"name":"wp","href":"https:\/\/api.w.org\/{rel}","templated":true}]}}