{"id":24144,"date":"2015-09-01T20:41:19","date_gmt":"2015-09-01T19:41:19","guid":{"rendered":"http:\/\/www.libraria-occitana.org\/all-products\/goulbeneze-et-les-auteurs-patoisants-des-deux-charentes-tome-1?lang=en"},"modified":"2026-04-25T21:21:24","modified_gmt":"2026-04-25T19:21:24","slug":"goulbeneze-et-les-auteurs-patoisants-des-deux-charentes-tome-1","status":"publish","type":"product","link":"https:\/\/www.libraria-occitana.org\/en\/product\/goulbeneze-et-les-auteurs-patoisants-des-deux-charentes-tome-1\/","title":{"rendered":"Goulben\u00e9ze et les auteurs patoisants des deux Charentes Tome 1"},"content":{"rendered":"<p>Christian Genet a entrepris la publication de plusieurs tomes de la biographie des auteurs patoisants des deux Charentes dont le chansonnier Gouleben\u00e9ze est le repr\u00e9sentant le plus illustre. Ce premier volume commence avec un chapitre important sur la jeunesse de Gouleben\u00e9ze alors que celui-ci n\u2019a pas encore fait ses \u00e9tudes de barie saintogeais. La litt\u00e9rature patoisante des Charentes n\u2019appara\u00eet dans tout son \u00e9clat que dans la premi\u00e8re moiti\u00e9 du XIXe si\u00e8cle. Les premiers auteurs qui lui ont donn\u00e9 ses lettres de noblesse se nomment Burgaud des Marets, de Jarnac ; Marc Marchadier, de Cognac ; Pierre Cluzeaux, d\u2019Aigre ; Jean Condat (dit Jean Chapelot), de Vindelle, avec ses <em>Contes balzatois<\/em> ; Eug\u00e8ne Lemari\u00e9, de Saint-Jean d\u2019Ang\u00e9ly, et ses <em>Fariboles saintong\u2019heaises<\/em>, et enfin le talentueux dessinateur pontois Barth\u00e9lemy Gautier dont les croquis des paysans de Mazerolles ont soulev\u00e9 l\u2019admiration de tous les charentais. Ceux-l\u00e0 sont les pr\u00e9curseurs du r\u00e9gionalisme Charentais. Ils ont fait des \u00e9mules dont les diff\u00e9rentes biographies feront l\u2019objet du deuxi\u00e8me tome.<\/p>\n","protected":false},"excerpt":{"rendered":"<p>Christian Genet a entrepris la publication de plusieurs tomes de la biographie des auteurs patoisants des deux Charentes dont le chansonnier Gouleben\u00e9ze est le repr\u00e9sentant le plus illustre. Ce premier volume commence avec un chapitre important sur la jeunesse de Gouleben\u00e9ze alors que celui-ci n\u2019a pas encore fait ses \u00e9tudes de barie saintogeais. La litt\u00e9rature [&hellip;]<\/p>\n","protected":false},"featured_media":24145,"template":"","meta":{"_acf_changed":false,"_genesis_hide_title":false,"_genesis_hide_breadcrumbs":false,"_genesis_hide_singular_image":false,"_genesis_hide_footer_widgets":false,"_genesis_custom_body_class":"","_genesis_custom_post_class":"","_genesis_layout":""},"product_brand":[],"product_cat":[7188,7132,7174,7238],"product_tag":[],"class_list":{"0":"post-24144","1":"product","2":"type-product","3":"status-publish","4":"has-post-thumbnail","6":"product_cat-arts-studies-en","7":"product_cat-books","8":"product_cat-literature-en","9":"product_cat-promotions-en","10":"pa_auteur-genet-christian-en","11":"pa_editeur-geste-en","12":"pa_langue-francais-en","13":"entry","15":"first","16":"instock","17":"shipping-taxable","18":"purchasable","19":"product-type-simple"},"acf":[],"_links":{"self":[{"href":"https:\/\/www.libraria-occitana.org\/en\/wp-json\/wp\/v2\/product\/24144","targetHints":{"allow":["GET"]}}],"collection":[{"href":"https:\/\/www.libraria-occitana.org\/en\/wp-json\/wp\/v2\/product"}],"about":[{"href":"https:\/\/www.libraria-occitana.org\/en\/wp-json\/wp\/v2\/types\/product"}],"wp:featuredmedia":[{"embeddable":true,"href":"https:\/\/www.libraria-occitana.org\/en\/wp-json\/wp\/v2\/media\/24145"}],"wp:attachment":[{"href":"https:\/\/www.libraria-occitana.org\/en\/wp-json\/wp\/v2\/media?parent=24144"}],"wp:term":[{"taxonomy":"product_brand","embeddable":true,"href":"https:\/\/www.libraria-occitana.org\/en\/wp-json\/wp\/v2\/product_brand?post=24144"},{"taxonomy":"product_cat","embeddable":true,"href":"https:\/\/www.libraria-occitana.org\/en\/wp-json\/wp\/v2\/product_cat?post=24144"},{"taxonomy":"product_tag","embeddable":true,"href":"https:\/\/www.libraria-occitana.org\/en\/wp-json\/wp\/v2\/product_tag?post=24144"}],"curies":[{"name":"wp","href":"https:\/\/api.w.org\/{rel}","templated":true}]}}