{"id":24216,"date":"2015-12-11T18:00:11","date_gmt":"2015-12-11T17:00:11","guid":{"rendered":"http:\/\/www.libraria-occitana.org\/all-products\/du-loup-et-de-la-biche-del-lop-e-de-la-cervia?lang=en"},"modified":"2026-04-02T23:11:48","modified_gmt":"2026-04-02T21:11:48","slug":"du-loup-et-de-la-biche-del-lop-e-de-la-cervia","status":"publish","type":"product","link":"https:\/\/www.libraria-occitana.org\/en\/product\/du-loup-et-de-la-biche-del-lop-e-de-la-cervia\/","title":{"rendered":"Du loup et de la biche &#8211; Del lop e de la c\u00e8rvia"},"content":{"rendered":"<p>\u00c0 peine arriv\u00e9 en Limousin, Luc de Goustine est de plain pied avec la culture du pays. Tout simplement car il a d&#8217;apanage \u2013 <em>dins sa bia\u00e7a<\/em> dirait-on ici, des trois \u00e9l\u00e9ments de la pens\u00e9e traditionnelle : le symbole, le mythe et le rituel qui le perp\u00e9tue en le r\u00e9actualisant, le go\u00fbt et l&#8217;intelligence.<br \/>\nCe texte en est la preuve \u00e9clatante qui explique sa parfaite r\u00e9ussite.<br \/>\nL&#8217;auteur en dit qu&#8217;il l&#8217;a mari\u00e9 \u00e0 ce pays. Et comme on se doute que, pour lui, le mariage, certes contrat, est avant tout sacrement, on voit jusqu&#8217;o\u00f9 \u00e7a nous m\u00e8ne&#8230;<\/p>\n<p>Cette histoire, n\u00e9e d&#8217;un couteau trouv\u00e9 dans l&#8217;ancienne forge acquise et investie, qui pourrait n&#8217;\u00eatre qu&#8217;un fait divers (c&#8217;en est un), il va, de par tous les registres qu&#8217;il a \u00e0 sa disposition, la porter \u00e0 incandescence, \u00e0 l&#8217;exemplarit\u00e9 de la l\u00e9gende, f\u00fbt-elle pr\u00e9sente la sortir de l&#8217;Histoire, la soustraire \u00e0 ce qui au pire e\u00fbt pu \u00eatre de l&#8217;ordre de la sociologie, au mieux de l&#8217;ordre de l&#8217;ethnographie et, Dieu en soit lou\u00e9, ne se soucier jamais de cette psychologie qui est une des plaies de la litt\u00e9rature fran\u00e7aise.<br \/>\nNe lui manque que la langue du pays, dont il est curieux non pas usager ; il va falloir se forger un fran\u00e7ais apte \u00e0 rendre tout \u00e7a.<\/p>\n<p>Du texte, quelques ingr\u00e9dients, comme \u00e7a, pour mettre l&#8217;eau \u00e0 la bouche. Le forgeron (m\u00e9tier \u00e0 la fois au centre de la communaut\u00e9 et en ses marges les plus incertaines), l&#8217;\u00e2ne, le petit chien blanc, <em>lo leberon<\/em>, les croix de paille, la b\u00eate \u00e0 sept t\u00eates, le sacrifice des cheveux, <em>lo baptejadis<\/em>, <em>lo brutladis<\/em>&#8230; J&#8217;oubliais ! le loup, la biche. Je n&#8217;ai rien dit.<br \/>\n\u00c7a pourrait s&#8217;appeler La fable de la biche et du loup, non pas fable \u00e0 la fa\u00e7on d&#8217;\u00c9sope ou du bon La Fontaine. \u00c7a pourrait s&#8217;appeler Du loup \u00e0 la biche, comme en un cheminement d&#8217;initiation, de r\u00e9v\u00e9lation, de r\u00e9demption.<br \/>\nJ&#8217;en ai assez dit.<\/p>\n<p>Quant \u00e0 la version occitane qu&#8217;en donne Joan-Peire Lacomba et qui nous le fait \u00e9diter, elle \u00e9tait l\u00e0, \u00e0 port\u00e9e, comme \u00e9vidente, tellement chez elle avec un tel sujet, une telle \u00e9criture. Soit dit sans lui en retirer le m\u00e9rite, car il fallait qu&#8217;il nous en offr\u00eet la m\u00eame qualit\u00e9. Que ceux qui le peuvent comparent&#8230;<\/p>\n","protected":false},"excerpt":{"rendered":"<p>\u00c0 peine arriv\u00e9 en Limousin, Luc de Goustine est de plain pied avec la culture du pays. Tout simplement car il a d&#8217;apanage \u2013 dins sa bia\u00e7a dirait-on ici, des trois \u00e9l\u00e9ments de la pens\u00e9e traditionnelle : le symbole, le mythe et le rituel qui le perp\u00e9tue en le r\u00e9actualisant, le go\u00fbt et l&#8217;intelligence. Ce [&hellip;]<\/p>\n","protected":false},"featured_media":24217,"template":"","meta":{"_acf_changed":false,"_genesis_hide_title":false,"_genesis_hide_breadcrumbs":false,"_genesis_hide_singular_image":false,"_genesis_hide_footer_widgets":false,"_genesis_custom_body_class":"","_genesis_custom_post_class":"","_genesis_layout":""},"product_brand":[],"product_cat":[7132,7174,7176],"product_tag":[],"class_list":{"0":"post-24216","1":"product","2":"type-product","3":"status-publish","4":"has-post-thumbnail","6":"product_cat-books","7":"product_cat-literature-en","8":"product_cat-tales-fables-en","9":"pa_auteur-goustine-luc-de-fr-en","10":"pa_auteur-lacombe-jean-pierre-fr-en","11":"pa_editeur-lo-chamin-de-sent-jaume-en","12":"pa_illustrateur-simeonin-jan-marc-en","13":"pa_langue-occitan-lemosin-en","14":"pa_langue-occitan-francais-en","15":"entry","17":"first","18":"instock","19":"shipping-taxable","20":"purchasable","21":"product-type-simple"},"acf":[],"_links":{"self":[{"href":"https:\/\/www.libraria-occitana.org\/en\/wp-json\/wp\/v2\/product\/24216","targetHints":{"allow":["GET"]}}],"collection":[{"href":"https:\/\/www.libraria-occitana.org\/en\/wp-json\/wp\/v2\/product"}],"about":[{"href":"https:\/\/www.libraria-occitana.org\/en\/wp-json\/wp\/v2\/types\/product"}],"wp:featuredmedia":[{"embeddable":true,"href":"https:\/\/www.libraria-occitana.org\/en\/wp-json\/wp\/v2\/media\/24217"}],"wp:attachment":[{"href":"https:\/\/www.libraria-occitana.org\/en\/wp-json\/wp\/v2\/media?parent=24216"}],"wp:term":[{"taxonomy":"product_brand","embeddable":true,"href":"https:\/\/www.libraria-occitana.org\/en\/wp-json\/wp\/v2\/product_brand?post=24216"},{"taxonomy":"product_cat","embeddable":true,"href":"https:\/\/www.libraria-occitana.org\/en\/wp-json\/wp\/v2\/product_cat?post=24216"},{"taxonomy":"product_tag","embeddable":true,"href":"https:\/\/www.libraria-occitana.org\/en\/wp-json\/wp\/v2\/product_tag?post=24216"}],"curies":[{"name":"wp","href":"https:\/\/api.w.org\/{rel}","templated":true}]}}