{"id":24222,"date":"2015-12-01T18:51:30","date_gmt":"2015-12-01T17:51:30","guid":{"rendered":"http:\/\/www.libraria-occitana.org\/all-products\/lo-pichon-gruffalo?lang=en"},"modified":"2026-04-07T20:09:29","modified_gmt":"2026-04-07T18:09:29","slug":"lo-pichon-gruffalo","status":"publish","type":"product","link":"https:\/\/www.libraria-occitana.org\/en\/product\/lo-pichon-gruffalo\/","title":{"rendered":"Lo pichon Gruffal\u00f2"},"content":{"rendered":"<p><strong>[oc]<\/strong><br \/>\nLo Gruffal\u00f2 declar\u00e8t que cap de gruffal\u00f2 avi\u00e0 pas lo drech de s\u2019aventurar dins lo b\u00f2sc prigond e escur.<br \/>\nUna nu\u00e8ch de vent e de freg, lo pichon Gruffal\u00f2 ignora las defensas del paire e, coraj\u00f3s, sort\u00eds sense bruch dins la n\u00e8u amb l\u2019esp\u00e8r d\u2019encontrar la Granda Meissanta Ratona. Encontra la S\u00e8rp, lo Ch\u00f2t e lo Rainal, mas de Ratona coma li an contada, pas brica. Vertat qu\u2019exist\u00eds pas\u2026 encara que&#8230;<\/p>\n<p><strong>[fr]<\/strong><br \/>\nSon papa l\u2019a averti : en aucun cas, le Petit Gruffalo n\u2019a le droit d\u2019aller se promener seul dans les bois profonds. C\u2019est bien trop dangereux ! Un animal ro\u0302de dans les parages\u2026 une cre\u0301ature terrifiante, gigantesque, aux yeux cruels et aux moustaches plus dures que l\u2019acier. C\u2019est la Grande Me\u0301chante Souris !<\/p>\n","protected":false},"excerpt":{"rendered":"<p>[oc] Lo Gruffal\u00f2 declar\u00e8t que cap de gruffal\u00f2 avi\u00e0 pas lo drech de s\u2019aventurar dins lo b\u00f2sc prigond e escur. Una nu\u00e8ch de vent e de freg, lo pichon Gruffal\u00f2 ignora las defensas del paire e, coraj\u00f3s, sort\u00eds sense bruch dins la n\u00e8u amb l\u2019esp\u00e8r d\u2019encontrar la Granda Meissanta Ratona. Encontra la S\u00e8rp, lo Ch\u00f2t [&hellip;]<\/p>\n","protected":false},"featured_media":24223,"template":"","meta":{"_acf_changed":false,"_genesis_hide_title":false,"_genesis_hide_breadcrumbs":false,"_genesis_hide_singular_image":false,"_genesis_hide_footer_widgets":false,"_genesis_custom_body_class":"","_genesis_custom_post_class":"","_genesis_layout":""},"product_brand":[],"product_cat":[7245,7249],"product_tag":[],"class_list":{"0":"post-24222","1":"product","2":"type-product","3":"status-publish","4":"has-post-thumbnail","6":"product_cat-juvenile-and-teen-videos-2-en","7":"product_cat-videos-3-en","8":"pa_auteur-heidschotter-uwe-en","9":"pa_auteur-weiland-johannes-en","10":"pa_editeur-contam-en","11":"pa_editeur-magic-pictures-en","12":"pa_langue-occitan-en","13":"entry","15":"first","16":"outofstock","17":"shipping-taxable","18":"purchasable","19":"product-type-simple"},"acf":[],"_links":{"self":[{"href":"https:\/\/www.libraria-occitana.org\/en\/wp-json\/wp\/v2\/product\/24222","targetHints":{"allow":["GET"]}}],"collection":[{"href":"https:\/\/www.libraria-occitana.org\/en\/wp-json\/wp\/v2\/product"}],"about":[{"href":"https:\/\/www.libraria-occitana.org\/en\/wp-json\/wp\/v2\/types\/product"}],"wp:featuredmedia":[{"embeddable":true,"href":"https:\/\/www.libraria-occitana.org\/en\/wp-json\/wp\/v2\/media\/24223"}],"wp:attachment":[{"href":"https:\/\/www.libraria-occitana.org\/en\/wp-json\/wp\/v2\/media?parent=24222"}],"wp:term":[{"taxonomy":"product_brand","embeddable":true,"href":"https:\/\/www.libraria-occitana.org\/en\/wp-json\/wp\/v2\/product_brand?post=24222"},{"taxonomy":"product_cat","embeddable":true,"href":"https:\/\/www.libraria-occitana.org\/en\/wp-json\/wp\/v2\/product_cat?post=24222"},{"taxonomy":"product_tag","embeddable":true,"href":"https:\/\/www.libraria-occitana.org\/en\/wp-json\/wp\/v2\/product_tag?post=24222"}],"curies":[{"name":"wp","href":"https:\/\/api.w.org\/{rel}","templated":true}]}}