{"id":24226,"date":"2015-12-01T17:36:30","date_gmt":"2015-12-01T16:36:30","guid":{"rendered":"http:\/\/www.libraria-occitana.org\/all-products\/lo-bevador-de-tinta-libre-cd?lang=en"},"modified":"2026-04-12T20:11:11","modified_gmt":"2026-04-12T18:11:11","slug":"lo-bevador-de-tinta-libre-cd","status":"publish","type":"product","link":"https:\/\/www.libraria-occitana.org\/en\/product\/lo-bevador-de-tinta-libre-cd\/","title":{"rendered":"Lo bevador de tinta (libre + CD)"},"content":{"rendered":"<p>Traduction du <em>Buveur d&#8217;encre<\/em>, d&#8217;\u00c9ric Sanvoisin, sorti en 1996 (1\u00e8re \u00e9dition) aux \u00c9ditions Nathan.<\/p>\n<p>L&#8217;aventure d&#8217;Odilon qui aide son p\u00e8re dans une librairie et qui d\u00e9couvre un client \u00e9trange&#8230;<\/p>\n<p>Cycle 2 (CE2) et Cycle 3 (CM).<br \/>\nLivret d&#8217;accompagnement p\u00e9dagogique\u00a0<a href=\"http:\/\/capoc.crdp-aquitaine.fr\/articles.php?lng=en&amp;pg=450&amp;mnuid=304&amp;tconfig=0\">sur le site du CAP&#8217;\u00d2C<\/a>.<\/p>\n","protected":false},"excerpt":{"rendered":"<p>Traduction du Buveur d&#8217;encre, d&#8217;\u00c9ric Sanvoisin, sorti en 1996 (1\u00e8re \u00e9dition) aux \u00c9ditions Nathan. L&#8217;aventure d&#8217;Odilon qui aide son p\u00e8re dans une librairie et qui d\u00e9couvre un client \u00e9trange&#8230; Cycle 2 (CE2) et Cycle 3 (CM). Livret d&#8217;accompagnement p\u00e9dagogique\u00a0sur le site du CAP&#8217;\u00d2C.<\/p>\n","protected":false},"featured_media":17543,"template":"","meta":{"_acf_changed":false,"_genesis_hide_title":false,"_genesis_hide_breadcrumbs":false,"_genesis_hide_singular_image":false,"_genesis_hide_footer_widgets":false,"_genesis_custom_body_class":"","_genesis_custom_post_class":"","_genesis_layout":""},"product_brand":[],"product_cat":[7132,7164,7166],"product_tag":[],"class_list":{"0":"post-24226","1":"product","2":"type-product","3":"status-publish","4":"has-post-thumbnail","6":"product_cat-books","7":"product_cat-juvenile-and-teen-comics-humour-en","8":"product_cat-teen-en","9":"pa_auteur-sanvoisin-eric-en","10":"pa_editeur-canope-editions-en","11":"pa_illustrateur-combi-bernat-comby-bernard-en","12":"pa_illustrateur-matje-martin-en","13":"pa_langue-francais-en","14":"pa_langue-occitan-en","15":"pa_langue-occitan-lemosin-en","16":"entry","18":"first","19":"instock","20":"shipping-taxable","21":"purchasable","22":"product-type-simple"},"acf":[],"_links":{"self":[{"href":"https:\/\/www.libraria-occitana.org\/en\/wp-json\/wp\/v2\/product\/24226","targetHints":{"allow":["GET"]}}],"collection":[{"href":"https:\/\/www.libraria-occitana.org\/en\/wp-json\/wp\/v2\/product"}],"about":[{"href":"https:\/\/www.libraria-occitana.org\/en\/wp-json\/wp\/v2\/types\/product"}],"wp:featuredmedia":[{"embeddable":true,"href":"https:\/\/www.libraria-occitana.org\/en\/wp-json\/wp\/v2\/media\/17543"}],"wp:attachment":[{"href":"https:\/\/www.libraria-occitana.org\/en\/wp-json\/wp\/v2\/media?parent=24226"}],"wp:term":[{"taxonomy":"product_brand","embeddable":true,"href":"https:\/\/www.libraria-occitana.org\/en\/wp-json\/wp\/v2\/product_brand?post=24226"},{"taxonomy":"product_cat","embeddable":true,"href":"https:\/\/www.libraria-occitana.org\/en\/wp-json\/wp\/v2\/product_cat?post=24226"},{"taxonomy":"product_tag","embeddable":true,"href":"https:\/\/www.libraria-occitana.org\/en\/wp-json\/wp\/v2\/product_tag?post=24226"}],"curies":[{"name":"wp","href":"https:\/\/api.w.org\/{rel}","templated":true}]}}