{"id":24229,"date":"2015-12-01T16:27:51","date_gmt":"2015-12-01T15:27:51","guid":{"rendered":"http:\/\/www.libraria-occitana.org\/all-products\/jandilhon-daus-peluts-seguit-de-letras-de-las-chavalhas?lang=en"},"modified":"2026-04-23T06:31:25","modified_gmt":"2026-04-23T04:31:25","slug":"jandilhon-daus-peluts-seguit-de-letras-de-las-chavalhas","status":"publish","type":"product","link":"https:\/\/www.libraria-occitana.org\/en\/product\/jandilhon-daus-peluts-seguit-de-letras-de-las-chavalhas\/","title":{"rendered":"Jandilhon daus peluts seguit de Letras de las chavalhas"},"content":{"rendered":"<p>Une traduction de <em>Petit-Jean des poilus<\/em>, de Michel Piquemal, sorti en 2014 aux \u00c9ditions Sedrap Jeunesse.<\/p>\n<p>L&#8217;histoire d&#8217;une amiti\u00e9 entre un gar\u00e7on et un soldat, pendant la Guerre de 14.<\/p>\n<p>Cycle 3 et 4. Livre suivi par des lettres des tranch\u00e9es (originales) et par un compl\u00e9ment historique permettant aux \u00e9l\u00e8ves de situer le contexte du r\u00e9cit.<br \/>\nLivret d&#8217;accompagnement p\u00e9dagogique\u00a0<a href=\"http:\/\/capoc.crdp-aquitaine.fr\/articles.php?lng=en&amp;pg=450&amp;mnuid=304&amp;tconfig=0\">sur le site du CAP&#8217;\u00d2C<\/a>.<\/p>\n","protected":false},"excerpt":{"rendered":"<p>Une traduction de Petit-Jean des poilus, de Michel Piquemal, sorti en 2014 aux \u00c9ditions Sedrap Jeunesse. L&#8217;histoire d&#8217;une amiti\u00e9 entre un gar\u00e7on et un soldat, pendant la Guerre de 14. Cycle 3 et 4. Livre suivi par des lettres des tranch\u00e9es (originales) et par un compl\u00e9ment historique permettant aux \u00e9l\u00e8ves de situer le contexte du [&hellip;]<\/p>\n","protected":false},"featured_media":17554,"template":"","meta":{"_acf_changed":false,"_genesis_hide_title":false,"_genesis_hide_breadcrumbs":false,"_genesis_hide_singular_image":false,"_genesis_hide_footer_widgets":false,"_genesis_custom_body_class":"","_genesis_custom_post_class":"","_genesis_layout":""},"product_brand":[],"product_cat":[7132,7164,7166],"product_tag":[],"class_list":{"0":"post-24229","1":"product","2":"type-product","3":"status-publish","4":"has-post-thumbnail","6":"product_cat-books","7":"product_cat-juvenile-and-teen-comics-humour-en","8":"product_cat-teen-en","9":"pa_auteur-piquemal-michel-en","10":"pa_editeur-canope-editions-en","11":"pa_illustrateur-combi-bernat-comby-bernard-en","12":"pa_illustrateur-groult-edouard-en","13":"pa_langue-francais-en","14":"pa_langue-occitan-en","15":"pa_langue-occitan-lemosin-en","16":"entry","18":"first","19":"instock","20":"shipping-taxable","21":"purchasable","22":"product-type-simple"},"acf":[],"_links":{"self":[{"href":"https:\/\/www.libraria-occitana.org\/en\/wp-json\/wp\/v2\/product\/24229","targetHints":{"allow":["GET"]}}],"collection":[{"href":"https:\/\/www.libraria-occitana.org\/en\/wp-json\/wp\/v2\/product"}],"about":[{"href":"https:\/\/www.libraria-occitana.org\/en\/wp-json\/wp\/v2\/types\/product"}],"wp:featuredmedia":[{"embeddable":true,"href":"https:\/\/www.libraria-occitana.org\/en\/wp-json\/wp\/v2\/media\/17554"}],"wp:attachment":[{"href":"https:\/\/www.libraria-occitana.org\/en\/wp-json\/wp\/v2\/media?parent=24229"}],"wp:term":[{"taxonomy":"product_brand","embeddable":true,"href":"https:\/\/www.libraria-occitana.org\/en\/wp-json\/wp\/v2\/product_brand?post=24229"},{"taxonomy":"product_cat","embeddable":true,"href":"https:\/\/www.libraria-occitana.org\/en\/wp-json\/wp\/v2\/product_cat?post=24229"},{"taxonomy":"product_tag","embeddable":true,"href":"https:\/\/www.libraria-occitana.org\/en\/wp-json\/wp\/v2\/product_tag?post=24229"}],"curies":[{"name":"wp","href":"https:\/\/api.w.org\/{rel}","templated":true}]}}