{"id":24232,"date":"2015-12-01T15:47:31","date_gmt":"2015-12-01T14:47:31","guid":{"rendered":"http:\/\/www.libraria-occitana.org\/all-products\/deman-sera-un-autre-jorn-le-tresor-des-proverbes-et-dictons-occitans?lang=en"},"modified":"2026-04-29T00:46:48","modified_gmt":"2026-04-28T22:46:48","slug":"deman-sera-un-autre-jorn-le-tresor-des-proverbes-et-dictons-occitans","status":"publish","type":"product","link":"https:\/\/www.libraria-occitana.org\/en\/product\/deman-sera-un-autre-jorn-le-tresor-des-proverbes-et-dictons-occitans\/","title":{"rendered":"Deman ser\u00e0 un autre jorn : Le Tr\u00e9sor des proverbes et dictons occitans"},"content":{"rendered":"<p><strong>[oc]<\/strong><br \/>\nBrave monde, demoretz pas sul lindal del libre : dintratz, dintratz dins l&#8217;ostal dels mots e dels biaisses de dire, a la descob\u00e8rta del tresaur dels reprov\u00e8rbis occitans culhit e amassat per Andrieu Lagarda al long de la sia vida.<\/p>\n<p><strong>[fr]<\/strong><br \/>\nAndr\u00e9 Lagarde vous invite \u00e0 la d\u00e9couverte d&#8217;un tr\u00e9sor : celui des proverbes et dictons occitans r\u00e9colt\u00e9s tout au long de sa vie d&#8217;enseignant, de cueilleur de mots et d&#8217;\u00e9crivain puisant avec passion \u00e0 la source de la parole populaire occitane.<\/p>\n","protected":false},"excerpt":{"rendered":"<p>[oc] Brave monde, demoretz pas sul lindal del libre : dintratz, dintratz dins l&#8217;ostal dels mots e dels biaisses de dire, a la descob\u00e8rta del tresaur dels reprov\u00e8rbis occitans culhit e amassat per Andrieu Lagarda al long de la sia vida. [fr] Andr\u00e9 Lagarde vous invite \u00e0 la d\u00e9couverte d&#8217;un tr\u00e9sor : celui des proverbes [&hellip;]<\/p>\n","protected":false},"featured_media":24233,"template":"","meta":{"_acf_changed":false,"_genesis_hide_title":false,"_genesis_hide_breadcrumbs":false,"_genesis_hide_singular_image":false,"_genesis_hide_footer_widgets":false,"_genesis_custom_body_class":"","_genesis_custom_post_class":"","_genesis_layout":""},"product_brand":[],"product_cat":[7132,7136,7146],"product_tag":[],"class_list":{"0":"post-24232","1":"product","2":"type-product","3":"status-publish","4":"has-post-thumbnail","6":"product_cat-books","7":"product_cat-dictionaries-language-educational-en","8":"product_cat-vocabulary-idioms-en","9":"pa_auteur-lagarda-andrieu-en","10":"pa_editeur-letras-doc-en","11":"pa_langue-occitan-lengadocian-en","12":"pa_langue-occitan-francais-en","13":"entry","15":"first","16":"instock","17":"shipping-taxable","18":"purchasable","19":"product-type-simple"},"acf":[],"_links":{"self":[{"href":"https:\/\/www.libraria-occitana.org\/en\/wp-json\/wp\/v2\/product\/24232","targetHints":{"allow":["GET"]}}],"collection":[{"href":"https:\/\/www.libraria-occitana.org\/en\/wp-json\/wp\/v2\/product"}],"about":[{"href":"https:\/\/www.libraria-occitana.org\/en\/wp-json\/wp\/v2\/types\/product"}],"wp:featuredmedia":[{"embeddable":true,"href":"https:\/\/www.libraria-occitana.org\/en\/wp-json\/wp\/v2\/media\/24233"}],"wp:attachment":[{"href":"https:\/\/www.libraria-occitana.org\/en\/wp-json\/wp\/v2\/media?parent=24232"}],"wp:term":[{"taxonomy":"product_brand","embeddable":true,"href":"https:\/\/www.libraria-occitana.org\/en\/wp-json\/wp\/v2\/product_brand?post=24232"},{"taxonomy":"product_cat","embeddable":true,"href":"https:\/\/www.libraria-occitana.org\/en\/wp-json\/wp\/v2\/product_cat?post=24232"},{"taxonomy":"product_tag","embeddable":true,"href":"https:\/\/www.libraria-occitana.org\/en\/wp-json\/wp\/v2\/product_tag?post=24232"}],"curies":[{"name":"wp","href":"https:\/\/api.w.org\/{rel}","templated":true}]}}