{"id":24254,"date":"2015-11-01T12:18:37","date_gmt":"2015-11-01T11:18:37","guid":{"rendered":"http:\/\/www.libraria-occitana.org\/all-products\/liscla-del-tresaur?lang=en"},"modified":"2026-04-25T23:11:10","modified_gmt":"2026-04-25T21:11:10","slug":"liscla-del-tresaur","status":"publish","type":"product","link":"https:\/\/www.libraria-occitana.org\/en\/product\/liscla-del-tresaur\/","title":{"rendered":"L&#8217;Iscla del Tresaur"},"content":{"rendered":"<p>\u00ab Mon c\u00f2r fasi\u00e1 tifa-tafa quand torn\u00e8rem partir per aquela aventura dangierosa, totes dos dins la nu\u00e8it freja. La luna plena comen\u00e7ava de cr\u00e9isser e rogejava a la cima nauta de la tuba, e aqu\u00f2 nos fagu\u00e8t afanar que nos pens\u00e8rem que s\u2019i veiri\u00e1 coma en plen jorn per tornar e que poiriam \u00e8sser vistes per d\u2019espias. Pass\u00e8rem lis, sens bruch e a la l\u00e8sta a l\u2019abric dels t\u00e8rmes, lo long de las randuras, mas veg\u00e8rem nimai ausigu\u00e8rem pas degun qu\u2019ajust\u00e8sse a n\u00f2stra paur fins qu\u2019agu\u00e8rem a n\u00f2stre grand sola\u00e7 tampat la p\u00f2rta de l\u2019Amiral Benbow.<br \/>\nTir\u00e8ri sulc\u00f2p lo barrolh, e demor\u00e8rem un moment dins l\u2019escuresina per tornar prene alen, sols amb lo cadavre del capitani. Pu\u00e8i ma maire prengu\u00e8t una cand\u00e8la dins la beguda e nos tenguent per la man dintr\u00e8rem dins la sala. Jasi\u00e1 coma l\u2019aviam daissat, virat d\u2019esquina, los u\u00e8lhs dob\u00e8rts e un bra\u00e7 estirat. \u00bb<\/p>\n<p><strong>[oc]<\/strong><br \/>\nTraduccion en lengadocian per P\u00e8ire Beziat, nascut en 1954 a L\u2019Eissagador, comuna de Vabre dins Tarn. P\u00e8ire Beziat es adara retirat e dem\u00f2ra a Ferri\u00e8ras (Tarn) ont a passat la m\u00e0ger part de sa vida.<\/p>\n<p>Quand Jim Hawkins dobr\u00eds lo c\u00f2fre de Billy Bones, sospeita pas que partir\u00e0 qualques jorns mai tard lu\u00e8nh dels sieus e de l\u2019alb\u00e8rga familiala, a b\u00f2rd de l\u2019Hispaniola, cap a l\u2019Iscla del Tresaur. Mas las causas se debanar\u00e0n pas coma cal pel joen aventuri\u00e8r qui deur\u00e0 especialament afrontar Long John Silver, un cosini\u00e8r sanguinari, e sos compaires.<\/p>\n<p><em>L\u2019Iscla del Tresaur<\/em>, lo roman lo mai conegut de Robert Louis Stevenson, influenci\u00e8t l\u2019imaginari de f\u00f2r\u00e7a legeires.<\/p>\n<p><strong>[fr]<\/strong><br \/>\nTraduit en languedocien par Pierre Beziat, n\u00e9 \u00e0 L\u2019Eissagador, sur la commune de Vabre (Tarn), en 1954. Il est \u00e0 pr\u00e9sent retrait\u00e9 et demeure \u00e0 Ferri\u00e8res (Tarn) o\u00f9 il a pass\u00e9 la plus grande partie de son existence.<\/p>\n<p>Lorsque Jim Hawkins ouvre la malle de Billy Bones, il ne pense pas un seul instant qu\u2019il partira quelques jours plus tard loin des siens et de l\u2019auberge familiale, \u00e0 bord de l\u2019Hipaniola, vers l\u2019\u00cele au Tr\u00e9sor. Mais tout ne se passera pas comme pr\u00e9vu pour le jeune aventurier qui devra affronter Long John Silver, un cuisinier sanguinaire, et ses acolytes. <\/p>\n<p><em>L\u2019\u00cele au Tr\u00e9sor<\/em> est le roman le plus connu de Robert Louis Stevenson ; il influen\u00e7a l\u2019imaginaire de nombreux lecteurs.<\/p>\n","protected":false},"excerpt":{"rendered":"<p>\u00ab Mon c\u00f2r fasi\u00e1 tifa-tafa quand torn\u00e8rem partir per aquela aventura dangierosa, totes dos dins la nu\u00e8it freja. La luna plena comen\u00e7ava de cr\u00e9isser e rogejava a la cima nauta de la tuba, e aqu\u00f2 nos fagu\u00e8t afanar que nos pens\u00e8rem que s\u2019i veiri\u00e1 coma en plen jorn per tornar e que poiriam \u00e8sser vistes [&hellip;]<\/p>\n","protected":false},"featured_media":17530,"template":"","meta":{"_acf_changed":false,"_genesis_hide_title":false,"_genesis_hide_breadcrumbs":false,"_genesis_hide_singular_image":false,"_genesis_hide_footer_widgets":false,"_genesis_custom_body_class":"","_genesis_custom_post_class":"","_genesis_layout":""},"product_brand":[],"product_cat":[7132,7174,7182],"product_tag":[],"class_list":{"0":"post-24254","1":"product","2":"type-product","3":"status-publish","4":"has-post-thumbnail","6":"product_cat-books","7":"product_cat-literature-en","8":"product_cat-novels-short-stories-en","9":"pa_auteur-stevenson-robert-louis-en","10":"pa_editeur-ieo-fr-en","11":"pa_illustrateur-beziat-peire-en","12":"pa_langue-occitan-en","13":"pa_langue-occitan-lengadocian-en","14":"entry","16":"first","17":"outofstock","18":"shipping-taxable","19":"purchasable","20":"product-type-simple"},"acf":[],"_links":{"self":[{"href":"https:\/\/www.libraria-occitana.org\/en\/wp-json\/wp\/v2\/product\/24254","targetHints":{"allow":["GET"]}}],"collection":[{"href":"https:\/\/www.libraria-occitana.org\/en\/wp-json\/wp\/v2\/product"}],"about":[{"href":"https:\/\/www.libraria-occitana.org\/en\/wp-json\/wp\/v2\/types\/product"}],"wp:featuredmedia":[{"embeddable":true,"href":"https:\/\/www.libraria-occitana.org\/en\/wp-json\/wp\/v2\/media\/17530"}],"wp:attachment":[{"href":"https:\/\/www.libraria-occitana.org\/en\/wp-json\/wp\/v2\/media?parent=24254"}],"wp:term":[{"taxonomy":"product_brand","embeddable":true,"href":"https:\/\/www.libraria-occitana.org\/en\/wp-json\/wp\/v2\/product_brand?post=24254"},{"taxonomy":"product_cat","embeddable":true,"href":"https:\/\/www.libraria-occitana.org\/en\/wp-json\/wp\/v2\/product_cat?post=24254"},{"taxonomy":"product_tag","embeddable":true,"href":"https:\/\/www.libraria-occitana.org\/en\/wp-json\/wp\/v2\/product_tag?post=24254"}],"curies":[{"name":"wp","href":"https:\/\/api.w.org\/{rel}","templated":true}]}}