{"id":24256,"date":"2015-11-01T09:47:54","date_gmt":"2015-11-01T08:47:54","guid":{"rendered":"http:\/\/www.libraria-occitana.org\/all-products\/las-domaiselas-lome-que-eri-ieu?lang=en"},"modified":"2026-04-02T22:01:42","modified_gmt":"2026-04-02T20:01:42","slug":"las-domaiselas-lome-que-eri-ieu","status":"publish","type":"product","link":"https:\/\/www.libraria-occitana.org\/en\/product\/las-domaiselas-lome-que-eri-ieu\/","title":{"rendered":"Las domais\u00e8las &#8211; L&#8217;\u00f2me que \u00e8ri ieu"},"content":{"rendered":"<p>Espinergue, petite principaut\u00e9 toute enti\u00e8re organis\u00e9e pour le tourisme, est l\u2019arri\u00e8re-plan que pose Bodon dans son dernier roman, <em>Las domais\u00e8las<\/em>, un conte fantastique inachev\u00e9, satirique et amer : \u00ab Amis touristes, visitez le parc national de l\u2019Espinergue !\u00bb. La mort le faucha sur une phrase commenc\u00e9e le 30 avril 1975.<br \/>\nInachev\u00e9 \u00e9galement, mais pour des raisons tr\u00e8s diff\u00e9rentes, <em>L\u2019\u00f2me que \u00e8ri ieu<\/em> est un roman sur le th\u00e8me de la f\u00e9minisation. \u00c9crit en 1960, il a \u00e9t\u00e9 abandonn\u00e9 par son auteur qui nous en laissa un manuscrit incomplet de 42 pages.<\/p>\n<p><strong>Jean Boudou<\/strong>\u00a0(Joan Bodon en occitan)(Crespin, 11\/12\/1920 &#8211; Alg\u00e9rie, 24\/02\/1975), est un des grands \u00e9crivains du monde moderne. Marqu\u00e9 par l\u2018imaginaire du conte, il aborde dans son \u0153uvre des th\u00e8mes universels ou bibliques pour parler de son intimit\u00e9 avec la langue occitane qu\u2019il voit d\u00e9cliner.<\/p>\n","protected":false},"excerpt":{"rendered":"<p>Espinergue, petite principaut\u00e9 toute enti\u00e8re organis\u00e9e pour le tourisme, est l\u2019arri\u00e8re-plan que pose Bodon dans son dernier roman, Las domais\u00e8las, un conte fantastique inachev\u00e9, satirique et amer : \u00ab Amis touristes, visitez le parc national de l\u2019Espinergue !\u00bb. La mort le faucha sur une phrase commenc\u00e9e le 30 avril 1975. Inachev\u00e9 \u00e9galement, mais pour des [&hellip;]<\/p>\n","protected":false},"featured_media":17487,"template":"","meta":{"_acf_changed":false,"_genesis_hide_title":false,"_genesis_hide_breadcrumbs":false,"_genesis_hide_singular_image":false,"_genesis_hide_footer_widgets":false,"_genesis_custom_body_class":"","_genesis_custom_post_class":"","_genesis_layout":""},"product_brand":[],"product_cat":[7132,7174,7182],"product_tag":[],"class_list":{"0":"post-24256","1":"product","2":"type-product","3":"status-publish","4":"has-post-thumbnail","6":"product_cat-books","7":"product_cat-literature-en","8":"product_cat-novels-short-stories-en","9":"pa_auteur-bodon-joan-en","10":"pa_editeur-ieo-fr-en","11":"pa_langue-occitan-en","12":"pa_langue-occitan-lengadocian-en","13":"entry","15":"first","16":"instock","17":"shipping-taxable","18":"purchasable","19":"product-type-simple"},"acf":[],"_links":{"self":[{"href":"https:\/\/www.libraria-occitana.org\/en\/wp-json\/wp\/v2\/product\/24256","targetHints":{"allow":["GET"]}}],"collection":[{"href":"https:\/\/www.libraria-occitana.org\/en\/wp-json\/wp\/v2\/product"}],"about":[{"href":"https:\/\/www.libraria-occitana.org\/en\/wp-json\/wp\/v2\/types\/product"}],"wp:featuredmedia":[{"embeddable":true,"href":"https:\/\/www.libraria-occitana.org\/en\/wp-json\/wp\/v2\/media\/17487"}],"wp:attachment":[{"href":"https:\/\/www.libraria-occitana.org\/en\/wp-json\/wp\/v2\/media?parent=24256"}],"wp:term":[{"taxonomy":"product_brand","embeddable":true,"href":"https:\/\/www.libraria-occitana.org\/en\/wp-json\/wp\/v2\/product_brand?post=24256"},{"taxonomy":"product_cat","embeddable":true,"href":"https:\/\/www.libraria-occitana.org\/en\/wp-json\/wp\/v2\/product_cat?post=24256"},{"taxonomy":"product_tag","embeddable":true,"href":"https:\/\/www.libraria-occitana.org\/en\/wp-json\/wp\/v2\/product_tag?post=24256"}],"curies":[{"name":"wp","href":"https:\/\/api.w.org\/{rel}","templated":true}]}}