{"id":24260,"date":"2015-10-30T19:18:46","date_gmt":"2015-10-30T18:18:46","guid":{"rendered":"http:\/\/www.libraria-occitana.org\/all-products\/cest-par-les-femmes-la-terre-la-mere-les-filles-en-limousin-a-travers-les-temps?lang=en"},"modified":"2026-04-26T00:47:06","modified_gmt":"2026-04-25T22:47:06","slug":"cest-par-les-femmes-la-terre-la-mere-les-filles-en-limousin-a-travers-les-temps","status":"publish","type":"product","link":"https:\/\/www.libraria-occitana.org\/en\/product\/cest-par-les-femmes-la-terre-la-mere-les-filles-en-limousin-a-travers-les-temps\/","title":{"rendered":"C&#8217;est par les femmes&#8230; : La terre, la m\u00e8re, les filles en Limousin \u00e0 travers les temps"},"content":{"rendered":"<p>\u00ab C\u2019est toujours par la femme\u2026 que la mis\u00e8re vient ! \u00bb,<br \/>\ndit-on ici. Pourtant, connaissez-vous un pays o\u00f9 il n\u2019est pas exclu que la fille a\u00een\u00e9e h\u00e9rite de la terre plut\u00f4t que le fils, que les femmes labourent et cultivent tandis que les hommes partent aux beaux jours, que l\u2019amoureux serve sa dame comme une souveraine, qu\u2019une fille ose tenir t\u00eate aux hommes de l\u2019\u00c9glise qui la voudraient modeste et repentante ?<\/p>\n<p>Ce pays, c\u2019est le Limousin, le pays de la <em>fin\u2019amor<\/em>, celui des femmes suzeraines et des \u00ab fonci\u00e8res \u00bb ; c\u2019est celui des <em>femnas sajas<\/em>, ces \u00ab femmes sages \u00bb qu\u2019on allait chercher pour accompagner les naissances et les morts, celles qui connaissaient les gestes et les mots pour se mettre en harmonie avec les forces de l\u2019univers. \u00ab Riches d\u2019un savoir sans lettres \u00bb, transmis de m\u00e8re en fille, elles ont toujours fait peur au Dieu des hommes, quel qu\u2019il soit. Et pour ce qui est des hommes, leurs dictons la chargent de tous les maux.<\/p>\n<p>Marie-France Houdart est donc partie \u00e0 la recherche des plus anciennes traces de la vie des femmes de cette r\u00e9gion. Dans ce pays pauvre et \u00e9cart\u00e9, cette vie a toujours \u00e9t\u00e9 des plus dures. Mais la mis\u00e8re fut peut-\u00eatre leur chance. Qu\u2019il n\u2019ait pas attir\u00e9 les convoitises, que le Dieu des chr\u00e9tiens n\u2019y soit arriv\u00e9 que tr\u00e8s tard, que le pouvoir conqu\u00e9rant du nord l\u2019ait vid\u00e9 de tous ses hommes, a peut-\u00eatre permis aux femmes d\u2019y prendre toute leur place. Loin d\u2019y rester \u00ab soumises \u00bb, comme on le croit, l\u2019occasion leur \u00e9tait laiss\u00e9e de conqu\u00e9rir leur ind\u00e9pendance et de d\u00e9fendre la libert\u00e9.<\/p>\n<p>Ne serait-ce pas un exemple, en ces temps troubl\u00e9s de luttes politiques sur fond de religion ? La libert\u00e9 des femmes y est plus que jamais essentielle. Si elles abdiquaient, ce pourrait \u00eatre le signe de l\u2019asservissement de toute la soci\u00e9t\u00e9.<\/p>\n<p><strong>\u00ab C\u2019est toujours par les femmes\u2026 que vient, que tient la libert\u00e9 ! \u00bb<\/strong><\/p>\n","protected":false},"excerpt":{"rendered":"<p>\u00ab C\u2019est toujours par la femme\u2026 que la mis\u00e8re vient ! \u00bb, dit-on ici. Pourtant, connaissez-vous un pays o\u00f9 il n\u2019est pas exclu que la fille a\u00een\u00e9e h\u00e9rite de la terre plut\u00f4t que le fils, que les femmes labourent et cultivent tandis que les hommes partent aux beaux jours, que l\u2019amoureux serve sa dame comme [&hellip;]<\/p>\n","protected":false},"featured_media":24261,"template":"","meta":{"_acf_changed":false,"_genesis_hide_title":false,"_genesis_hide_breadcrumbs":false,"_genesis_hide_singular_image":false,"_genesis_hide_footer_widgets":false,"_genesis_custom_body_class":"","_genesis_custom_post_class":"","_genesis_layout":""},"product_brand":[],"product_cat":[7132,7156,7148],"product_tag":[],"class_list":{"0":"post-24260","1":"product","2":"type-product","3":"status-publish","4":"has-post-thumbnail","6":"product_cat-books","7":"product_cat-general-history-en","8":"product_cat-history-geography-en","9":"pa_auteur-houdart-marie-france-en","10":"pa_editeur-maiade-en","11":"pa_langue-francais-en","12":"entry","14":"first","15":"instock","16":"shipping-taxable","17":"purchasable","18":"product-type-simple"},"acf":[],"_links":{"self":[{"href":"https:\/\/www.libraria-occitana.org\/en\/wp-json\/wp\/v2\/product\/24260","targetHints":{"allow":["GET"]}}],"collection":[{"href":"https:\/\/www.libraria-occitana.org\/en\/wp-json\/wp\/v2\/product"}],"about":[{"href":"https:\/\/www.libraria-occitana.org\/en\/wp-json\/wp\/v2\/types\/product"}],"wp:featuredmedia":[{"embeddable":true,"href":"https:\/\/www.libraria-occitana.org\/en\/wp-json\/wp\/v2\/media\/24261"}],"wp:attachment":[{"href":"https:\/\/www.libraria-occitana.org\/en\/wp-json\/wp\/v2\/media?parent=24260"}],"wp:term":[{"taxonomy":"product_brand","embeddable":true,"href":"https:\/\/www.libraria-occitana.org\/en\/wp-json\/wp\/v2\/product_brand?post=24260"},{"taxonomy":"product_cat","embeddable":true,"href":"https:\/\/www.libraria-occitana.org\/en\/wp-json\/wp\/v2\/product_cat?post=24260"},{"taxonomy":"product_tag","embeddable":true,"href":"https:\/\/www.libraria-occitana.org\/en\/wp-json\/wp\/v2\/product_tag?post=24260"}],"curies":[{"name":"wp","href":"https:\/\/api.w.org\/{rel}","templated":true}]}}