{"id":24264,"date":"2015-10-01T20:44:35","date_gmt":"2015-10-01T18:44:35","guid":{"rendered":"http:\/\/www.libraria-occitana.org\/all-products\/memoires-le-jeu-de-patience?lang=en"},"modified":"2026-04-18T23:56:50","modified_gmt":"2026-04-18T21:56:50","slug":"memoires-le-jeu-de-patience","status":"publish","type":"product","link":"https:\/\/www.libraria-occitana.org\/en\/product\/memoires-le-jeu-de-patience\/","title":{"rendered":"M\u00e9moires : Le jeu de patience"},"content":{"rendered":"<p>Le premier volume des m\u00e9moires de Marcelle Delpastre, le seul \u00e9crit d&#8217;abord en occitan, <a title=\"Las vias priondas de la mem\u00f2ria\" href=\"http:\/\/www.libraria-occitana.org\/all-products\/las-vias-priondas-de-la-memoria\"><em>Las vias priondas de la mem\u00f2ria<\/em><\/a> &#8211; <a title=\"Les chemins creux : Une enfance limousine\" href=\"http:\/\/www.libraria-occitana.org\/all-products\/les-chemins-creux-une-enfance-limousine\"><em>Les chemins creux<\/em><\/a>, c&#8217;\u00e9taient les ann\u00e9es d&#8217;enfance ; le deuxi\u00e8me, <a title=\"Derri\u00e8re les murs : Les ann\u00e9es de pension\" href=\"http:\/\/www.libraria-occitana.org\/all-products\/derriere-les-murs-les-annees-de-pension\"><em>Derri\u00e8re les murs<\/em><\/a>, les ann\u00e9es d&#8217;\u00e9tude ; le troisi\u00e8me, <a title=\"Le temps des noces\" href=\"http:\/\/www.libraria-occitana.org\/all-products\/le-temps-des-noces\"><em>Le temps des noces<\/em><\/a>, les noces&#8230; des autres, nous menait jusqu&#8217;en 1960, \u00e0 la maturit\u00e9 des 35 ans.<\/p>\n<p>Le quatri\u00e8me, celui-ci, <em>Le jeu de patience<\/em> (\u00ab\u00a0Le jeu de patience, le lent travail de la m\u00e9moire \u00bb), couvre les ann\u00e9es 1960.<br \/>\nAnn\u00e9es cruciales pour l&#8217;auteur. Elle y d\u00e9couvre que son patois est une langue, qu&#8217;\u00eatre paysan c&#8217;est participer d&#8217;une culture essentielle, mieux d&#8217;une civilisation. Ces ann\u00e9es-l\u00e0, elle va devenir po\u00e8te de sa langue, ethnologue de sa civilisation.<br \/>\nCes ann\u00e9es-l\u00e0, en m\u00eame temps que le village, la maison va se vider de toute une g\u00e9n\u00e9ration : le grand-p\u00e8re, puis sa s\u0153ur la marraine, puis la grand-m\u00e8re. Entre des parents vieillissants, Marcelle va \u00eatre propuls\u00e9e \u00e0 la t\u00eate de la ferme familiale. Arriveront, ces ann\u00e9es-l\u00e0, le fil de fer barbel\u00e9, le tracteur &#8211; le fameux Pony -, l&#8217;automobile &#8211; la Dauphine.<br \/>\n<em>Le jeu de patience<\/em> (on dirait aujourd&#8217;hui puzzle), paru chez Payot quelques jours apr\u00e8s la mort de Marcelle Delpastre, fut en fait tr\u00e8s peu diffus\u00e9 et \u00e9tait depuis longtemps introuvable.<\/p>\n","protected":false},"excerpt":{"rendered":"<p>Le premier volume des m\u00e9moires de Marcelle Delpastre, le seul \u00e9crit d&#8217;abord en occitan, Las vias priondas de la mem\u00f2ria &#8211; Les chemins creux, c&#8217;\u00e9taient les ann\u00e9es d&#8217;enfance ; le deuxi\u00e8me, Derri\u00e8re les murs, les ann\u00e9es d&#8217;\u00e9tude ; le troisi\u00e8me, Le temps des noces, les noces&#8230; des autres, nous menait jusqu&#8217;en 1960, \u00e0 la maturit\u00e9 [&hellip;]<\/p>\n","protected":false},"featured_media":24265,"template":"","meta":{"_acf_changed":false,"_genesis_hide_title":false,"_genesis_hide_breadcrumbs":false,"_genesis_hide_singular_image":false,"_genesis_hide_footer_widgets":false,"_genesis_custom_body_class":"","_genesis_custom_post_class":"","_genesis_layout":""},"product_brand":[],"product_cat":[7132,7174,7186],"product_tag":[],"class_list":{"0":"post-24264","1":"product","2":"type-product","3":"status-publish","4":"has-post-thumbnail","6":"product_cat-books","7":"product_cat-literature-en","8":"product_cat-personal-narratives-memoirs-en","9":"pa_auteur-delpastre-marcela-en","10":"pa_editeur-lo-chamin-de-sent-jaume-en","11":"pa_langue-francais-en","12":"entry","14":"first","15":"instock","16":"shipping-taxable","17":"purchasable","18":"product-type-simple"},"acf":[],"_links":{"self":[{"href":"https:\/\/www.libraria-occitana.org\/en\/wp-json\/wp\/v2\/product\/24264","targetHints":{"allow":["GET"]}}],"collection":[{"href":"https:\/\/www.libraria-occitana.org\/en\/wp-json\/wp\/v2\/product"}],"about":[{"href":"https:\/\/www.libraria-occitana.org\/en\/wp-json\/wp\/v2\/types\/product"}],"wp:featuredmedia":[{"embeddable":true,"href":"https:\/\/www.libraria-occitana.org\/en\/wp-json\/wp\/v2\/media\/24265"}],"wp:attachment":[{"href":"https:\/\/www.libraria-occitana.org\/en\/wp-json\/wp\/v2\/media?parent=24264"}],"wp:term":[{"taxonomy":"product_brand","embeddable":true,"href":"https:\/\/www.libraria-occitana.org\/en\/wp-json\/wp\/v2\/product_brand?post=24264"},{"taxonomy":"product_cat","embeddable":true,"href":"https:\/\/www.libraria-occitana.org\/en\/wp-json\/wp\/v2\/product_cat?post=24264"},{"taxonomy":"product_tag","embeddable":true,"href":"https:\/\/www.libraria-occitana.org\/en\/wp-json\/wp\/v2\/product_tag?post=24264"}],"curies":[{"name":"wp","href":"https:\/\/api.w.org\/{rel}","templated":true}]}}